{"id":4851,"date":"2025-02-10T09:54:34","date_gmt":"2025-02-10T09:54:34","guid":{"rendered":"https:\/\/prosolia.com\/?page_id=4851"},"modified":"2026-03-02T19:06:28","modified_gmt":"2026-03-02T19:06:28","slug":"datenschutzbestimmungen","status":"publish","type":"page","link":"https:\/\/prosolia.com\/de\/datenschutzbestimmungen\/","title":{"rendered":"Datenschutzbestimmungen"},"content":{"rendered":"\n<div class=\"wp-block-cover\" style=\"min-height:100vh;aspect-ratio:unset;\"><img loading=\"lazy\" decoding=\"async\" width=\"1200\" height=\"1200\" class=\"wp-block-cover__image-background wp-image-5932 size-full\" alt=\"\" src=\"https:\/\/prosolia.com\/app\/uploads\/2025\/12\/PV-Plant-3.png\" data-object-fit=\"cover\" srcset=\"https:\/\/prosolia.com\/app\/uploads\/2025\/12\/PV-Plant-3.png 1200w, https:\/\/prosolia.com\/app\/uploads\/2025\/12\/PV-Plant-3-300x300.png 300w, https:\/\/prosolia.com\/app\/uploads\/2025\/12\/PV-Plant-3-1024x1024.png 1024w, https:\/\/prosolia.com\/app\/uploads\/2025\/12\/PV-Plant-3-150x150.png 150w, https:\/\/prosolia.com\/app\/uploads\/2025\/12\/PV-Plant-3-768x768.png 768w, https:\/\/prosolia.com\/app\/uploads\/2025\/12\/PV-Plant-3-1080x1080.png 1080w, https:\/\/prosolia.com\/app\/uploads\/2025\/12\/PV-Plant-3-360x360.png 360w, https:\/\/prosolia.com\/app\/uploads\/2025\/12\/PV-Plant-3-648x648.png 648w, https:\/\/prosolia.com\/app\/uploads\/2025\/12\/PV-Plant-3-340x340.png 340w, https:\/\/prosolia.com\/app\/uploads\/2025\/12\/PV-Plant-3-610x610.png 610w\" sizes=\"auto, (max-width: 1200px) 100vw, 1200px\" \/><span aria-hidden=\"true\" class=\"wp-block-cover__background has-secondary-background-color has-background-dim-30 has-background-dim\"><\/span><div class=\"wp-block-cover__inner-container is-layout-constrained wp-block-cover-is-layout-constrained\">\n<div class=\"wp-block-group is-layout-constrained wp-container-core-group-is-layout-a31aa551 wp-block-group-is-layout-constrained\">\n<h2 class=\"wp-block-heading has-text-align-center has-accent-500-color has-text-color has-link-color has-heading-md-font-size wp-elements-53b7aba47793e81edb68b1526e6e1fa0\" style=\"text-transform:uppercase\">RECHTLICHES<\/h2>\n\n\n\n<h1 class=\"wp-block-heading has-text-align-center has-primary-color has-text-color has-link-color has-heading-3-xl-font-size wp-elements-8f6ae3aefcfa40dff4c72d6f13462f8f\"><a href=\"https:\/\/prosolia.com\/de\/datenschutzbestimmungen\/\">Datenschutzbestimmungen<\/a><\/h1>\n<\/div>\n\n\n\n<div class=\"wp-block-group flex items-center is-layout-constrained wp-block-group-is-layout-constrained\"><a href=\"#intro\" class=\"anchor-hero-arrow-block inline-flex items-center justify-center\" >\n            <img decoding=\"async\" src=\"https:\/\/prosolia.com\/app\/uploads\/2025\/11\/ico-scroll-down-arrow.svg\" class=\"anchor-icon\" alt=\"\" \/>    <\/a>\n<\/div>\n<\/div><\/div>\n\n\n\n<div id=\"intro\" class=\"wp-block-group is-layout-constrained wp-container-core-group-is-layout-59cc4761 wp-block-group-is-layout-constrained\" style=\"padding-top:var(--wp--preset--spacing--5-xl);padding-bottom:var(--wp--preset--spacing--5-xl)\">\n<p>Zweck dieser Richtlinie ist es, die betroffenen Personen dar\u00fcber zu informieren, wie diese Organisation personenbezogene Daten \u00fcber die Website verarbeitet und welche personenbezogenen Daten betroffen sind, in \u00dcbereinstimmung mit der Verordnung (EU) 2016\/679 des Europ\u00e4ischen Parlaments und des Rates vom 27. April 2016.<\/p>\n\n\n\n<p><strong>1. IDENTIT\u00c4T UND KONTAKTDATEN DES DATENVERANTWORTLICHEN<\/strong><\/p>\n\n\n\n<p><strong>PROSOLIA INTERNACIONAL SL<\/strong>, mit Sitz in C\/ VIENTO N\u00ba 14 (03006 ALICANTE) ALICANTE, Inhaber der Steuernummer (NIF) B97961452, Telefonnummer: +34 965 296 650, E-Mail: <a>protecciondedatos@prosolia.com<\/a><\/p>\n\n\n\n<p>Sie k\u00f6nnen die Identit\u00e4t und Kontaktdaten der Unternehmen der <strong>GRUPO PROSOLIA ENERGY<\/strong>, die als gemeinsame Datenverantwortliche auftreten, einsehen und Informationen anfordern, indem Sie eine E-Mail an die oben angegebene Adresse senden.<\/p>\n\n\n\n<p><strong>2. ZWECK DER VERARBEITUNG IHRER PERSONENBEZOGENEN DATEN<\/strong><\/p>\n\n\n\n<p><strong>BENUTZER\/BESUCHER DER WEBSITE DES DATENVERANTWORTLICHEN<\/strong><\/p>\n\n\n\n<p>Wir verarbeiten die von Ihnen in unseren Webformularen eingegebenen personenbezogenen Daten, um:<\/p>\n\n\n\n<ul class=\"wp-block-list\">\n<li>Auf Anfragen, Beschwerden und Vorf\u00e4lle zu reagieren, die \u00fcber unsere auf der Website angegebenen Kontaktkan\u00e4le eingereicht werden.<\/li>\n\n\n\n<li>Das Verhalten der Personen beim Besuch der Website zu verstehen, um m\u00f6gliche Computerangriffe auf unsere Website zu erkennen.<\/li>\n\n\n\n<li>Den geltenden gesetzlichen Verpflichtungen nachzukommen.<\/li>\n\n\n\n<li>Unsere Rechte zu sch\u00fctzen und geltend zu machen oder auf Anspr\u00fcche jeglicher Art zu reagieren.<\/li>\n\n\n\n<li>Gegebenenfalls Marketingnachrichten \u00fcber Waren oder Dienstleistungen, die zu unserer T\u00e4tigkeit geh\u00f6ren, sowie Neuigkeiten oder Newsletter aus unserem Sektor zu senden. Wenn Sie dies nicht autorisieren, k\u00f6nnen wir Ihnen diese Informationen nicht zusenden.<\/li>\n\n\n\n<li>Das von Ihnen angeforderte Angebot zu verwalten und zu senden.<\/li>\n\n\n\n<li>Einen gew\u00fcnschten Termin zu vereinbaren. Wenn Sie dies nicht autorisieren, k\u00f6nnen wir Ihren Termin nicht planen.<\/li>\n<\/ul>\n\n\n\n<p><strong>BEWERBER F\u00dcR STELLENANGEBOTE<\/strong><\/p>\n\n\n\n<p>Wir verarbeiten die von Ihnen in unseren Webformularen eingegebenen personenbezogenen Daten, um:<\/p>\n\n\n\n<ul class=\"wp-block-list\">\n<li>Ihre Bewerbung im Rekrutierungsprozess zu verwalten und Sie dar\u00fcber zu informieren.<\/li>\n\n\n\n<li>Das Verhalten der Person beim Besuch der Website zu verstehen, um m\u00f6gliche Computerangriffe auf unsere Website zu erkennen.<\/li>\n\n\n\n<li>Unsere Rechte zu sch\u00fctzen und geltend zu machen oder auf Anspr\u00fcche jeglicher Art zu reagieren.<\/li>\n\n\n\n<li>Ihnen Nachrichten \u00fcber neue Stellenangebote zu senden, die auf Ihre Bed\u00fcrfnisse zugeschnitten sind, sofern Sie uns bereits die Erlaubnis dazu erteilt haben.<\/li>\n\n\n\n<li>Ihre Daten an Unternehmen der Prosolia Energy-Gruppe (Prosolia Internacional S.L., Prosolia Espa\u00f1a SLU, Prosolia France SARL und Prosolia Portugal LDA) zu \u00fcbermitteln.<\/li>\n<\/ul>\n\n\n\n<p><strong>3. RECHTSGRUNDLAGE DER VERARBEITUNG<\/strong><\/p>\n\n\n\n<p><strong>BENUTZER\/BESUCHER DER WEBSITE<\/strong><\/p>\n\n\n\n<ul class=\"wp-block-list\">\n<li>Grundlage f\u00fcr die Verarbeitung Ihrer Daten ist Ihre Einwilligung, die Verarbeitung zu den angegebenen Zwecken zu gestatten. Die Verweigerung Ihrer personenbezogenen Daten macht eine Verarbeitung f\u00fcr die oben genannten Zwecke unm\u00f6glich.<\/li>\n\n\n\n<li>Zur Erf\u00fcllung gesetzlicher Verpflichtungen. In diesem Fall k\u00f6nnen Betroffene die Verarbeitung ihrer Daten nicht verweigern.<\/li>\n\n\n\n<li>In unserem berechtigten Interesse, unser Image, unser Gesch\u00e4ft und unsere Entwicklung zu sch\u00fctzen und Angriffe auf unsere Website zu verhindern. In diesem Fall k\u00f6nnen Betroffene die Verarbeitung nicht verweigern, d\u00fcrfen aber ihre Rechte gem\u00e4\u00df Abschnitt \u201eRechte\u201c dieser Richtlinie aus\u00fcben.<\/li>\n<\/ul>\n\n\n\n<p><strong>BEWERBER F\u00dcR STELLENANGEBOTE<\/strong><\/p>\n\n\n\n<ul class=\"wp-block-list\">\n<li>Grundlage f\u00fcr die Verarbeitung Ihrer Daten ist Ihre Einwilligung, die Verarbeitung zu den angegebenen Zwecken zu gestatten. Die Verweigerung Ihrer personenbezogenen Daten macht eine Verarbeitung f\u00fcr die oben genannten Zwecke unm\u00f6glich.<\/li>\n\n\n\n<li>Zur Erf\u00fcllung gesetzlicher Verpflichtungen. In diesem Fall k\u00f6nnen Betroffene die Verarbeitung ihrer Daten nicht verweigern.<\/li>\n\n\n\n<li>In unserem berechtigten Interesse, unser Image, unser Gesch\u00e4ft und unsere Entwicklung zu sch\u00fctzen und Angriffe auf unsere Website zu verhindern. In diesem Fall k\u00f6nnen Betroffene die Verarbeitung nicht verweigern, d\u00fcrfen aber ihre Rechte gem\u00e4\u00df Abschnitt \u201eRechte\u201c dieser Richtlinie aus\u00fcben.<\/li>\n<\/ul>\n\n\n\n<p><strong>4. SPEICHERUNGSDAUER DER DATEN<\/strong><\/p>\n\n\n\n<p>Die bereitgestellten personenbezogenen Daten werden so lange aufbewahrt, wie es zur Erf\u00fcllung der Zwecke, f\u00fcr die sie urspr\u00fcnglich erhoben wurden, erforderlich ist.<\/p>\n\n\n\n<p>Sobald die Daten f\u00fcr die betreffende Verarbeitung nicht mehr erforderlich sind, werden sie gesperrt und gegebenenfalls den zust\u00e4ndigen \u00f6ffentlichen Verwaltungen, Gerichten und Staatsanwaltschaften w\u00e4hrend der gesetzlichen Aufbewahrungsfristen zur Verf\u00fcgung gestellt.<\/p>\n\n\n\n<p>Wenn Sie uns Ihren Lebenslauf \u00fcbermittelt haben, bewahren wir Ihre Daten maximal ein Jahr ab Erhalt auf. Danach werden sie gel\u00f6scht, sofern Sie Ihre Daten nicht aktualisiert oder uns eine l\u00e4ngere Aufbewahrung gestattet haben. Sie k\u00f6nnen Ihre Einwilligung jederzeit widerrufen.<\/p>\n\n\n\n<p><strong>5. AUTOMATISIERTE ENTSCHEIDUNGEN UND PROFILERSTELLUNG<\/strong><\/p>\n\n\n\n<p>Die Website trifft keine automatisierten Entscheidungen und erstellt keine Profile.<\/p>\n\n\n\n<p><strong>6. EMPF\u00c4NGER<\/strong><\/p>\n\n\n\n<p>W\u00e4hrend der Verarbeitung Ihrer personenbezogenen Daten k\u00f6nnen Ihre Daten an folgende Empf\u00e4nger weitergegeben werden:<\/p>\n\n\n\n<ul class=\"wp-block-list\">\n<li>Gerichte<\/li>\n\n\n\n<li>Sicherheitskr\u00e4fte des Staates<\/li>\n\n\n\n<li>Andere zust\u00e4ndige \u00f6ffentliche Stellen, bei denen der Verantwortliche gesetzlich verpflichtet ist, personenbezogene Daten bereitzustellen<\/li>\n<\/ul>\n\n\n\n<p><strong>7. INTERNATIONALE DATEN\u00dcBERMITTLUNGEN<\/strong><\/p>\n\n\n\n<p>Die Organisation f\u00fchrt keine internationalen Daten\u00fcbermittlungen durch.<\/p>\n\n\n\n<p><strong>8. RECHTE<\/strong><\/p>\n\n\n\n<p>Betroffene Personen k\u00f6nnen jederzeit kostenlos Auskunft, Berichtigung und L\u00f6schung ihrer Daten beantragen, eine eingeschr\u00e4nkte Verarbeitung verlangen, Widerspruch einlegen, Datenportabilit\u00e4t (sofern technisch m\u00f6glich) beantragen, jede erteilte Einwilligung widerrufen und gegebenenfalls nicht ausschlie\u00dflich automatisierten Entscheidungen unterliegen.<\/p>\n\n\n\n<p>Hierf\u00fcr k\u00f6nnen die von der Organisation bereitgestellten Formulare oder die postalische bzw. E-Mail-Adresse aus Abschnitt 1 genutzt werden. Wir k\u00f6nnen einen Ausweis oder \u00e4hnliche Dokumente zur Identit\u00e4tsbest\u00e4tigung anfordern.<\/p>\n\n\n\n<p>Wenn Sie der Meinung sind, dass Ihre Datenschutzrechte verletzt wurden, k\u00f6nnen Sie Beschwerde bei der zust\u00e4ndigen Datenschutzbeh\u00f6rde <strong>Agencia Espa\u00f1ola de Protecci\u00f3n de Datos (AEPD)<\/strong> einreichen: <a href=\"http:\/\/www.aepd.es\">www.aepd.es<\/a><\/p>\n\n\n\n<p>Gem\u00e4\u00df Artikel 21 des spanischen Gesetzes 34\/2002 k\u00f6nnen Sie den Empfang von Informationen \u00fcber unsere Dienste ablehnen, indem Sie eine E-Mail an <a>protecciondedatos@prosolia.com<\/a> mit dem Betreff \u201eUNSUBSCRIBE\u201c senden.<\/p>\n\n\n\n<p><strong>9. RICHTIGKEIT DER DATEN<\/strong><\/p>\n\n\n\n<p>Die betroffene Person garantiert, dass die bereitgestellten Daten korrekt, vollst\u00e4ndig und aktuell sind, und verpflichtet sich, \u00c4nderungen \u00fcber die in Abschnitt 1 angegebenen Kan\u00e4le mitzuteilen.<\/p>\n\n\n\n<p>Benutzer, die Daten Dritter bereitstellen, erkl\u00e4ren, dies mit Zustimmung der betroffenen Personen zu tun, und verpflichten sich, diese \u00fcber die Inhalte dieser Klausel zu informieren, wodurch die Organisation von jeglicher Haftung freigestellt wird.<\/p>\n\n\n\n<p><strong>10. SOZIALE NETZWERKE<\/strong><\/p>\n\n\n\n<p>Um Ihre Teilnahme zu f\u00f6rdern und Sie auf dem Laufenden zu halten, hat <strong>PROSOLIA INTERNACIONAL SL<\/strong> Profile in sozialen Netzwerken erstellt.<\/p>\n\n\n\n<p>Alle Benutzer sind eingeladen, unseren Social-Media-Seiten oder Gruppen beizutreten. Wenn wir Ihre Daten nicht direkt von Ihnen anfordern (z.\u202fB. durch Marketingaktionen, Wettbewerbe, Werbeaktionen), geh\u00f6ren Ihre Daten dem jeweiligen sozialen Netzwerk. Wir empfehlen daher, deren Nutzungsbedingungen und Datenschutzrichtlinien zu lesen und Ihre Pr\u00e4ferenzen zur Datenverarbeitung einzustellen.<\/p>\n\n\n\n<p><strong>11. \u00c4NDERUNGEN UND AKTUALISIERUNGEN<\/strong><\/p>\n\n\n\n<p>Diese Datenschutzerkl\u00e4rung kann zur Einhaltung gesetzlicher Anforderungen oder zur Anpassung an Anweisungen der spanischen Datenschutzbeh\u00f6rde aktualisiert werden.<\/p>\n\n\n\n<p>Wir empfehlen Benutzern daher, die Datenschutzerkl\u00e4rung regelm\u00e4\u00dfig erneut zu lesen.<\/p>\n\n\n\n<p>Bei Fragen k\u00f6nnen Sie <strong>PROSOLIA INTERNACIONAL SL<\/strong> \u00fcber die bereitgestellten Formulare oder per Brief\/E-Mail kontaktieren.<\/p>\n<\/div>\n","protected":false},"excerpt":{"rendered":"<p>Zweck dieser Richtlinie ist es, die betroffenen Personen dar\u00fcber zu informieren, wie diese Organisation personenbezogene Daten \u00fcber die Website verarbeitet&#8230;<\/p>\n","protected":false},"author":1,"featured_media":0,"parent":0,"menu_order":98,"comment_status":"closed","ping_status":"closed","template":"","meta":{"_acf_changed":false,"footnotes":""},"class_list":["post-4851","page","type-page","status-publish","hentry"],"acf":[],"yoast_head":"<!-- This site is optimized with the Yoast SEO plugin v27.1.1 - https:\/\/yoast.com\/product\/yoast-seo-wordpress\/ -->\n<title>Datenschutzbestimmungen - Prosolia Energy<\/title>\n<meta name=\"robots\" content=\"noindex, nofollow\" \/>\n<meta property=\"og:locale\" content=\"de_DE\" \/>\n<meta property=\"og:type\" content=\"article\" \/>\n<meta property=\"og:title\" content=\"Datenschutzbestimmungen - Prosolia Energy\" \/>\n<meta property=\"og:description\" content=\"Zweck dieser Richtlinie ist es, die betroffenen Personen dar\u00fcber zu informieren, wie diese Organisation personenbezogene Daten \u00fcber die Website verarbeitet...\" \/>\n<meta property=\"og:url\" content=\"https:\/\/prosolia.com\/de\/datenschutzbestimmungen\/\" \/>\n<meta property=\"og:site_name\" content=\"Prosolia Energy\" \/>\n<meta property=\"article:modified_time\" content=\"2026-03-02T19:06:28+00:00\" \/>\n<meta property=\"og:image\" content=\"https:\/\/prosolia.com\/app\/uploads\/2025\/12\/PV-Plant-3.png\" \/>\n\t<meta property=\"og:image:width\" content=\"1200\" \/>\n\t<meta property=\"og:image:height\" content=\"1200\" \/>\n\t<meta property=\"og:image:type\" content=\"image\/png\" \/>\n<meta name=\"twitter:card\" content=\"summary_large_image\" \/>\n<meta name=\"twitter:site\" content=\"@prosoliae\" \/>\n<meta name=\"twitter:label1\" content=\"Est. reading time\" \/>\n\t<meta name=\"twitter:data1\" content=\"5 minutes\" \/>\n<script type=\"application\/ld+json\" class=\"yoast-schema-graph\">{\"@context\":\"https:\/\/schema.org\",\"@graph\":[{\"@type\":\"WebPage\",\"@id\":\"https:\/\/prosolia.com\/de\/datenschutzbestimmungen\/\",\"url\":\"https:\/\/prosolia.com\/de\/datenschutzbestimmungen\/\",\"name\":\"Datenschutzbestimmungen - Prosolia Energy\",\"isPartOf\":{\"@id\":\"http:\/\/prosolia.com\/de\/#website\"},\"primaryImageOfPage\":{\"@id\":\"https:\/\/prosolia.com\/de\/datenschutzbestimmungen\/#primaryimage\"},\"image\":{\"@id\":\"https:\/\/prosolia.com\/de\/datenschutzbestimmungen\/#primaryimage\"},\"thumbnailUrl\":\"https:\/\/prosolia.com\/app\/uploads\/2025\/12\/PV-Plant-3.png\",\"datePublished\":\"2025-02-10T09:54:34+00:00\",\"dateModified\":\"2026-03-02T19:06:28+00:00\",\"breadcrumb\":{\"@id\":\"https:\/\/prosolia.com\/de\/datenschutzbestimmungen\/#breadcrumb\"},\"inLanguage\":\"de-DE\",\"potentialAction\":[{\"@type\":\"ReadAction\",\"target\":[\"https:\/\/prosolia.com\/de\/datenschutzbestimmungen\/\"]}]},{\"@type\":\"ImageObject\",\"inLanguage\":\"de-DE\",\"@id\":\"https:\/\/prosolia.com\/de\/datenschutzbestimmungen\/#primaryimage\",\"url\":\"https:\/\/prosolia.com\/app\/uploads\/2025\/12\/PV-Plant-3.png\",\"contentUrl\":\"https:\/\/prosolia.com\/app\/uploads\/2025\/12\/PV-Plant-3.png\"},{\"@type\":\"BreadcrumbList\",\"@id\":\"https:\/\/prosolia.com\/de\/datenschutzbestimmungen\/#breadcrumb\",\"itemListElement\":[{\"@type\":\"ListItem\",\"position\":1,\"name\":\"Home\",\"item\":\"https:\/\/prosolia.com\/de\/\"},{\"@type\":\"ListItem\",\"position\":2,\"name\":\"Datenschutzbestimmungen\"}]},{\"@type\":\"WebSite\",\"@id\":\"http:\/\/prosolia.com\/de\/#website\",\"url\":\"http:\/\/prosolia.com\/de\/\",\"name\":\"Prosolia Energy\",\"description\":\"Prosolia Energy ist ein f\u00fchrendes Unternehmen im Bereich erneuerbare Energien, das sich auf dekarbonisierte L\u00f6sungen spezialisiert hat, darunter Photovoltaik-, Wind- und Energiespeicherprojekte.\",\"publisher\":{\"@id\":\"http:\/\/prosolia.com\/de\/#organization\"},\"potentialAction\":[{\"@type\":\"SearchAction\",\"target\":{\"@type\":\"EntryPoint\",\"urlTemplate\":\"http:\/\/prosolia.com\/de\/?s={search_term_string}\"},\"query-input\":{\"@type\":\"PropertyValueSpecification\",\"valueRequired\":true,\"valueName\":\"search_term_string\"}}],\"inLanguage\":\"de-DE\"},{\"@type\":\"Organization\",\"@id\":\"http:\/\/prosolia.com\/de\/#organization\",\"name\":\"Prosolia Energy\",\"url\":\"http:\/\/prosolia.com\/de\/\",\"logo\":{\"@type\":\"ImageObject\",\"inLanguage\":\"de-DE\",\"@id\":\"http:\/\/prosolia.com\/de\/#\/schema\/logo\/image\/\",\"url\":\"https:\/\/prosolia.com\/app\/uploads\/2026\/03\/brand-logo-primary.png\",\"contentUrl\":\"https:\/\/prosolia.com\/app\/uploads\/2026\/03\/brand-logo-primary.png\",\"width\":600,\"height\":600,\"caption\":\"Prosolia Energy\"},\"image\":{\"@id\":\"http:\/\/prosolia.com\/de\/#\/schema\/logo\/image\/\"},\"sameAs\":[\"https:\/\/x.com\/prosoliae\",\"https:\/\/www.instagram.com\/prosolia_energy\/\",\"https:\/\/es.linkedin.com\/company\/prosolia-energy-group\",\"https:\/\/www.youtube.com\/channel\/UCg-iDtdvSYu0xBqkhSs6aRw\"]}]}<\/script>\n<!-- \/ Yoast SEO plugin. -->","yoast_head_json":{"title":"Datenschutzbestimmungen - Prosolia Energy","robots":{"index":"noindex","follow":"nofollow"},"og_locale":"de_DE","og_type":"article","og_title":"Datenschutzbestimmungen - Prosolia Energy","og_description":"Zweck dieser Richtlinie ist es, die betroffenen Personen dar\u00fcber zu informieren, wie diese Organisation personenbezogene Daten \u00fcber die Website verarbeitet...","og_url":"https:\/\/prosolia.com\/de\/datenschutzbestimmungen\/","og_site_name":"Prosolia Energy","article_modified_time":"2026-03-02T19:06:28+00:00","og_image":[{"width":1200,"height":1200,"url":"https:\/\/prosolia.com\/app\/uploads\/2025\/12\/PV-Plant-3.png","type":"image\/png"}],"twitter_card":"summary_large_image","twitter_site":"@prosoliae","twitter_misc":{"Est. reading time":"5 minutes"},"schema":{"@context":"https:\/\/schema.org","@graph":[{"@type":"WebPage","@id":"https:\/\/prosolia.com\/de\/datenschutzbestimmungen\/","url":"https:\/\/prosolia.com\/de\/datenschutzbestimmungen\/","name":"Datenschutzbestimmungen - Prosolia Energy","isPartOf":{"@id":"http:\/\/prosolia.com\/de\/#website"},"primaryImageOfPage":{"@id":"https:\/\/prosolia.com\/de\/datenschutzbestimmungen\/#primaryimage"},"image":{"@id":"https:\/\/prosolia.com\/de\/datenschutzbestimmungen\/#primaryimage"},"thumbnailUrl":"https:\/\/prosolia.com\/app\/uploads\/2025\/12\/PV-Plant-3.png","datePublished":"2025-02-10T09:54:34+00:00","dateModified":"2026-03-02T19:06:28+00:00","breadcrumb":{"@id":"https:\/\/prosolia.com\/de\/datenschutzbestimmungen\/#breadcrumb"},"inLanguage":"de-DE","potentialAction":[{"@type":"ReadAction","target":["https:\/\/prosolia.com\/de\/datenschutzbestimmungen\/"]}]},{"@type":"ImageObject","inLanguage":"de-DE","@id":"https:\/\/prosolia.com\/de\/datenschutzbestimmungen\/#primaryimage","url":"https:\/\/prosolia.com\/app\/uploads\/2025\/12\/PV-Plant-3.png","contentUrl":"https:\/\/prosolia.com\/app\/uploads\/2025\/12\/PV-Plant-3.png"},{"@type":"BreadcrumbList","@id":"https:\/\/prosolia.com\/de\/datenschutzbestimmungen\/#breadcrumb","itemListElement":[{"@type":"ListItem","position":1,"name":"Home","item":"https:\/\/prosolia.com\/de\/"},{"@type":"ListItem","position":2,"name":"Datenschutzbestimmungen"}]},{"@type":"WebSite","@id":"http:\/\/prosolia.com\/de\/#website","url":"http:\/\/prosolia.com\/de\/","name":"Prosolia Energy","description":"Prosolia Energy ist ein f\u00fchrendes Unternehmen im Bereich erneuerbare Energien, das sich auf dekarbonisierte L\u00f6sungen spezialisiert hat, darunter Photovoltaik-, Wind- und Energiespeicherprojekte.","publisher":{"@id":"http:\/\/prosolia.com\/de\/#organization"},"potentialAction":[{"@type":"SearchAction","target":{"@type":"EntryPoint","urlTemplate":"http:\/\/prosolia.com\/de\/?s={search_term_string}"},"query-input":{"@type":"PropertyValueSpecification","valueRequired":true,"valueName":"search_term_string"}}],"inLanguage":"de-DE"},{"@type":"Organization","@id":"http:\/\/prosolia.com\/de\/#organization","name":"Prosolia Energy","url":"http:\/\/prosolia.com\/de\/","logo":{"@type":"ImageObject","inLanguage":"de-DE","@id":"http:\/\/prosolia.com\/de\/#\/schema\/logo\/image\/","url":"https:\/\/prosolia.com\/app\/uploads\/2026\/03\/brand-logo-primary.png","contentUrl":"https:\/\/prosolia.com\/app\/uploads\/2026\/03\/brand-logo-primary.png","width":600,"height":600,"caption":"Prosolia Energy"},"image":{"@id":"http:\/\/prosolia.com\/de\/#\/schema\/logo\/image\/"},"sameAs":["https:\/\/x.com\/prosoliae","https:\/\/www.instagram.com\/prosolia_energy\/","https:\/\/es.linkedin.com\/company\/prosolia-energy-group","https:\/\/www.youtube.com\/channel\/UCg-iDtdvSYu0xBqkhSs6aRw"]}]}},"_links":{"self":[{"href":"https:\/\/prosolia.com\/de\/wp-json\/wp\/v2\/pages\/4851","targetHints":{"allow":["GET"]}}],"collection":[{"href":"https:\/\/prosolia.com\/de\/wp-json\/wp\/v2\/pages"}],"about":[{"href":"https:\/\/prosolia.com\/de\/wp-json\/wp\/v2\/types\/page"}],"author":[{"embeddable":true,"href":"https:\/\/prosolia.com\/de\/wp-json\/wp\/v2\/users\/1"}],"replies":[{"embeddable":true,"href":"https:\/\/prosolia.com\/de\/wp-json\/wp\/v2\/comments?post=4851"}],"version-history":[{"count":8,"href":"https:\/\/prosolia.com\/de\/wp-json\/wp\/v2\/pages\/4851\/revisions"}],"predecessor-version":[{"id":12404,"href":"https:\/\/prosolia.com\/de\/wp-json\/wp\/v2\/pages\/4851\/revisions\/12404"}],"wp:attachment":[{"href":"https:\/\/prosolia.com\/de\/wp-json\/wp\/v2\/media?parent=4851"}],"curies":[{"name":"wp","href":"https:\/\/api.w.org\/{rel}","templated":true}]}}