{"id":6626,"date":"2025-12-11T18:05:22","date_gmt":"2025-12-11T18:05:22","guid":{"rendered":"https:\/\/prosolia.com\/aviso-legal\/"},"modified":"2026-02-14T19:00:54","modified_gmt":"2026-02-14T19:00:54","slug":"rechtliche-hinweise","status":"publish","type":"page","link":"https:\/\/prosolia.com\/de\/rechtliche-hinweise\/","title":{"rendered":"Rechtliche Hinweise"},"content":{"rendered":"\n<div class=\"wp-block-cover\" style=\"min-height:100vh;aspect-ratio:unset;\"><img loading=\"lazy\" decoding=\"async\" width=\"1200\" height=\"1200\" class=\"wp-block-cover__image-background wp-image-5932 size-full\" alt=\"\" src=\"https:\/\/prosolia.com\/app\/uploads\/2025\/12\/PV-Plant-3.png\" data-object-fit=\"cover\" srcset=\"https:\/\/prosolia.com\/app\/uploads\/2025\/12\/PV-Plant-3.png 1200w, https:\/\/prosolia.com\/app\/uploads\/2025\/12\/PV-Plant-3-300x300.png 300w, https:\/\/prosolia.com\/app\/uploads\/2025\/12\/PV-Plant-3-1024x1024.png 1024w, https:\/\/prosolia.com\/app\/uploads\/2025\/12\/PV-Plant-3-150x150.png 150w, https:\/\/prosolia.com\/app\/uploads\/2025\/12\/PV-Plant-3-768x768.png 768w, https:\/\/prosolia.com\/app\/uploads\/2025\/12\/PV-Plant-3-1080x1080.png 1080w, https:\/\/prosolia.com\/app\/uploads\/2025\/12\/PV-Plant-3-360x360.png 360w, https:\/\/prosolia.com\/app\/uploads\/2025\/12\/PV-Plant-3-648x648.png 648w, https:\/\/prosolia.com\/app\/uploads\/2025\/12\/PV-Plant-3-340x340.png 340w, https:\/\/prosolia.com\/app\/uploads\/2025\/12\/PV-Plant-3-610x610.png 610w\" sizes=\"auto, (max-width: 1200px) 100vw, 1200px\" \/><span aria-hidden=\"true\" class=\"wp-block-cover__background has-secondary-background-color has-background-dim-30 has-background-dim\"><\/span><div class=\"wp-block-cover__inner-container is-layout-constrained wp-block-cover-is-layout-constrained\">\n<div class=\"wp-block-group is-layout-constrained wp-container-core-group-is-layout-a31aa551 wp-block-group-is-layout-constrained\">\n<h2 class=\"wp-block-heading has-text-align-center has-accent-500-color has-text-color has-link-color has-heading-md-font-size wp-elements-53b7aba47793e81edb68b1526e6e1fa0\" style=\"text-transform:uppercase\">RECHTLICHES<\/h2>\n\n\n\n<h1 class=\"wp-block-heading has-text-align-center has-primary-color has-text-color has-link-color has-heading-3-xl-font-size wp-elements-5e27e21fc0916735d84d4ba1f2b9de4a\"><strong>Rechtliche Hinweis<\/strong>e<\/h1>\n<\/div>\n\n\n\n<div class=\"wp-block-group flex items-center is-layout-constrained wp-block-group-is-layout-constrained\"><a href=\"#intro\" class=\"anchor-hero-arrow-block inline-flex items-center justify-center\" >\n            <img decoding=\"async\" src=\"https:\/\/prosolia.com\/app\/uploads\/2025\/11\/ico-scroll-down-arrow.svg\" class=\"anchor-icon\" alt=\"\" \/>    <\/a>\n<\/div>\n<\/div><\/div>\n\n\n\n<div id=\"intro\" class=\"wp-block-group is-layout-constrained wp-container-core-group-is-layout-59cc4761 wp-block-group-is-layout-constrained\" style=\"padding-top:var(--wp--preset--spacing--5-xl);padding-bottom:var(--wp--preset--spacing--5-xl)\">\n<p><em>In \u00dcbereinstimmung mit den Bestimmungen des Gesetzes 34\/2002 vom 11. Juli \u00fcber Dienste der Informationsgesellschaft und des elektronischen Gesch\u00e4ftsverkehrs werden folgende Informationen bereitgestellt:<\/em><\/p>\n\n\n\n<p><strong><strong>IDENTIFIZIERENDE DATEN<\/strong><\/strong><\/p>\n\n\n\n<p>Sie besuchen die Webseite <a href=\"https:\/\/prosolia.com\/es\/\">https:\/\/prosolia.com\/es\/<\/a>, die Eigentum von <strong>PROSOLIA INTERNACIONAL SL<\/strong> ist, mit Sitz in C\/ VIENTO N\u00ba 14 (03006 ALICANTE) ALICANTE, mit N.I.F. B97961452, eingetragen im Handelsregister von Alicante, Band 3919, Blatt 16, Blatt A-148395, im Folgenden <strong>DER INHABER<\/strong> genannt.<\/p>\n\n\n\n<p>Sie k\u00f6nnen den Inhaber \u00fcber folgende Wege kontaktieren:<\/p>\n\n\n\n<p>Telefon: +34 965296650<\/p>\n\n\n\n<p><strong>E-Mail-Adresse:&nbsp;<\/strong>protecciondedatos@prosolia.com<\/p>\n\n\n\n<p><strong>BENUTZER<\/strong><\/p>\n\n\n\n<p>Mit diesem Dokument informieren wir Sie \u00fcber die Bedingungen, die den Zugang und die Nutzung der Webseiten und mobilen Apps des Inhabers sowie der damit verbundenen Dienste und Inhalte regeln (im Folgenden auch als Webseite(n) oder mobile App(s) bezeichnet).<\/p>\n\n\n\n<p>Der Zugriff auf oder die Nutzung einer Webseite und\/oder App des Inhabers bedeutet, dass der Interessierte den Status eines \u201eBenutzers\u201c erwirbt, verbunden mit bestimmten Rechten und Pflichten.<\/p>\n\n\n\n<p><strong>Es liegt in Ihrer Verantwortung, die auf dieser Website enthaltenen rechtlichen Bedingungen sowie die Datenschutz-, Cookie- und gegebenenfalls Verkaufsbedingungen sorgf\u00e4ltig zu lesen. Wir empfehlen:<\/strong><\/p>\n\n\n\n<ul class=\"wp-block-list\">\n<li><strong>Diese bei jedem Zugriff oder Nutzung der Dienste und Inhalte der Seite zu \u00fcberpr\u00fcfen.<\/strong><\/li>\n\n\n\n<li><strong>Eine Kopie auszudrucken oder auf Ihrem System zu speichern.<\/strong><\/li>\n<\/ul>\n\n\n\n<p><strong><strong>NUTZUNG DES PORTALS<\/strong><\/strong><\/p>\n\n\n\n<p>Diese Website bietet Zugang zu zahlreichen Informationen, Diensten, Programmen oder Daten (im Folgenden \u201eInhalte\u201c) im Internet, die dem Inhaber oder seinen Lizenzgebern geh\u00f6ren und auf die der Benutzer zugreifen kann.<\/p>\n\n\n\n<p>Der Benutzer \u00fcbernimmt die Verantwortung f\u00fcr die Nutzung des Portals. Diese Verantwortung umfasst auch die Registrierung, die f\u00fcr den Zugang zu bestimmten Diensten oder Inhalten erforderlich sein kann. Bei dieser Registrierung ist der Benutzer f\u00fcr die Bereitstellung wahrheitsgem\u00e4\u00dfer und rechtm\u00e4\u00dfiger Informationen verantwortlich. Im Rahmen dieser Registrierung kann dem Benutzer ein Passwort bereitgestellt werden, f\u00fcr dessen vertrauliche und sorgf\u00e4ltige Nutzung er verantwortlich ist.<\/p>\n\n\n\n<p><strong>Der Benutzer verpflichtet sich, die Inhalte und Dienste<\/strong> (z.\u202fB. Chat-Dienste, Diskussionsforen oder Newsgroups), die der Inhaber \u00fcber sein Portal anbietet, angemessen zu nutzen, <strong>insbesondere jedoch nicht:<\/strong><\/p>\n\n\n\n<ul class=\"wp-block-list\">\n<li>Illegale oder unlautere Aktivit\u00e4ten durchzuf\u00fchren oder gegen die guten Sitten und die \u00f6ffentliche Ordnung zu versto\u00dfen.<\/li>\n\n\n\n<li>Inhalte oder Propaganda zu verbreiten, die rassistisch, fremdenfeindlich, pornografisch-illegal, terroristisch verherrlichend oder menschenrechtsverletzend sind.<\/li>\n\n\n\n<li>Sch\u00e4den an den physischen oder logischen Systemen des Inhabers, seiner Anbieter oder Dritter zu verursachen oder Viren oder andere sch\u00e4dliche Programme zu verbreiten.<\/li>\n\n\n\n<li>Unbefugt auf E-Mail-Konten anderer Benutzer zuzugreifen oder deren Nachrichten zu \u00e4ndern oder zu manipulieren.<\/li>\n\n\n\n<li>Die Website oder die darin enthaltenen Informationen f\u00fcr kommerzielle, politische, werbliche oder sonstige kommerzielle Zwecke, insbesondere f\u00fcr unerw\u00fcnschte E-Mails, zu verwenden.<\/li>\n<\/ul>\n\n\n\n<p>Der Inhaber beh\u00e4lt sich das Recht vor, Kommentare und Beitr\u00e4ge zu entfernen, die die W\u00fcrde des Menschen verletzen, diskriminierend, fremdenfeindlich, rassistisch, pornografisch sind, die Jugend oder Kinder gef\u00e4hrden, die \u00f6ffentliche Ordnung oder Sicherheit st\u00f6ren oder die nach Ansicht des Inhabers nicht zur Ver\u00f6ffentlichung geeignet sind. <strong>In jedem Fall haftet der Inhaber nicht f\u00fcr die Meinungen der Benutzer in Foren, Chats oder anderen Beteiligungsbereichen.<\/strong><\/p>\n\n\n\n<p><strong>DATENSCHUTZ<\/strong><\/p>\n\n\n\n<p>Alles, was die Verarbeitung Ihrer personenbezogenen Daten betrifft, ist in der Datenschutzerkl\u00e4rung enthalten.<\/p>\n\n\n\n<p><strong><strong>INHALTE, GEISTIGES UND INDUSTRIELLES EIGENTUM<\/strong><\/strong><\/p>\n\n\n\n<p>Der Inhaber ist Eigent\u00fcmer aller Rechte am geistigen und industriellen Eigentum dieser Website sowie an den darin enthaltenen Elementen (z.\u202fB. Bilder, Fotos, Ton, Audio, Video, Software oder Texte; Marken oder Logos, Farbkombinationen, Struktur und Design, Auswahl der verwendeten Materialien, Software f\u00fcr Funktion, Zugriff und Nutzung usw.), die Eigentum des Inhabers oder seiner Lizenzgeber sind.<\/p>\n\n\n\n<p>Alle Rechte vorbehalten. Gem\u00e4\u00df den Artikeln 8 und 32.1, zweiter Absatz, <strong>des Urheberrechtsgesetzes sind die Vervielf\u00e4ltigung, Verbreitung und \u00f6ffentliche Zug\u00e4nglichmachung, einschlie\u00dflich der Bereitstellung, der gesamten oder teilweise Inhalte dieser Website zu kommerziellen Zwecken in jeglicher Form ohne Genehmigung des Inhabers ausdr\u00fccklich verboten.<\/strong><\/p>\n\n\n\n<p><strong>HAFTUNGSAUSSCHLUSS<\/strong><\/p>\n\n\n\n<p>Der Benutzer erkennt an, dass die Nutzung der Website und ihrer Inhalte und Dienste auf eigene Verantwortung erfolgt. Insbesondere \u00fcbernimmt der Inhaber keine Verantwortung f\u00fcr:<\/p>\n\n\n\n<ul class=\"wp-block-list\">\n<li>Die Verf\u00fcgbarkeit, Funktionalit\u00e4t, Qualit\u00e4t oder Interoperabilit\u00e4t der Website, ihrer Dienste und Inhalte.<\/li>\n\n\n\n<li>Die Eignung der Website f\u00fcr die Ziele des Benutzers.<\/li>\n\n\n\n<li>Verst\u00f6\u00dfe des Benutzers oder Dritter gegen geltendes Recht, insbesondere gegen geistige oder industrielle Eigentumsrechte Dritter.<\/li>\n\n\n\n<li>Das Vorhandensein von Schadsoftware oder anderen sch\u00e4dlichen Elementen, die Systeme des Benutzers oder Dritter beeintr\u00e4chtigen k\u00f6nnten. Der Benutzer ist verpflichtet, geeignete Sicherheitsma\u00dfnahmen zu treffen.<\/li>\n\n\n\n<li>Unbefugten Zugriff Dritter oder Manipulation von Nachrichten und Kommunikation durch Dritte.<\/li>\n\n\n\n<li>Sch\u00e4den an Computern w\u00e4hrend des Zugriffs oder Sch\u00e4den, die durch Ausf\u00e4lle oder Unterbrechungen der Telekommunikationsnetze entstehen.<\/li>\n\n\n\n<li>Sch\u00e4den durch h\u00f6here Gewalt oder unvorhergesehene Ereignisse.<\/li>\n<\/ul>\n\n\n\n<p>Wenn Foren oder \u00e4hnliche Bereiche genutzt werden, spiegeln die Beitr\u00e4ge ausschlie\u00dflich die Meinung des jeweiligen Benutzers wider, der allein daf\u00fcr verantwortlich ist. Der Inhaber \u00fcbernimmt keine Verantwortung f\u00fcr die Inhalte der Benutzerbeitr\u00e4ge.<\/p>\n\n\n\n<p><strong><strong>\u00c4NDERUNG DES RECHTLICHEN HINWEISES UND G\u00dcLTIGKEIT<\/strong><\/strong><\/p>\n\n\n\n<p>Der Inhaber beh\u00e4lt sich das Recht vor, \u00c4nderungen am Portal ohne Vorank\u00fcndigung vorzunehmen, Inhalte oder Dienste zu \u00e4ndern, zu entfernen oder hinzuzuf\u00fcgen und die Darstellung oder Platzierung auf dem Portal zu ver\u00e4ndern.<\/p>\n\n\n\n<p>Die G\u00fcltigkeit dieser Bedingungen h\u00e4ngt von ihrer Ver\u00f6ffentlichung ab und bleibt bestehen, bis sie durch andere, ordnungsgem\u00e4\u00df ver\u00f6ffentlichte Bedingungen ersetzt werden.<\/p>\n\n\n\n<p><strong><strong>VERLINKUNGEN<\/strong><\/strong><\/p>\n\n\n\n<p>Falls auf <a href=\"https:\/\/prosolia.com\/es\/\">https:\/\/prosolia.com\/es\/<\/a> Links oder Hyperlinks zu anderen Websites enthalten sind, \u00fcbernimmt der Inhaber keine Kontrolle \u00fcber deren Inhalte. In keinem Fall haftet der Inhaber f\u00fcr Inhalte externer Websites und garantiert nicht deren Verf\u00fcgbarkeit, Qualit\u00e4t, Zuverl\u00e4ssigkeit, Genauigkeit, Wahrheit, G\u00fcltigkeit oder Verfassungsm\u00e4\u00dfigkeit. Die Einbindung externer Links bedeutet auch keine Partnerschaft, Fusion oder Beteiligung mit den verbundenen Unternehmen.<\/p>\n\n\n\n<p><strong><strong>AUSSCHLUSSRECHTE<\/strong><\/strong><\/p>\n\n\n\n<p>Der Inhaber beh\u00e4lt sich das Recht vor, den Zugang zum Portal und\/oder zu den angebotenen Diensten ohne vorherige Ank\u00fcndigung, auf eigene Initiative oder auf Verlangen Dritter, f\u00fcr Benutzer zu verweigern, die gegen diesen rechtlichen Hinweis versto\u00dfen.<\/p>\n\n\n\n<p><strong>ALLGEMEINES<\/strong><\/p>\n\n\n\n<p>Der Inhaber wird Verst\u00f6\u00dfe gegen diese Bedingungen sowie jede missbr\u00e4uchliche Nutzung seines Portals verfolgen und alle rechtlichen Ma\u00dfnahmen einleiten, die ihm zustehen.<\/p>\n\n\n\n<p><strong><strong>ANWENDBARES RECHT UND GERICHTSSTAND<\/strong><\/strong><\/p>\n\n\n\n<p>Die Beziehung zwischen dem Inhaber und dem Benutzer unterliegt spanischem Recht. Alle Streitigkeiten aus diesem rechtlichen Hinweis werden vor den spanischen Gerichten f\u00fcr Verbraucher und Benutzer verhandelt.<\/p>\n\n\n\n<p><strong>MINDERJ\u00c4HRIGE<\/strong><\/p>\n\n\n\n<p>Diese Website richtet sich an Benutzer \u00fcber 18 Jahre. Minderj\u00e4hrige d\u00fcrfen unsere Dienste nicht nutzen und keine personenbezogenen Daten \u00fcbermitteln. Der Inhaber \u00fcbernimmt keine Verantwortung f\u00fcr Folgen bei Missachtung dieser Regelung.<\/p>\n\n\n\n<p><strong><strong>SICHERHEITSMASSNAHMEN \u2013 SSL<\/strong><\/strong><\/p>\n\n\n\n<p>Der Inhaber hat f\u00fcr die Website ein SSL-Zertifikat (\u201eSecure Sockets Layer\u201c) erworben.<\/p>\n\n\n\n<p>Ein SSL-Zertifikat sch\u00fctzt alle pers\u00f6nlichen und vertraulichen Daten, die auf der Website verarbeitet werden, z.\u202fB. \u00fcber Kontaktformulare, Newsletter-Abonnements oder gesch\u00fctzte Bereiche.<\/p>\n\n\n\n<p>Die Website-Adresse wird in Gr\u00fcn angezeigt, und das Protokoll \u201ehttps\u201c erm\u00f6glicht sichere Verbindungen vom Webserver zum Browser des Benutzers.<\/p>\n\n\n\n<p><em><strong>Letzte \u00dcberpr\u00fcfung: 07. September 2021<\/strong><\/em><\/p>\n<\/div>\n","protected":false},"excerpt":{"rendered":"<p>In \u00dcbereinstimmung mit den Bestimmungen des Gesetzes 34\/2002 vom 11. Juli \u00fcber Dienste der Informationsgesellschaft und des elektronischen Gesch\u00e4ftsverkehrs werden&#8230;<\/p>\n","protected":false},"author":1,"featured_media":0,"parent":0,"menu_order":100,"comment_status":"closed","ping_status":"closed","template":"","meta":{"_acf_changed":false,"footnotes":""},"class_list":["post-6626","page","type-page","status-publish","hentry"],"acf":[],"yoast_head":"<!-- This site is optimized with the Yoast SEO plugin v27.1.1 - https:\/\/yoast.com\/product\/yoast-seo-wordpress\/ -->\n<title>Rechtliche Hinweise - Prosolia Energy<\/title>\n<meta name=\"robots\" content=\"noindex, nofollow\" \/>\n<meta property=\"og:locale\" content=\"de_DE\" \/>\n<meta property=\"og:type\" content=\"article\" \/>\n<meta property=\"og:title\" content=\"Rechtliche Hinweise - Prosolia Energy\" \/>\n<meta property=\"og:description\" content=\"In \u00dcbereinstimmung mit den Bestimmungen des Gesetzes 34\/2002 vom 11. Juli \u00fcber Dienste der Informationsgesellschaft und des elektronischen Gesch\u00e4ftsverkehrs werden...\" \/>\n<meta property=\"og:url\" content=\"https:\/\/prosolia.com\/de\/rechtliche-hinweise\/\" \/>\n<meta property=\"og:site_name\" content=\"Prosolia Energy\" \/>\n<meta property=\"article:modified_time\" content=\"2026-02-14T19:00:54+00:00\" \/>\n<meta property=\"og:image\" content=\"https:\/\/prosolia.com\/app\/uploads\/2025\/12\/PV-Plant-3.png\" \/>\n\t<meta property=\"og:image:width\" content=\"1200\" \/>\n\t<meta property=\"og:image:height\" content=\"1200\" \/>\n\t<meta property=\"og:image:type\" content=\"image\/png\" \/>\n<meta name=\"twitter:card\" content=\"summary_large_image\" \/>\n<meta name=\"twitter:site\" content=\"@prosoliae\" \/>\n<meta name=\"twitter:label1\" content=\"Est. reading time\" \/>\n\t<meta name=\"twitter:data1\" content=\"5 minutes\" \/>\n<script type=\"application\/ld+json\" class=\"yoast-schema-graph\">{\"@context\":\"https:\/\/schema.org\",\"@graph\":[{\"@type\":\"WebPage\",\"@id\":\"https:\/\/prosolia.com\/de\/rechtliche-hinweise\/\",\"url\":\"https:\/\/prosolia.com\/de\/rechtliche-hinweise\/\",\"name\":\"Rechtliche Hinweise - Prosolia Energy\",\"isPartOf\":{\"@id\":\"http:\/\/prosolia.com\/de\/#website\"},\"primaryImageOfPage\":{\"@id\":\"https:\/\/prosolia.com\/de\/rechtliche-hinweise\/#primaryimage\"},\"image\":{\"@id\":\"https:\/\/prosolia.com\/de\/rechtliche-hinweise\/#primaryimage\"},\"thumbnailUrl\":\"https:\/\/prosolia.com\/app\/uploads\/2025\/12\/PV-Plant-3.png\",\"datePublished\":\"2025-12-11T18:05:22+00:00\",\"dateModified\":\"2026-02-14T19:00:54+00:00\",\"breadcrumb\":{\"@id\":\"https:\/\/prosolia.com\/de\/rechtliche-hinweise\/#breadcrumb\"},\"inLanguage\":\"de-DE\",\"potentialAction\":[{\"@type\":\"ReadAction\",\"target\":[\"https:\/\/prosolia.com\/de\/rechtliche-hinweise\/\"]}]},{\"@type\":\"ImageObject\",\"inLanguage\":\"de-DE\",\"@id\":\"https:\/\/prosolia.com\/de\/rechtliche-hinweise\/#primaryimage\",\"url\":\"https:\/\/prosolia.com\/app\/uploads\/2025\/12\/PV-Plant-3.png\",\"contentUrl\":\"https:\/\/prosolia.com\/app\/uploads\/2025\/12\/PV-Plant-3.png\"},{\"@type\":\"BreadcrumbList\",\"@id\":\"https:\/\/prosolia.com\/de\/rechtliche-hinweise\/#breadcrumb\",\"itemListElement\":[{\"@type\":\"ListItem\",\"position\":1,\"name\":\"Home\",\"item\":\"https:\/\/prosolia.com\/de\/\"},{\"@type\":\"ListItem\",\"position\":2,\"name\":\"Rechtliche Hinweise\"}]},{\"@type\":\"WebSite\",\"@id\":\"http:\/\/prosolia.com\/de\/#website\",\"url\":\"http:\/\/prosolia.com\/de\/\",\"name\":\"Prosolia Energy\",\"description\":\"Prosolia Energy ist ein f\u00fchrendes Unternehmen im Bereich erneuerbare Energien, das sich auf dekarbonisierte L\u00f6sungen spezialisiert hat, darunter Photovoltaik-, Wind- und Energiespeicherprojekte.\",\"publisher\":{\"@id\":\"http:\/\/prosolia.com\/de\/#organization\"},\"potentialAction\":[{\"@type\":\"SearchAction\",\"target\":{\"@type\":\"EntryPoint\",\"urlTemplate\":\"http:\/\/prosolia.com\/de\/?s={search_term_string}\"},\"query-input\":{\"@type\":\"PropertyValueSpecification\",\"valueRequired\":true,\"valueName\":\"search_term_string\"}}],\"inLanguage\":\"de-DE\"},{\"@type\":\"Organization\",\"@id\":\"http:\/\/prosolia.com\/de\/#organization\",\"name\":\"Prosolia Energy\",\"url\":\"http:\/\/prosolia.com\/de\/\",\"logo\":{\"@type\":\"ImageObject\",\"inLanguage\":\"de-DE\",\"@id\":\"http:\/\/prosolia.com\/de\/#\/schema\/logo\/image\/\",\"url\":\"https:\/\/prosolia.com\/app\/uploads\/2026\/03\/brand-logo-primary.png\",\"contentUrl\":\"https:\/\/prosolia.com\/app\/uploads\/2026\/03\/brand-logo-primary.png\",\"width\":600,\"height\":600,\"caption\":\"Prosolia Energy\"},\"image\":{\"@id\":\"http:\/\/prosolia.com\/de\/#\/schema\/logo\/image\/\"},\"sameAs\":[\"https:\/\/x.com\/prosoliae\",\"https:\/\/www.instagram.com\/prosolia_energy\/\",\"https:\/\/es.linkedin.com\/company\/prosolia-energy-group\",\"https:\/\/www.youtube.com\/channel\/UCg-iDtdvSYu0xBqkhSs6aRw\"]}]}<\/script>\n<!-- \/ Yoast SEO plugin. -->","yoast_head_json":{"title":"Rechtliche Hinweise - Prosolia Energy","robots":{"index":"noindex","follow":"nofollow"},"og_locale":"de_DE","og_type":"article","og_title":"Rechtliche Hinweise - Prosolia Energy","og_description":"In \u00dcbereinstimmung mit den Bestimmungen des Gesetzes 34\/2002 vom 11. Juli \u00fcber Dienste der Informationsgesellschaft und des elektronischen Gesch\u00e4ftsverkehrs werden...","og_url":"https:\/\/prosolia.com\/de\/rechtliche-hinweise\/","og_site_name":"Prosolia Energy","article_modified_time":"2026-02-14T19:00:54+00:00","og_image":[{"width":1200,"height":1200,"url":"https:\/\/prosolia.com\/app\/uploads\/2025\/12\/PV-Plant-3.png","type":"image\/png"}],"twitter_card":"summary_large_image","twitter_site":"@prosoliae","twitter_misc":{"Est. reading time":"5 minutes"},"schema":{"@context":"https:\/\/schema.org","@graph":[{"@type":"WebPage","@id":"https:\/\/prosolia.com\/de\/rechtliche-hinweise\/","url":"https:\/\/prosolia.com\/de\/rechtliche-hinweise\/","name":"Rechtliche Hinweise - Prosolia Energy","isPartOf":{"@id":"http:\/\/prosolia.com\/de\/#website"},"primaryImageOfPage":{"@id":"https:\/\/prosolia.com\/de\/rechtliche-hinweise\/#primaryimage"},"image":{"@id":"https:\/\/prosolia.com\/de\/rechtliche-hinweise\/#primaryimage"},"thumbnailUrl":"https:\/\/prosolia.com\/app\/uploads\/2025\/12\/PV-Plant-3.png","datePublished":"2025-12-11T18:05:22+00:00","dateModified":"2026-02-14T19:00:54+00:00","breadcrumb":{"@id":"https:\/\/prosolia.com\/de\/rechtliche-hinweise\/#breadcrumb"},"inLanguage":"de-DE","potentialAction":[{"@type":"ReadAction","target":["https:\/\/prosolia.com\/de\/rechtliche-hinweise\/"]}]},{"@type":"ImageObject","inLanguage":"de-DE","@id":"https:\/\/prosolia.com\/de\/rechtliche-hinweise\/#primaryimage","url":"https:\/\/prosolia.com\/app\/uploads\/2025\/12\/PV-Plant-3.png","contentUrl":"https:\/\/prosolia.com\/app\/uploads\/2025\/12\/PV-Plant-3.png"},{"@type":"BreadcrumbList","@id":"https:\/\/prosolia.com\/de\/rechtliche-hinweise\/#breadcrumb","itemListElement":[{"@type":"ListItem","position":1,"name":"Home","item":"https:\/\/prosolia.com\/de\/"},{"@type":"ListItem","position":2,"name":"Rechtliche Hinweise"}]},{"@type":"WebSite","@id":"http:\/\/prosolia.com\/de\/#website","url":"http:\/\/prosolia.com\/de\/","name":"Prosolia Energy","description":"Prosolia Energy ist ein f\u00fchrendes Unternehmen im Bereich erneuerbare Energien, das sich auf dekarbonisierte L\u00f6sungen spezialisiert hat, darunter Photovoltaik-, Wind- und Energiespeicherprojekte.","publisher":{"@id":"http:\/\/prosolia.com\/de\/#organization"},"potentialAction":[{"@type":"SearchAction","target":{"@type":"EntryPoint","urlTemplate":"http:\/\/prosolia.com\/de\/?s={search_term_string}"},"query-input":{"@type":"PropertyValueSpecification","valueRequired":true,"valueName":"search_term_string"}}],"inLanguage":"de-DE"},{"@type":"Organization","@id":"http:\/\/prosolia.com\/de\/#organization","name":"Prosolia Energy","url":"http:\/\/prosolia.com\/de\/","logo":{"@type":"ImageObject","inLanguage":"de-DE","@id":"http:\/\/prosolia.com\/de\/#\/schema\/logo\/image\/","url":"https:\/\/prosolia.com\/app\/uploads\/2026\/03\/brand-logo-primary.png","contentUrl":"https:\/\/prosolia.com\/app\/uploads\/2026\/03\/brand-logo-primary.png","width":600,"height":600,"caption":"Prosolia Energy"},"image":{"@id":"http:\/\/prosolia.com\/de\/#\/schema\/logo\/image\/"},"sameAs":["https:\/\/x.com\/prosoliae","https:\/\/www.instagram.com\/prosolia_energy\/","https:\/\/es.linkedin.com\/company\/prosolia-energy-group","https:\/\/www.youtube.com\/channel\/UCg-iDtdvSYu0xBqkhSs6aRw"]}]}},"_links":{"self":[{"href":"https:\/\/prosolia.com\/de\/wp-json\/wp\/v2\/pages\/6626","targetHints":{"allow":["GET"]}}],"collection":[{"href":"https:\/\/prosolia.com\/de\/wp-json\/wp\/v2\/pages"}],"about":[{"href":"https:\/\/prosolia.com\/de\/wp-json\/wp\/v2\/types\/page"}],"author":[{"embeddable":true,"href":"https:\/\/prosolia.com\/de\/wp-json\/wp\/v2\/users\/1"}],"replies":[{"embeddable":true,"href":"https:\/\/prosolia.com\/de\/wp-json\/wp\/v2\/comments?post=6626"}],"version-history":[{"count":6,"href":"https:\/\/prosolia.com\/de\/wp-json\/wp\/v2\/pages\/6626\/revisions"}],"predecessor-version":[{"id":12403,"href":"https:\/\/prosolia.com\/de\/wp-json\/wp\/v2\/pages\/6626\/revisions\/12403"}],"wp:attachment":[{"href":"https:\/\/prosolia.com\/de\/wp-json\/wp\/v2\/media?parent=6626"}],"curies":[{"name":"wp","href":"https:\/\/api.w.org\/{rel}","templated":true}]}}