{"id":6634,"date":"2025-12-11T18:10:45","date_gmt":"2025-12-11T18:10:45","guid":{"rendered":"https:\/\/prosolia.com\/politica-de-cookies\/"},"modified":"2026-03-02T19:00:07","modified_gmt":"2026-03-02T19:00:07","slug":"cookie-richtlinien","status":"publish","type":"page","link":"https:\/\/prosolia.com\/de\/cookie-richtlinien\/","title":{"rendered":"Cookie-Richtlinien"},"content":{"rendered":"\n<div class=\"wp-block-cover\" style=\"min-height:100vh;aspect-ratio:unset;\"><img loading=\"lazy\" decoding=\"async\" width=\"1200\" height=\"1200\" class=\"wp-block-cover__image-background wp-image-5932 size-full\" alt=\"\" src=\"https:\/\/prosolia.com\/app\/uploads\/2025\/12\/PV-Plant-3.png\" data-object-fit=\"cover\" srcset=\"https:\/\/prosolia.com\/app\/uploads\/2025\/12\/PV-Plant-3.png 1200w, https:\/\/prosolia.com\/app\/uploads\/2025\/12\/PV-Plant-3-300x300.png 300w, https:\/\/prosolia.com\/app\/uploads\/2025\/12\/PV-Plant-3-1024x1024.png 1024w, https:\/\/prosolia.com\/app\/uploads\/2025\/12\/PV-Plant-3-150x150.png 150w, https:\/\/prosolia.com\/app\/uploads\/2025\/12\/PV-Plant-3-768x768.png 768w, https:\/\/prosolia.com\/app\/uploads\/2025\/12\/PV-Plant-3-1080x1080.png 1080w, https:\/\/prosolia.com\/app\/uploads\/2025\/12\/PV-Plant-3-360x360.png 360w, https:\/\/prosolia.com\/app\/uploads\/2025\/12\/PV-Plant-3-648x648.png 648w, https:\/\/prosolia.com\/app\/uploads\/2025\/12\/PV-Plant-3-340x340.png 340w, https:\/\/prosolia.com\/app\/uploads\/2025\/12\/PV-Plant-3-610x610.png 610w\" sizes=\"auto, (max-width: 1200px) 100vw, 1200px\" \/><span aria-hidden=\"true\" class=\"wp-block-cover__background has-secondary-background-color has-background-dim-30 has-background-dim\"><\/span><div class=\"wp-block-cover__inner-container is-layout-constrained wp-block-cover-is-layout-constrained\">\n<div class=\"wp-block-group is-layout-constrained wp-container-core-group-is-layout-a31aa551 wp-block-group-is-layout-constrained\">\n<h2 class=\"wp-block-heading has-text-align-center has-accent-500-color has-text-color has-link-color has-heading-md-font-size wp-elements-53b7aba47793e81edb68b1526e6e1fa0\" style=\"text-transform:uppercase\">RECHTLICHES<\/h2>\n\n\n\n<h1 class=\"wp-block-heading has-text-align-center has-primary-color has-text-color has-link-color has-heading-3-xl-font-size wp-elements-1f9edfe239c96af122ed6a63d6121414\">Cookie-Richtlinien<\/h1>\n<\/div>\n\n\n\n<div class=\"wp-block-group flex items-center is-layout-constrained wp-block-group-is-layout-constrained\"><a href=\"#intro\" class=\"anchor-hero-arrow-block inline-flex items-center justify-center\" >\n            <img decoding=\"async\" src=\"https:\/\/prosolia.com\/app\/uploads\/2025\/11\/ico-scroll-down-arrow.svg\" class=\"anchor-icon\" alt=\"\" \/>    <\/a>\n<\/div>\n<\/div><\/div>\n\n\n\n<div id=\"intro\" class=\"wp-block-group is-layout-constrained wp-container-core-group-is-layout-59cc4761 wp-block-group-is-layout-constrained\" style=\"padding-top:var(--wp--preset--spacing--5-xl);padding-bottom:var(--wp--preset--spacing--5-xl)\">\n<p>Zweck dieser Richtlinie ist es, die betroffenen Personen \u00fcber die von dieser Website verwendeten Cookies zu informieren, in \u00dcbereinstimmung mit dem spanischen Gesetz 34\/2002 vom 11. Juli \u00fcber Dienste der Informationsgesellschaft und des elektronischen Gesch\u00e4ftsverkehrs sowie der Verordnung (EU) 2016\/679 des Europ\u00e4ischen Parlaments und des Rates vom 27. April 2016.<\/p>\n\n\n\n<p><strong>VERWENDUNG VON COOKIES \u2013 WAS SIND COOKIES?<\/strong><\/p>\n\n\n\n<p>Cookies sind Dateien, die beim Zugriff auf bestimmte Webseiten auf Ihrem Computer, Smartphone oder Tablet heruntergeladen werden. Die Verwendung von Cookies bietet zahlreiche Vorteile bei der Erbringung von Diensten der Informationsgesellschaft, da sie unter anderem:<\/p>\n\n\n\n<ul class=\"wp-block-list\">\n<li>die Navigation auf der Website erleichtern;<\/li>\n\n\n\n<li>den Zugang zu den verschiedenen Diensten der Website erleichtern;<\/li>\n\n\n\n<li>verhindern, dass der Benutzer bei jedem Besuch der Website allgemeine Voreinstellungen erneut konfigurieren muss;<\/li>\n\n\n\n<li>die Verbesserung der Funktionalit\u00e4t und der \u00fcber die Website bereitgestellten Dienste durch Analyse der Informationen aus den installierten Cookies f\u00f6rdern;<\/li>\n\n\n\n<li>es der Website erm\u00f6glichen, Informationen \u00fcber das Surfverhalten eines Benutzers oder seines Ger\u00e4ts zu speichern und abzurufen und, abh\u00e4ngig von den enthaltenen Informationen, den Benutzer wiederzuerkennen.<\/li>\n<\/ul>\n\n\n\n<p>Die meisten Browser akzeptieren Cookies standardm\u00e4\u00dfig und erm\u00f6glichen unabh\u00e4ngig davon, tempor\u00e4re oder gespeicherte Cookies \u00fcber die Sicherheitseinstellungen zu erlauben oder zu blockieren.<\/p>\n\n\n\n<p>Bitte beachten Sie, dass f\u00fcr eine optimale Nutzung der Website Cookies aktiviert sein m\u00fcssen, insbesondere technische Cookies, die erforderlich sind, um Sie bei jedem Besuch als registrierten Benutzer zu identifizieren.<\/p>\n\n\n\n<p>Wenn Sie keine Cookies erhalten m\u00f6chten, konfigurieren Sie bitte Ihren Browser so, dass Cookies gel\u00f6scht, blockiert oder die Installation entsprechend angezeigt wird.<\/p>\n\n\n\n<p><strong>WELCHE ARTEN VON COOKIES VERWENDET DIESE WEBSITE?<\/strong><\/p>\n\n\n\n<p><strong>Eigene Cookies:<\/strong><br>Diese werden vom Server oder der Domain des Website-Betreibers gesendet, von dem aus der vom Benutzer angeforderte Dienst bereitgestellt wird.<\/p>\n\n\n\n<p>Beispiel:<\/p>\n\n\n\n<figure class=\"wp-block-table\"><table class=\"has-fixed-layout\"><thead><tr><th>Name<\/th><th>Typ<\/th><th>Anbieter<\/th><th>Zweck<\/th><th>Dauer<\/th><\/tr><\/thead><tbody><tr><td>ASP.NET_SessionId<\/td><td>Sitzungs-Cookie<\/td><td>Website-Name<\/td><td>Dient dazu, Daten w\u00e4hrend des Besuchs der Website zu sammeln und zu speichern<\/td><td>Bis zum Ende der Sitzung<\/td><\/tr><\/tbody><\/table><\/figure>\n\n\n\n<p><strong>Cookies von Drittanbietern:<\/strong><br>Diese werden vom Server oder der Domain eines Dritten gesendet, nicht vom Betreiber der Website, sondern von einer anderen Entit\u00e4t, die die durch die Cookies gesammelten Daten verarbeitet.<\/p>\n\n\n\n<p>Beispiel:<\/p>\n\n\n\n<figure class=\"wp-block-table\"><table class=\"has-fixed-layout\"><thead><tr><th>Name<\/th><th>Typ<\/th><th>Anbieter<\/th><th>Zweck<\/th><th>Dauer<\/th><th>Weitere Infos<\/th><th>Opt-Out<\/th><\/tr><\/thead><tbody><tr><td>_ga, _gat, _gid<\/td><td>Analytische Cookies<\/td><td>Google<\/td><td>Analysieren das Nutzerverhalten und helfen uns, die Website zu verbessern<\/td><td>_ga: 2 Jahre; _gat: Sitzung; _gid: 1 Tag<\/td><td><a href=\"https:\/\/support.google.com\/analytics\/answer\/6004245?hl=es\">Mehr Infos<\/a><\/td><td>PROSOLIA INTERNACIONAL SL<\/td><\/tr><\/tbody><\/table><\/figure>\n\n\n\n<p><strong>Hinweis:<\/strong> PROSOLIA INTERNACIONAL SL \u00fcbernimmt keine Verantwortung f\u00fcr die Inhalte oder die Richtigkeit der Datenschutzrichtlinien und Nutzungsbedingungen Dritter, auch nicht \u00fcber verlinkte Seiten.<\/p>\n\n\n\n<p><strong>EINWILLIGUNG<\/strong><\/p>\n\n\n\n<p>Durch die Nutzung dieser Website stimmt der Benutzer der Verwendung von Cookies wie folgt zu:<\/p>\n\n\n\n<ul class=\"wp-block-list\">\n<li>Option 1: Beim Zugriff auf die Website wird ein Hinweis angezeigt, dass PROSOLIA INTERNACIONAL SL Cookies verwendet. Der Benutzer kann die Nutzung akzeptieren oder \u00fcber die Browsereinstellungen ablehnen. Durch Anklicken von \u201eAkzeptieren\u201c stimmen Sie der Nutzung unserer Cookies und ggf. Drittanbieter-Cookies zu. \u00dcber das Einstellungs-\/Datenschutz-Panel k\u00f6nnen Cookies auch nach Typ akzeptiert werden.<\/li>\n<\/ul>\n\n\n\n<p><strong>BLOCKIEREN, WIDERRUFEN ODER L\u00d6SCHEN VON COOKIES<\/strong><\/p>\n\n\n\n<p>Sie k\u00f6nnen Cookies auf Ihrem Ger\u00e4t \u00fcber die Browsereinstellungen blockieren, widerrufen oder l\u00f6schen. Anleitungen f\u00fcr die g\u00e4ngigsten Browser:<\/p>\n\n\n\n<ul class=\"wp-block-list\">\n<li><strong>Explorer:<\/strong> <a href=\"https:\/\/support.microsoft.com\/es-es\/kb\/278835\">https:\/\/support.microsoft.com\/es-es\/kb\/278835<\/a><\/li>\n\n\n\n<li><strong>Microsoft Edge:<\/strong> <a href=\"https:\/\/privacy.microsoft.com\/es-es\/windows-10-microsoft-edge-and-privacy\">https:\/\/privacy.microsoft.com\/es-es\/windows-10-microsoft-edge-and-privacy<\/a><\/li>\n\n\n\n<li><strong>Chrome:<\/strong> <a href=\"https:\/\/support.google.com\/chrome\/answer\/95647?co=GENIE.Platform%3DDesktop&amp;hl=es\">https:\/\/support.google.com\/chrome\/answer\/95647?co=GENIE.Platform%3DDesktop&amp;hl=es<\/a><\/li>\n\n\n\n<li><strong>Firefox:<\/strong> <a href=\"http:\/\/support.mozilla.org\/es\/kb\/Borrar%20cookies\">http:\/\/support.mozilla.org\/es\/kb\/Borrar%20cookies<\/a><\/li>\n\n\n\n<li><strong>Safari:<\/strong> <a href=\"http:\/\/support.apple.com\/kb\/ph5042\">http:\/\/support.apple.com\/kb\/ph5042<\/a><\/li>\n\n\n\n<li><strong>Opera:<\/strong> <a href=\"https:\/\/help.opera.com\/en\/latest\/web-preferences\/#cookies\">https:\/\/help.opera.com\/en\/latest\/web-preferences\/#cookies<\/a><\/li>\n<\/ul>\n\n\n\n<p>Bitte beachten Sie, dass das Deaktivieren bestimmter Cookies die Nutzung der Website oder die Bereitstellung der Dienste erschweren oder verhindern kann.<\/p>\n\n\n\n<p>Um zuvor akzeptierte Cookies zu widerrufen, klicken Sie auf die Schaltfl\u00e4che \u201eCookies widerrufen\u201c.<\/p>\n\n\n\n<p><strong>EMPF\u00c4NGER DER INFORMATIONEN<\/strong><\/p>\n\n\n\n<p>Zugriff auf die \u00fcber Cookies gesammelten Informationen haben die im Einstellungs-Panel angegebenen Partnerunternehmen, einschlie\u00dflich der Zwecke ihrer Nutzung und ihrer Datenschutzrichtlinien.<\/p>\n\n\n\n<p>Einige unserer Anbieter und Partnerunternehmen k\u00f6nnen Daten in Drittl\u00e4nder \u00fcbertragen. Informationen zu solchen \u00dcbermittlungen finden Sie in den jeweiligen Datenschutzrichtlinien, die \u00fcber die Links im Einstellungs-Panel zug\u00e4nglich sind.<\/p>\n\n\n\n<p><strong>\u00c4NDERUNGEN\/AKTUALISIERUNGEN<\/strong><\/p>\n\n\n\n<p>Diese Cookie-Richtlinie kann angepasst oder aktualisiert werden, um gesetzlichen Anforderungen oder den Anweisungen der spanischen Datenschutzbeh\u00f6rde zu entsprechen oder \u00c4nderungen auf unserer Website zu ber\u00fccksichtigen.<\/p>\n\n\n\n<p>Wir empfehlen Benutzern daher, die Cookie-Richtlinie regelm\u00e4\u00dfig zu \u00fcberpr\u00fcfen.<\/p>\n\n\n\n<p>Bei Fragen k\u00f6nnen Sie PROSOLIA INTERNACIONAL SL unter <a>protecciondedatos@prosolia.com<\/a> kontaktieren.<\/p>\n<\/div>\n","protected":false},"excerpt":{"rendered":"<p>Zweck dieser Richtlinie ist es, die betroffenen Personen \u00fcber die von dieser Website verwendeten Cookies zu informieren, in \u00dcbereinstimmung mit&#8230;<\/p>\n","protected":false},"author":1,"featured_media":0,"parent":0,"menu_order":99,"comment_status":"closed","ping_status":"closed","template":"","meta":{"_acf_changed":false,"footnotes":""},"class_list":["post-6634","page","type-page","status-publish","hentry"],"acf":[],"yoast_head":"<!-- This site is optimized with the Yoast SEO plugin v27.1.1 - https:\/\/yoast.com\/product\/yoast-seo-wordpress\/ -->\n<title>Cookie-Richtlinien - Prosolia Energy<\/title>\n<meta name=\"robots\" content=\"noindex, nofollow\" \/>\n<meta property=\"og:locale\" content=\"de_DE\" \/>\n<meta property=\"og:type\" content=\"article\" \/>\n<meta property=\"og:title\" content=\"Cookie-Richtlinien - Prosolia Energy\" \/>\n<meta property=\"og:description\" content=\"Zweck dieser Richtlinie ist es, die betroffenen Personen \u00fcber die von dieser Website verwendeten Cookies zu informieren, in \u00dcbereinstimmung mit...\" \/>\n<meta property=\"og:url\" content=\"https:\/\/prosolia.com\/de\/cookie-richtlinien\/\" \/>\n<meta property=\"og:site_name\" content=\"Prosolia Energy\" \/>\n<meta property=\"article:modified_time\" content=\"2026-03-02T19:00:07+00:00\" \/>\n<meta property=\"og:image\" content=\"https:\/\/prosolia.com\/app\/uploads\/2025\/12\/PV-Plant-3.png\" \/>\n\t<meta property=\"og:image:width\" content=\"1200\" \/>\n\t<meta property=\"og:image:height\" content=\"1200\" \/>\n\t<meta property=\"og:image:type\" content=\"image\/png\" \/>\n<meta name=\"twitter:card\" content=\"summary_large_image\" \/>\n<meta name=\"twitter:site\" content=\"@prosoliae\" \/>\n<meta name=\"twitter:label1\" content=\"Est. reading time\" \/>\n\t<meta name=\"twitter:data1\" content=\"3 minutes\" \/>\n<script type=\"application\/ld+json\" class=\"yoast-schema-graph\">{\"@context\":\"https:\/\/schema.org\",\"@graph\":[{\"@type\":\"WebPage\",\"@id\":\"https:\/\/prosolia.com\/de\/cookie-richtlinien\/\",\"url\":\"https:\/\/prosolia.com\/de\/cookie-richtlinien\/\",\"name\":\"Cookie-Richtlinien - Prosolia Energy\",\"isPartOf\":{\"@id\":\"http:\/\/prosolia.com\/de\/#website\"},\"primaryImageOfPage\":{\"@id\":\"https:\/\/prosolia.com\/de\/cookie-richtlinien\/#primaryimage\"},\"image\":{\"@id\":\"https:\/\/prosolia.com\/de\/cookie-richtlinien\/#primaryimage\"},\"thumbnailUrl\":\"https:\/\/prosolia.com\/app\/uploads\/2025\/12\/PV-Plant-3.png\",\"datePublished\":\"2025-12-11T18:10:45+00:00\",\"dateModified\":\"2026-03-02T19:00:07+00:00\",\"breadcrumb\":{\"@id\":\"https:\/\/prosolia.com\/de\/cookie-richtlinien\/#breadcrumb\"},\"inLanguage\":\"de-DE\",\"potentialAction\":[{\"@type\":\"ReadAction\",\"target\":[\"https:\/\/prosolia.com\/de\/cookie-richtlinien\/\"]}]},{\"@type\":\"ImageObject\",\"inLanguage\":\"de-DE\",\"@id\":\"https:\/\/prosolia.com\/de\/cookie-richtlinien\/#primaryimage\",\"url\":\"https:\/\/prosolia.com\/app\/uploads\/2025\/12\/PV-Plant-3.png\",\"contentUrl\":\"https:\/\/prosolia.com\/app\/uploads\/2025\/12\/PV-Plant-3.png\"},{\"@type\":\"BreadcrumbList\",\"@id\":\"https:\/\/prosolia.com\/de\/cookie-richtlinien\/#breadcrumb\",\"itemListElement\":[{\"@type\":\"ListItem\",\"position\":1,\"name\":\"Home\",\"item\":\"https:\/\/prosolia.com\/de\/\"},{\"@type\":\"ListItem\",\"position\":2,\"name\":\"Cookie-Richtlinien\"}]},{\"@type\":\"WebSite\",\"@id\":\"http:\/\/prosolia.com\/de\/#website\",\"url\":\"http:\/\/prosolia.com\/de\/\",\"name\":\"Prosolia Energy\",\"description\":\"Prosolia Energy ist ein f\u00fchrendes Unternehmen im Bereich erneuerbare Energien, das sich auf dekarbonisierte L\u00f6sungen spezialisiert hat, darunter Photovoltaik-, Wind- und Energiespeicherprojekte.\",\"publisher\":{\"@id\":\"http:\/\/prosolia.com\/de\/#organization\"},\"potentialAction\":[{\"@type\":\"SearchAction\",\"target\":{\"@type\":\"EntryPoint\",\"urlTemplate\":\"http:\/\/prosolia.com\/de\/?s={search_term_string}\"},\"query-input\":{\"@type\":\"PropertyValueSpecification\",\"valueRequired\":true,\"valueName\":\"search_term_string\"}}],\"inLanguage\":\"de-DE\"},{\"@type\":\"Organization\",\"@id\":\"http:\/\/prosolia.com\/de\/#organization\",\"name\":\"Prosolia Energy\",\"url\":\"http:\/\/prosolia.com\/de\/\",\"logo\":{\"@type\":\"ImageObject\",\"inLanguage\":\"de-DE\",\"@id\":\"http:\/\/prosolia.com\/de\/#\/schema\/logo\/image\/\",\"url\":\"https:\/\/prosolia.com\/app\/uploads\/2026\/03\/brand-logo-primary.png\",\"contentUrl\":\"https:\/\/prosolia.com\/app\/uploads\/2026\/03\/brand-logo-primary.png\",\"width\":600,\"height\":600,\"caption\":\"Prosolia Energy\"},\"image\":{\"@id\":\"http:\/\/prosolia.com\/de\/#\/schema\/logo\/image\/\"},\"sameAs\":[\"https:\/\/x.com\/prosoliae\",\"https:\/\/www.instagram.com\/prosolia_energy\/\",\"https:\/\/es.linkedin.com\/company\/prosolia-energy-group\",\"https:\/\/www.youtube.com\/channel\/UCg-iDtdvSYu0xBqkhSs6aRw\"]}]}<\/script>\n<!-- \/ Yoast SEO plugin. -->","yoast_head_json":{"title":"Cookie-Richtlinien - Prosolia Energy","robots":{"index":"noindex","follow":"nofollow"},"og_locale":"de_DE","og_type":"article","og_title":"Cookie-Richtlinien - Prosolia Energy","og_description":"Zweck dieser Richtlinie ist es, die betroffenen Personen \u00fcber die von dieser Website verwendeten Cookies zu informieren, in \u00dcbereinstimmung mit...","og_url":"https:\/\/prosolia.com\/de\/cookie-richtlinien\/","og_site_name":"Prosolia Energy","article_modified_time":"2026-03-02T19:00:07+00:00","og_image":[{"width":1200,"height":1200,"url":"https:\/\/prosolia.com\/app\/uploads\/2025\/12\/PV-Plant-3.png","type":"image\/png"}],"twitter_card":"summary_large_image","twitter_site":"@prosoliae","twitter_misc":{"Est. reading time":"3 minutes"},"schema":{"@context":"https:\/\/schema.org","@graph":[{"@type":"WebPage","@id":"https:\/\/prosolia.com\/de\/cookie-richtlinien\/","url":"https:\/\/prosolia.com\/de\/cookie-richtlinien\/","name":"Cookie-Richtlinien - Prosolia Energy","isPartOf":{"@id":"http:\/\/prosolia.com\/de\/#website"},"primaryImageOfPage":{"@id":"https:\/\/prosolia.com\/de\/cookie-richtlinien\/#primaryimage"},"image":{"@id":"https:\/\/prosolia.com\/de\/cookie-richtlinien\/#primaryimage"},"thumbnailUrl":"https:\/\/prosolia.com\/app\/uploads\/2025\/12\/PV-Plant-3.png","datePublished":"2025-12-11T18:10:45+00:00","dateModified":"2026-03-02T19:00:07+00:00","breadcrumb":{"@id":"https:\/\/prosolia.com\/de\/cookie-richtlinien\/#breadcrumb"},"inLanguage":"de-DE","potentialAction":[{"@type":"ReadAction","target":["https:\/\/prosolia.com\/de\/cookie-richtlinien\/"]}]},{"@type":"ImageObject","inLanguage":"de-DE","@id":"https:\/\/prosolia.com\/de\/cookie-richtlinien\/#primaryimage","url":"https:\/\/prosolia.com\/app\/uploads\/2025\/12\/PV-Plant-3.png","contentUrl":"https:\/\/prosolia.com\/app\/uploads\/2025\/12\/PV-Plant-3.png"},{"@type":"BreadcrumbList","@id":"https:\/\/prosolia.com\/de\/cookie-richtlinien\/#breadcrumb","itemListElement":[{"@type":"ListItem","position":1,"name":"Home","item":"https:\/\/prosolia.com\/de\/"},{"@type":"ListItem","position":2,"name":"Cookie-Richtlinien"}]},{"@type":"WebSite","@id":"http:\/\/prosolia.com\/de\/#website","url":"http:\/\/prosolia.com\/de\/","name":"Prosolia Energy","description":"Prosolia Energy ist ein f\u00fchrendes Unternehmen im Bereich erneuerbare Energien, das sich auf dekarbonisierte L\u00f6sungen spezialisiert hat, darunter Photovoltaik-, Wind- und Energiespeicherprojekte.","publisher":{"@id":"http:\/\/prosolia.com\/de\/#organization"},"potentialAction":[{"@type":"SearchAction","target":{"@type":"EntryPoint","urlTemplate":"http:\/\/prosolia.com\/de\/?s={search_term_string}"},"query-input":{"@type":"PropertyValueSpecification","valueRequired":true,"valueName":"search_term_string"}}],"inLanguage":"de-DE"},{"@type":"Organization","@id":"http:\/\/prosolia.com\/de\/#organization","name":"Prosolia Energy","url":"http:\/\/prosolia.com\/de\/","logo":{"@type":"ImageObject","inLanguage":"de-DE","@id":"http:\/\/prosolia.com\/de\/#\/schema\/logo\/image\/","url":"https:\/\/prosolia.com\/app\/uploads\/2026\/03\/brand-logo-primary.png","contentUrl":"https:\/\/prosolia.com\/app\/uploads\/2026\/03\/brand-logo-primary.png","width":600,"height":600,"caption":"Prosolia Energy"},"image":{"@id":"http:\/\/prosolia.com\/de\/#\/schema\/logo\/image\/"},"sameAs":["https:\/\/x.com\/prosoliae","https:\/\/www.instagram.com\/prosolia_energy\/","https:\/\/es.linkedin.com\/company\/prosolia-energy-group","https:\/\/www.youtube.com\/channel\/UCg-iDtdvSYu0xBqkhSs6aRw"]}]}},"_links":{"self":[{"href":"https:\/\/prosolia.com\/de\/wp-json\/wp\/v2\/pages\/6634","targetHints":{"allow":["GET"]}}],"collection":[{"href":"https:\/\/prosolia.com\/de\/wp-json\/wp\/v2\/pages"}],"about":[{"href":"https:\/\/prosolia.com\/de\/wp-json\/wp\/v2\/types\/page"}],"author":[{"embeddable":true,"href":"https:\/\/prosolia.com\/de\/wp-json\/wp\/v2\/users\/1"}],"replies":[{"embeddable":true,"href":"https:\/\/prosolia.com\/de\/wp-json\/wp\/v2\/comments?post=6634"}],"version-history":[{"count":5,"href":"https:\/\/prosolia.com\/de\/wp-json\/wp\/v2\/pages\/6634\/revisions"}],"predecessor-version":[{"id":12405,"href":"https:\/\/prosolia.com\/de\/wp-json\/wp\/v2\/pages\/6634\/revisions\/12405"}],"wp:attachment":[{"href":"https:\/\/prosolia.com\/de\/wp-json\/wp\/v2\/media?parent=6634"}],"curies":[{"name":"wp","href":"https:\/\/api.w.org\/{rel}","templated":true}]}}