{"id":352,"date":"2025-03-20T10:10:09","date_gmt":"2025-03-20T10:10:09","guid":{"rendered":"https:\/\/prosolia.com\/?page_id=352"},"modified":"2026-02-27T12:06:47","modified_gmt":"2026-02-27T12:06:47","slug":"actualidad","status":"publish","type":"page","link":"https:\/\/prosolia.com\/es\/actualidad\/","title":{"rendered":"Actualidad"},"content":{"rendered":"","protected":false},"excerpt":{"rendered":"","protected":false},"author":1,"featured_media":0,"parent":0,"menu_order":8,"comment_status":"closed","ping_status":"closed","template":"page-templates\/page-template-blog.php","meta":{"_acf_changed":false,"footnotes":""},"class_list":["post-352","page","type-page","status-publish","hentry"],"acf":[],"yoast_head":"<!-- This site is optimized with the Yoast SEO plugin v27.1.1 - https:\/\/yoast.com\/product\/yoast-seo-wordpress\/ -->\n<title>Noticias sobre Energ\u00edas Renovables<\/title>\n<meta name=\"description\" content=\"Mantente al d\u00eda con los hitos que est\u00e1n cambiando el sector. Proyectos, innovaci\u00f3n y las \u00faltimas tendencias en energ\u00eda solar para un futuro sostenible.\" \/>\n<meta name=\"robots\" content=\"index, follow, max-snippet:-1, max-image-preview:large, max-video-preview:-1\" \/>\n<link rel=\"canonical\" href=\"https:\/\/prosolia.com\/es\/actualidad\/\" \/>\n<meta property=\"og:locale\" content=\"es_ES\" \/>\n<meta property=\"og:type\" content=\"article\" \/>\n<meta property=\"og:title\" content=\"Noticias sobre Energ\u00edas Renovables\" \/>\n<meta property=\"og:description\" content=\"Mantente al d\u00eda con los hitos que est\u00e1n cambiando el sector. Proyectos, innovaci\u00f3n y las \u00faltimas tendencias en energ\u00eda solar para un futuro sostenible.\" \/>\n<meta property=\"og:url\" content=\"https:\/\/prosolia.com\/es\/actualidad\/\" \/>\n<meta property=\"og:site_name\" content=\"Prosolia Energy\" \/>\n<meta property=\"article:modified_time\" content=\"2026-02-27T12:06:47+00:00\" \/>\n<meta name=\"twitter:card\" content=\"summary_large_image\" \/>\n<meta name=\"twitter:site\" content=\"@prosoliae\" \/>\n<script type=\"application\/ld+json\" class=\"yoast-schema-graph\">{\"@context\":\"https:\/\/schema.org\",\"@graph\":[{\"@type\":\"WebPage\",\"@id\":\"https:\/\/prosolia.com\/es\/actualidad\/\",\"url\":\"https:\/\/prosolia.com\/es\/actualidad\/\",\"name\":\"Noticias sobre Energ\u00edas Renovables\",\"isPartOf\":{\"@id\":\"http:\/\/prosolia.com\/es\/#website\"},\"datePublished\":\"2025-03-20T10:10:09+00:00\",\"dateModified\":\"2026-02-27T12:06:47+00:00\",\"description\":\"Mantente al d\u00eda con los hitos que est\u00e1n cambiando el sector. Proyectos, innovaci\u00f3n y las \u00faltimas tendencias en energ\u00eda solar para un futuro sostenible.\",\"breadcrumb\":{\"@id\":\"https:\/\/prosolia.com\/es\/actualidad\/#breadcrumb\"},\"inLanguage\":\"es-ES\",\"potentialAction\":[{\"@type\":\"ReadAction\",\"target\":[\"https:\/\/prosolia.com\/es\/actualidad\/\"]}]},{\"@type\":\"BreadcrumbList\",\"@id\":\"https:\/\/prosolia.com\/es\/actualidad\/#breadcrumb\",\"itemListElement\":[{\"@type\":\"ListItem\",\"position\":1,\"name\":\"Home\",\"item\":\"https:\/\/prosolia.com\/es\/\"},{\"@type\":\"ListItem\",\"position\":2,\"name\":\"Actualidad\"}]},{\"@type\":\"WebSite\",\"@id\":\"http:\/\/prosolia.com\/es\/#website\",\"url\":\"http:\/\/prosolia.com\/es\/\",\"name\":\"Prosolia Energy\",\"description\":\"Prosolia Energy es una empresa l\u00edder en energ\u00edas renovables, especializada en soluciones descarbonizadas que incluyen proyectos fotovoltaicos, e\u00f3licos y de almacenamiento energ\u00e9tico\",\"publisher\":{\"@id\":\"http:\/\/prosolia.com\/es\/#organization\"},\"potentialAction\":[{\"@type\":\"SearchAction\",\"target\":{\"@type\":\"EntryPoint\",\"urlTemplate\":\"http:\/\/prosolia.com\/es\/?s={search_term_string}\"},\"query-input\":{\"@type\":\"PropertyValueSpecification\",\"valueRequired\":true,\"valueName\":\"search_term_string\"}}],\"inLanguage\":\"es-ES\"},{\"@type\":\"Organization\",\"@id\":\"http:\/\/prosolia.com\/es\/#organization\",\"name\":\"Prosolia Energy\",\"url\":\"http:\/\/prosolia.com\/es\/\",\"logo\":{\"@type\":\"ImageObject\",\"inLanguage\":\"es-ES\",\"@id\":\"http:\/\/prosolia.com\/es\/#\/schema\/logo\/image\/\",\"url\":\"https:\/\/prosolia.com\/app\/uploads\/2026\/03\/brand-logo-primary.png\",\"contentUrl\":\"https:\/\/prosolia.com\/app\/uploads\/2026\/03\/brand-logo-primary.png\",\"width\":600,\"height\":600,\"caption\":\"Prosolia Energy\"},\"image\":{\"@id\":\"http:\/\/prosolia.com\/es\/#\/schema\/logo\/image\/\"},\"sameAs\":[\"https:\/\/x.com\/prosoliae\",\"https:\/\/www.instagram.com\/prosolia_energy\/\",\"https:\/\/es.linkedin.com\/company\/prosolia-energy-group\",\"https:\/\/www.youtube.com\/channel\/UCg-iDtdvSYu0xBqkhSs6aRw\"]}]}<\/script>\n<!-- \/ Yoast SEO plugin. -->","yoast_head_json":{"title":"Noticias sobre Energ\u00edas Renovables","description":"Mantente al d\u00eda con los hitos que est\u00e1n cambiando el sector. Proyectos, innovaci\u00f3n y las \u00faltimas tendencias en energ\u00eda solar para un futuro sostenible.","robots":{"index":"index","follow":"follow","max-snippet":"max-snippet:-1","max-image-preview":"max-image-preview:large","max-video-preview":"max-video-preview:-1"},"canonical":"https:\/\/prosolia.com\/es\/actualidad\/","og_locale":"es_ES","og_type":"article","og_title":"Noticias sobre Energ\u00edas Renovables","og_description":"Mantente al d\u00eda con los hitos que est\u00e1n cambiando el sector. Proyectos, innovaci\u00f3n y las \u00faltimas tendencias en energ\u00eda solar para un futuro sostenible.","og_url":"https:\/\/prosolia.com\/es\/actualidad\/","og_site_name":"Prosolia Energy","article_modified_time":"2026-02-27T12:06:47+00:00","twitter_card":"summary_large_image","twitter_site":"@prosoliae","schema":{"@context":"https:\/\/schema.org","@graph":[{"@type":"WebPage","@id":"https:\/\/prosolia.com\/es\/actualidad\/","url":"https:\/\/prosolia.com\/es\/actualidad\/","name":"Noticias sobre Energ\u00edas Renovables","isPartOf":{"@id":"http:\/\/prosolia.com\/es\/#website"},"datePublished":"2025-03-20T10:10:09+00:00","dateModified":"2026-02-27T12:06:47+00:00","description":"Mantente al d\u00eda con los hitos que est\u00e1n cambiando el sector. Proyectos, innovaci\u00f3n y las \u00faltimas tendencias en energ\u00eda solar para un futuro sostenible.","breadcrumb":{"@id":"https:\/\/prosolia.com\/es\/actualidad\/#breadcrumb"},"inLanguage":"es-ES","potentialAction":[{"@type":"ReadAction","target":["https:\/\/prosolia.com\/es\/actualidad\/"]}]},{"@type":"BreadcrumbList","@id":"https:\/\/prosolia.com\/es\/actualidad\/#breadcrumb","itemListElement":[{"@type":"ListItem","position":1,"name":"Home","item":"https:\/\/prosolia.com\/es\/"},{"@type":"ListItem","position":2,"name":"Actualidad"}]},{"@type":"WebSite","@id":"http:\/\/prosolia.com\/es\/#website","url":"http:\/\/prosolia.com\/es\/","name":"Prosolia Energy","description":"Prosolia Energy es una empresa l\u00edder en energ\u00edas renovables, especializada en soluciones descarbonizadas que incluyen proyectos fotovoltaicos, e\u00f3licos y de almacenamiento energ\u00e9tico","publisher":{"@id":"http:\/\/prosolia.com\/es\/#organization"},"potentialAction":[{"@type":"SearchAction","target":{"@type":"EntryPoint","urlTemplate":"http:\/\/prosolia.com\/es\/?s={search_term_string}"},"query-input":{"@type":"PropertyValueSpecification","valueRequired":true,"valueName":"search_term_string"}}],"inLanguage":"es-ES"},{"@type":"Organization","@id":"http:\/\/prosolia.com\/es\/#organization","name":"Prosolia Energy","url":"http:\/\/prosolia.com\/es\/","logo":{"@type":"ImageObject","inLanguage":"es-ES","@id":"http:\/\/prosolia.com\/es\/#\/schema\/logo\/image\/","url":"https:\/\/prosolia.com\/app\/uploads\/2026\/03\/brand-logo-primary.png","contentUrl":"https:\/\/prosolia.com\/app\/uploads\/2026\/03\/brand-logo-primary.png","width":600,"height":600,"caption":"Prosolia Energy"},"image":{"@id":"http:\/\/prosolia.com\/es\/#\/schema\/logo\/image\/"},"sameAs":["https:\/\/x.com\/prosoliae","https:\/\/www.instagram.com\/prosolia_energy\/","https:\/\/es.linkedin.com\/company\/prosolia-energy-group","https:\/\/www.youtube.com\/channel\/UCg-iDtdvSYu0xBqkhSs6aRw"]}]}},"_links":{"self":[{"href":"https:\/\/prosolia.com\/es\/wp-json\/wp\/v2\/pages\/352","targetHints":{"allow":["GET"]}}],"collection":[{"href":"https:\/\/prosolia.com\/es\/wp-json\/wp\/v2\/pages"}],"about":[{"href":"https:\/\/prosolia.com\/es\/wp-json\/wp\/v2\/types\/page"}],"author":[{"embeddable":true,"href":"https:\/\/prosolia.com\/es\/wp-json\/wp\/v2\/users\/1"}],"replies":[{"embeddable":true,"href":"https:\/\/prosolia.com\/es\/wp-json\/wp\/v2\/comments?post=352"}],"version-history":[{"count":3,"href":"https:\/\/prosolia.com\/es\/wp-json\/wp\/v2\/pages\/352\/revisions"}],"predecessor-version":[{"id":1163,"href":"https:\/\/prosolia.com\/es\/wp-json\/wp\/v2\/pages\/352\/revisions\/1163"}],"wp:attachment":[{"href":"https:\/\/prosolia.com\/es\/wp-json\/wp\/v2\/media?parent=352"}],"curies":[{"name":"wp","href":"https:\/\/api.w.org\/{rel}","templated":true}]}}