{"id":6636,"date":"2025-12-11T18:10:45","date_gmt":"2025-12-11T18:10:45","guid":{"rendered":"https:\/\/prosolia.com\/politica-de-cookies\/"},"modified":"2026-03-02T18:57:49","modified_gmt":"2026-03-02T18:57:49","slug":"politica-de-cookies","status":"publish","type":"page","link":"https:\/\/prosolia.com\/es\/politica-de-cookies\/","title":{"rendered":"Pol\u00edtica de cookies"},"content":{"rendered":"\n<div class=\"wp-block-cover\" style=\"min-height:100vh;aspect-ratio:unset;\"><img loading=\"lazy\" decoding=\"async\" width=\"1200\" height=\"1200\" class=\"wp-block-cover__image-background wp-image-5932 size-full\" alt=\"\" src=\"https:\/\/prosolia.com\/app\/uploads\/2025\/12\/PV-Plant-3.png\" data-object-fit=\"cover\" srcset=\"https:\/\/prosolia.com\/app\/uploads\/2025\/12\/PV-Plant-3.png 1200w, https:\/\/prosolia.com\/app\/uploads\/2025\/12\/PV-Plant-3-300x300.png 300w, https:\/\/prosolia.com\/app\/uploads\/2025\/12\/PV-Plant-3-1024x1024.png 1024w, https:\/\/prosolia.com\/app\/uploads\/2025\/12\/PV-Plant-3-150x150.png 150w, https:\/\/prosolia.com\/app\/uploads\/2025\/12\/PV-Plant-3-768x768.png 768w, https:\/\/prosolia.com\/app\/uploads\/2025\/12\/PV-Plant-3-1080x1080.png 1080w, https:\/\/prosolia.com\/app\/uploads\/2025\/12\/PV-Plant-3-360x360.png 360w, https:\/\/prosolia.com\/app\/uploads\/2025\/12\/PV-Plant-3-648x648.png 648w, https:\/\/prosolia.com\/app\/uploads\/2025\/12\/PV-Plant-3-340x340.png 340w, https:\/\/prosolia.com\/app\/uploads\/2025\/12\/PV-Plant-3-610x610.png 610w\" sizes=\"auto, (max-width: 1200px) 100vw, 1200px\" \/><span aria-hidden=\"true\" class=\"wp-block-cover__background has-secondary-background-color has-background-dim-30 has-background-dim\"><\/span><div class=\"wp-block-cover__inner-container is-layout-constrained wp-block-cover-is-layout-constrained\">\n<div class=\"wp-block-group is-layout-constrained wp-container-core-group-is-layout-a31aa551 wp-block-group-is-layout-constrained\">\n<h2 class=\"wp-block-heading has-text-align-center has-accent-500-color has-text-color has-link-color has-heading-md-font-size wp-elements-524933f961b18b7e86689faee613fa79\" style=\"text-transform:uppercase\">legal<\/h2>\n\n\n\n<h1 class=\"wp-block-heading has-text-align-center has-primary-color has-text-color has-link-color has-heading-3-xl-font-size wp-elements-53bfa6a127f0f29c0d1fcbb915f04bb1\"><strong>Pol\u00edtica de cookies<\/strong><\/h1>\n<\/div>\n\n\n\n<div class=\"wp-block-group flex items-center is-layout-constrained wp-block-group-is-layout-constrained\"><a href=\"#intro\" class=\"anchor-hero-arrow-block inline-flex items-center justify-center\" >\n            <img decoding=\"async\" src=\"https:\/\/prosolia.com\/app\/uploads\/2025\/11\/ico-scroll-down-arrow.svg\" class=\"anchor-icon\" alt=\"\" \/>    <\/a>\n<\/div>\n<\/div><\/div>\n\n<div id=\"intro\" class=\"wp-block-group is-layout-constrained wp-container-core-group-is-layout-59cc4761 wp-block-group-is-layout-constrained\" style=\"padding-top:var(--wp--preset--spacing--5-xl);padding-bottom:var(--wp--preset--spacing--5-xl)\">\n<p>El objetivo de esta\u00a0pol\u00edtica es informar a los interesados acerca de las cookies que emplea esta p\u00e1gina web\u00a0 de conformidad con lo establecido en la Ley 34\/2002, de 11 de julio, de Servicios de la Sociedad de la Informaci\u00f3n y de Comercio Electr\u00f3nico, \u00a0y el Reglamento (UE) 2016\/679 del Parlamento Europeo y del Consejo de 27 de abril de 2016.<\/p>\n\n\n\n<ol class=\"wp-block-list\">\n<li><strong>USO DE COOKIES. \u00bfQU\u00c9 SON LAS COOKIES?<\/strong><\/li>\n<\/ol>\n\n\n\n<p>Las cookies son ficheros que se descargan en su Ordenador, Smartphone o Tablet al acceder a determinadas p\u00e1ginas web. La utilizaci\u00f3n de cookies, ofrece numerosas ventajas en la prestaci\u00f3n de servicios de la Sociedad de la Informaci\u00f3n, puesto que, entre otras: (a) facilita la navegaci\u00f3n del usuario en el Sitio Web; (b) facilita al usuario el acceso a los diferentes servicios que ofrece el Sitio Web; (c) evita al usuario volver a configurar caracter\u00edsticas generales predefinidas cada vez que accede al Sitio Web; (d) favorece la mejora del funcionamiento y de los servicios prestados a trav\u00e9s del Sitio Web, tras el correspondiente an\u00e1lisis de la informaci\u00f3n obtenida a trav\u00e9s de las cookies instaladas; (e) permiten a un Sitio Web, entre otras cosas, almacenar y recuperar informaci\u00f3n sobre los h\u00e1bitos de navegaci\u00f3n de un usuario o de su equipo y, dependiendo de la informaci\u00f3n que contengan y de la forma en que utilice su equipo, pueden utilizarse para reconocer al usuario.<\/p>\n\n\n\n<p>La mayor\u00eda de los navegadores aceptan como est\u00e1ndar a las cookies y, con independencia de las mismas, permiten o impiden en los ajustes de seguridad\u00a0 las cookies temporales o memorizadas.<\/p>\n\n\n\n<p>Ten en cuenta que para poder utilizar y contar con una mejor experiencia de navegaci\u00f3n,\u00a0<strong>\u00a0<\/strong>es necesario que tengas habilitadas las cookies, especialmente aquellas de car\u00e1cter t\u00e9cnico que resultan necesarias para que pueda identificarte como usuario registrado cada vez que accedas a la presente web.<\/p>\n\n\n\n<p>En caso de no querer recibir cookies, por favor, configure su navegador de internet, para que las borre del disco duro de su ordenador, las bloquee o le avise en su caso de instalaci\u00f3n de las mismas.<\/p>\n\n\n\n<ol start=\"2\" class=\"wp-block-list\">\n<li><strong>\u00bfQU\u00c9 TIPOS DE COOKIES UTILIZA ESTA P\u00c1GINA WEB?<\/strong><\/li>\n<\/ol>\n\n\n\n<p><strong><em>Cookies utilizadas en este sitio web.<\/em><\/strong><\/p>\n\n\n\n<p>Siguiendo las directrices de la Agencia Espa\u00f1ola de Protecci\u00f3n de Datos, procedemos a detallar el uso de las\u00a0<em>cookies<\/em>\u00a0que esta p\u00e1gina web emplea, \u00a0con el fin de proporcionarle \u00a0la m\u00e1xima informaci\u00f3n posible.<\/p>\n\n\n\n<p><strong><em>Cookies Propias:<\/em><\/strong><\/p>\n\n\n\n<p>Son aquellas que se env\u00edan al equipo terminal del usuario desde un equipo o dominio gestionado por el propio editor y desde el que se presta el servicio solicitado por el usuario.<\/p>\n\n\n\n<p>A continuaci\u00f3n la lista de las que utilizamos:<\/p>\n\n\n\n<figure class=\"wp-block-table\"><table class=\"has-fixed-layout\"><tbody><tr><td><strong>Nombre<\/strong><\/td><td><strong>Tipo<\/strong><\/td><td><strong>Proveedor<\/strong><\/td><td><strong>Finalidad<\/strong><\/td><td><strong>Duraci\u00f3n<\/strong><\/td><\/tr><tr><td><strong><em>EJEMPLO<\/em><\/strong><em>ASP.NET_SessionId<\/em><\/td><td><em>Cookie de sesi\u00f3n<\/em><\/td><td><em>Nombre de la web<\/em><\/td><td><em>Sirve para recabar y almacenar sus datos mientras accede a nuestra p\u00e1gina web, permanecen en su equipo durante la visita.<\/em><\/td><td><em>Hasta finalizar sesi\u00f3n<\/em><\/td><\/tr><tr><td><strong>Nombre<\/strong><\/td><td><strong>Tipo<\/strong><\/td><td><strong>Proveedor<\/strong><\/td><td><strong>Finalidad<\/strong><\/td><td><strong>Duraci\u00f3n<\/strong><\/td><\/tr><tr><td><\/td><td><\/td><td><\/td><td><\/td><td><\/td><\/tr><\/tbody><\/table><\/figure>\n\n\n\n<p><strong><em>Cookies de Terceros:<\/em><\/strong><\/p>\n\n\n\n<p>Son aquellas que se env\u00edan al equipo terminal del usuario desde un equipo o dominio que no es gestionado por el editor, sino por otra entidad que trata los datos obtenidos trav\u00e9s de las cookies.<\/p>\n\n\n\n<p>A continuaci\u00f3n la lista de las que utilizamos:<\/p>\n\n\n\n<figure class=\"wp-block-table\"><table class=\"has-fixed-layout\"><tbody><tr><td><strong>Nombre<\/strong><\/td><td><strong>Tipo<\/strong><\/td><td><strong>Proveedor<\/strong><\/td><td><strong>Finalidad<\/strong><\/td><td><strong>Duraci\u00f3n<\/strong><\/td><td><strong><em>M\u00e1s info.<\/em><\/strong><strong><em>Opt-Out<\/em><\/strong><strong>\u00a0<\/strong><\/td><\/tr><tr><td><strong><em>EJEMPLO<\/em><\/strong><em>Google Analytics:<br\/>_ga,<\/em><em>_gat,<\/em><em>\u00a0_gid.<\/em><\/td><td><em>Cookies an\u00e1liticas<\/em><em>\u00a0<\/em><\/td><td><em>Google<\/em><\/td><td><em>Sirven para analizar la experiencia de navegaci\u00f3n del usuario, y permitirnos mejorar nuestra Web para adaptarnos a sus necesidades. Normalmente permanecen un tiempo en el navegador de usuario, hasta que se borren las cookies del navegador o pase el tiempo definido para su eliminaci\u00f3n.<\/em><em>\u00a0<\/em><\/td><td>_ga: 2 a\u00f1os;<br\/>_gat: duraci\u00f3n de la sesi\u00f3n;<br\/>_gid: 1 d\u00eda.<\/td><td><a href=\"https:\/\/support.google.com\/analytics\/answer\/6004245?hl=es\"><em>https:\/\/support.google.com\/analytics\/answer\/6004245?hl=es<\/em><\/a><em>.<\/em><\/td><\/tr><tr><td><\/td><td><\/td><td><\/td><td><\/td><td><\/td><td><\/td><\/tr><\/tbody><\/table><\/figure>\n\n\n\n<p>PROSOLIA\u00a0\u00a0 INTERNACIONAL SLno se hace responsable, en ning\u00fan caso ni del contenido ni de la veracidad de las pol\u00edticas y\/o condiciones de uso y privacidad de los terceros, incluidos, a trav\u00e9s de los enlaces, en esta pol\u00edtica.<\/p>\n\n\n\n<ol start=\"3\" class=\"wp-block-list\">\n<li><strong>CONSENTIMIENTO<\/strong><\/li>\n<\/ol>\n\n\n\n<p>En relaci\u00f3n con la utilizaci\u00f3n de cookies de este sitio web, el usuario autoriza y consiente su uso de la siguiente forma:<\/p>\n\n\n\n<p><em>Opci\u00f3n uno.-<\/em><em>Cuando el usuario accede a cualquier p\u00e1gina de la web, ver\u00e1 un aviso donde se indica que la p\u00e1gina web de PROSOLIA\u00a0\u00a0 INTERNACIONAL SL\u00a0<strong>\u00a0<\/strong>utiliza cookies, pudiendo el usuario aceptar o rechazar el uso de las mismas a trav\u00e9s de la configuraci\u00f3n de su navegador.<\/em><em>\u00a0Al hacer click en aceptar, usted acepta el uso de nuestras cookies y en su caso las de los terceros. El panel de configuraci\u00f3n\/privacidad le permite la posibilidad de aceptarlas por tipolog\u00eda.<\/em><\/p>\n\n\n\n<ol start=\"4\" class=\"wp-block-list\">\n<li><strong>C\u00d3MO BLOQUEAR REVOCAR O ELIMINAR LAS COOKIES INSTALADAS<\/strong><\/li>\n<\/ol>\n\n\n\n<p>Puede usted permitir, bloquear, revocar o eliminar las cookies instaladas en su equipo mediante la configuraci\u00f3n de las opciones de su navegador. Puede encontrar informaci\u00f3n sobre c\u00f3mo hacerlo, en relaci\u00f3n con los navegadores m\u00e1s comunes en los links que se incluyen a continuaci\u00f3n:<\/p>\n\n\n\n<p>Explorer:\u00a0<a href=\"https:\/\/support.microsoft.com\/es-es\/kb\/278835\">https:\/\/support.microsoft.com\/es-es\/kb\/278835<\/a><\/p>\n\n\n\n<p>Microsoft Edge<strong>:\u00a0<\/strong><a href=\"https:\/\/privacy.microsoft.com\/es-es\/windows-10-microsoft-edge-and-privacy\">https:\/\/privacy.microsoft.com\/es-es\/windows-10-microsoft-edge-and-privacy<\/a><\/p>\n\n\n\n<p>Chrome:<a href=\"http:\/\/support.google.com\/chrome\/bin\/answer.py?hl=es&amp;answer=95647\">https:\/\/support.google.com\/chrome\/answer\/95647?co=GENIE.Platform%3DDesktop&amp;hl=esttp:\/\/support.google.com\/chrome\/bin\/answer.py?hl=es&amp;answer=95647<\/a><\/p>\n\n\n\n<p>Firefox:\u00a0<a href=\"http:\/\/support.mozilla.org\/es\/kb\/Borrar%20cookies\">http:\/\/support.mozilla.org\/es\/kb\/Borrar%20cookies<\/a><\/p>\n\n\n\n<p>Safari:\u00a0<a href=\"http:\/\/support.apple.com\/kb\/ph5042\">http:\/\/support.apple.com\/kb\/ph5042<\/a>.<\/p>\n\n\n\n<p>Opera:\u00a0<a href=\"https:\/\/help.opera.com\/en\/latest\/web-preferences\/#cookies\">https:\/\/help.opera.com\/en\/latest\/web-preferences\/#cookies<\/a><\/p>\n\n\n\n<p>Le informamos, no obstante, de la posibilidad de que la desactivaci\u00f3n de alguna cookie impida o dificulte la navegaci\u00f3n o la prestaci\u00f3n de los servicios ofrecidos en la p\u00e1gina web.<\/p>\n\n\n\n<p>Para poder revocar al cookies inicialmente aceptadas, debe hacer click en el bot\u00f3n: \u201crevocar cookies\u201d. \u00a0[NOTA INTERNA. mantener al incluir el bot\u00f3n de revocar cookies]<\/p>\n\n\n\n<p>[NOTA .Mantener el siguiente apartado (5) si la p\u00e1gina web emplea cookies de terceros.]<\/p>\n\n\n\n<ol start=\"5\" class=\"wp-block-list\">\n<li><strong><em>DESTINATARIOS DE LA INFORMACI\u00d3N<\/em><\/strong><\/li>\n<\/ol>\n\n\n\n<p><em>Tendr\u00e1n acceso a la informaci\u00f3n obtenida a trav\u00e9s de las cookies del sitio web las empresas colaboradoras detalladas en el Panel de Configuraci\u00f3n, donde podr\u00e1s asimismo consultar las finalidades con las que la utilizan y sus respectivas pol\u00edticas de privacidad.<\/em><\/p>\n\n\n\n<p><em>Asimismo, te informamos de que algunos de nuestros proveedores as\u00ed como empresas colaboradoras pueden realizar transferencias a terceros pa\u00edses. Puedes informarte de las transferencias a terceros pa\u00edses que, en su caso, realizan en sus correspondientes pol\u00edticas de privacidad, accesibles a trav\u00e9s de los enlaces facilitados en el Panel de Configuraci\u00f3n.<\/em><\/p>\n\n\n\n<ol start=\"6\" class=\"wp-block-list\">\n<li><strong>MODIFICACIONES\/ ACTUALIZACI\u00d3N<\/strong><\/li>\n<\/ol>\n\n\n\n<p>La presente pol\u00edtica de cookies puede verse modificada\/actualizada en funci\u00f3n de las exigencias legales establecidas o con la finalidad de adaptar dicha pol\u00edtica a las instrucciones dictadas por la Agencia Espa\u00f1ola de Protecci\u00f3n de Datos o cambios en nuestro sitio web.<\/p>\n\n\n\n<p>Por esta raz\u00f3n, aconsejamos a los usuarios que \u00a0visiten peri\u00f3dicamente nuestra\u00a0 pol\u00edtica de cookies.<\/p>\n\n\n\n<p>Si tiene dudas acerca de esta pol\u00edtica de cookies, puede contactar con PROSOLIA\u00a0\u00a0 INTERNACIONAL SL a trav\u00e9s del siguiente correo electr\u00f3nico:\u00a0protecciondedatos@prosolia.com<\/p>\n<\/div>\n","protected":false},"excerpt":{"rendered":"<p>El objetivo de esta\u00a0pol\u00edtica es informar a los interesados acerca de las cookies que emplea esta p\u00e1gina web\u00a0 de conformidad&#8230;<\/p>\n","protected":false},"author":1,"featured_media":0,"parent":0,"menu_order":99,"comment_status":"closed","ping_status":"closed","template":"","meta":{"_acf_changed":false,"footnotes":""},"class_list":["post-6636","page","type-page","status-publish","hentry"],"acf":[],"yoast_head":"<!-- This site is optimized with the Yoast SEO plugin v27.1.1 - https:\/\/yoast.com\/product\/yoast-seo-wordpress\/ -->\n<title>Pol\u00edtica de cookies - Prosolia Energy<\/title>\n<meta name=\"robots\" content=\"noindex, nofollow\" \/>\n<meta property=\"og:locale\" content=\"es_ES\" \/>\n<meta property=\"og:type\" content=\"article\" \/>\n<meta property=\"og:title\" content=\"Pol\u00edtica de cookies - Prosolia Energy\" \/>\n<meta property=\"og:description\" content=\"El objetivo de esta\u00a0pol\u00edtica es informar a los interesados acerca de las cookies que emplea esta p\u00e1gina web\u00a0 de conformidad...\" \/>\n<meta property=\"og:url\" content=\"https:\/\/prosolia.com\/es\/politica-de-cookies\/\" \/>\n<meta property=\"og:site_name\" content=\"Prosolia Energy\" \/>\n<meta property=\"article:modified_time\" content=\"2026-03-02T18:57:49+00:00\" \/>\n<meta property=\"og:image\" content=\"https:\/\/prosolia.com\/app\/uploads\/2025\/12\/PV-Plant-3.png\" \/>\n\t<meta property=\"og:image:width\" content=\"1200\" \/>\n\t<meta property=\"og:image:height\" content=\"1200\" \/>\n\t<meta property=\"og:image:type\" content=\"image\/png\" \/>\n<meta name=\"twitter:card\" content=\"summary_large_image\" \/>\n<meta name=\"twitter:site\" content=\"@prosoliae\" \/>\n<meta name=\"twitter:label1\" content=\"Est. reading time\" \/>\n\t<meta name=\"twitter:data1\" content=\"5 minutes\" \/>\n<script type=\"application\/ld+json\" class=\"yoast-schema-graph\">{\"@context\":\"https:\/\/schema.org\",\"@graph\":[{\"@type\":\"WebPage\",\"@id\":\"https:\/\/prosolia.com\/es\/politica-de-cookies\/\",\"url\":\"https:\/\/prosolia.com\/es\/politica-de-cookies\/\",\"name\":\"Pol\u00edtica de cookies - Prosolia Energy\",\"isPartOf\":{\"@id\":\"http:\/\/prosolia.com\/es\/#website\"},\"primaryImageOfPage\":{\"@id\":\"https:\/\/prosolia.com\/es\/politica-de-cookies\/#primaryimage\"},\"image\":{\"@id\":\"https:\/\/prosolia.com\/es\/politica-de-cookies\/#primaryimage\"},\"thumbnailUrl\":\"https:\/\/prosolia.com\/app\/uploads\/2025\/12\/PV-Plant-3.png\",\"datePublished\":\"2025-12-11T18:10:45+00:00\",\"dateModified\":\"2026-03-02T18:57:49+00:00\",\"breadcrumb\":{\"@id\":\"https:\/\/prosolia.com\/es\/politica-de-cookies\/#breadcrumb\"},\"inLanguage\":\"es-ES\",\"potentialAction\":[{\"@type\":\"ReadAction\",\"target\":[\"https:\/\/prosolia.com\/es\/politica-de-cookies\/\"]}]},{\"@type\":\"ImageObject\",\"inLanguage\":\"es-ES\",\"@id\":\"https:\/\/prosolia.com\/es\/politica-de-cookies\/#primaryimage\",\"url\":\"https:\/\/prosolia.com\/app\/uploads\/2025\/12\/PV-Plant-3.png\",\"contentUrl\":\"https:\/\/prosolia.com\/app\/uploads\/2025\/12\/PV-Plant-3.png\"},{\"@type\":\"BreadcrumbList\",\"@id\":\"https:\/\/prosolia.com\/es\/politica-de-cookies\/#breadcrumb\",\"itemListElement\":[{\"@type\":\"ListItem\",\"position\":1,\"name\":\"Home\",\"item\":\"https:\/\/prosolia.com\/es\/\"},{\"@type\":\"ListItem\",\"position\":2,\"name\":\"Pol\u00edtica de cookies\"}]},{\"@type\":\"WebSite\",\"@id\":\"http:\/\/prosolia.com\/es\/#website\",\"url\":\"http:\/\/prosolia.com\/es\/\",\"name\":\"Prosolia Energy\",\"description\":\"Prosolia Energy es una empresa l\u00edder en energ\u00edas renovables, especializada en soluciones descarbonizadas que incluyen proyectos fotovoltaicos, e\u00f3licos y de almacenamiento energ\u00e9tico\",\"publisher\":{\"@id\":\"http:\/\/prosolia.com\/es\/#organization\"},\"potentialAction\":[{\"@type\":\"SearchAction\",\"target\":{\"@type\":\"EntryPoint\",\"urlTemplate\":\"http:\/\/prosolia.com\/es\/?s={search_term_string}\"},\"query-input\":{\"@type\":\"PropertyValueSpecification\",\"valueRequired\":true,\"valueName\":\"search_term_string\"}}],\"inLanguage\":\"es-ES\"},{\"@type\":\"Organization\",\"@id\":\"http:\/\/prosolia.com\/es\/#organization\",\"name\":\"Prosolia Energy\",\"url\":\"http:\/\/prosolia.com\/es\/\",\"logo\":{\"@type\":\"ImageObject\",\"inLanguage\":\"es-ES\",\"@id\":\"http:\/\/prosolia.com\/es\/#\/schema\/logo\/image\/\",\"url\":\"https:\/\/prosolia.com\/app\/uploads\/2026\/03\/brand-logo-primary.png\",\"contentUrl\":\"https:\/\/prosolia.com\/app\/uploads\/2026\/03\/brand-logo-primary.png\",\"width\":600,\"height\":600,\"caption\":\"Prosolia Energy\"},\"image\":{\"@id\":\"http:\/\/prosolia.com\/es\/#\/schema\/logo\/image\/\"},\"sameAs\":[\"https:\/\/x.com\/prosoliae\",\"https:\/\/www.instagram.com\/prosolia_energy\/\",\"https:\/\/es.linkedin.com\/company\/prosolia-energy-group\",\"https:\/\/www.youtube.com\/channel\/UCg-iDtdvSYu0xBqkhSs6aRw\"]}]}<\/script>\n<!-- \/ Yoast SEO plugin. -->","yoast_head_json":{"title":"Pol\u00edtica de cookies - Prosolia Energy","robots":{"index":"noindex","follow":"nofollow"},"og_locale":"es_ES","og_type":"article","og_title":"Pol\u00edtica de cookies - Prosolia Energy","og_description":"El objetivo de esta\u00a0pol\u00edtica es informar a los interesados acerca de las cookies que emplea esta p\u00e1gina web\u00a0 de conformidad...","og_url":"https:\/\/prosolia.com\/es\/politica-de-cookies\/","og_site_name":"Prosolia Energy","article_modified_time":"2026-03-02T18:57:49+00:00","og_image":[{"width":1200,"height":1200,"url":"https:\/\/prosolia.com\/app\/uploads\/2025\/12\/PV-Plant-3.png","type":"image\/png"}],"twitter_card":"summary_large_image","twitter_site":"@prosoliae","twitter_misc":{"Est. reading time":"5 minutes"},"schema":{"@context":"https:\/\/schema.org","@graph":[{"@type":"WebPage","@id":"https:\/\/prosolia.com\/es\/politica-de-cookies\/","url":"https:\/\/prosolia.com\/es\/politica-de-cookies\/","name":"Pol\u00edtica de cookies - Prosolia Energy","isPartOf":{"@id":"http:\/\/prosolia.com\/es\/#website"},"primaryImageOfPage":{"@id":"https:\/\/prosolia.com\/es\/politica-de-cookies\/#primaryimage"},"image":{"@id":"https:\/\/prosolia.com\/es\/politica-de-cookies\/#primaryimage"},"thumbnailUrl":"https:\/\/prosolia.com\/app\/uploads\/2025\/12\/PV-Plant-3.png","datePublished":"2025-12-11T18:10:45+00:00","dateModified":"2026-03-02T18:57:49+00:00","breadcrumb":{"@id":"https:\/\/prosolia.com\/es\/politica-de-cookies\/#breadcrumb"},"inLanguage":"es-ES","potentialAction":[{"@type":"ReadAction","target":["https:\/\/prosolia.com\/es\/politica-de-cookies\/"]}]},{"@type":"ImageObject","inLanguage":"es-ES","@id":"https:\/\/prosolia.com\/es\/politica-de-cookies\/#primaryimage","url":"https:\/\/prosolia.com\/app\/uploads\/2025\/12\/PV-Plant-3.png","contentUrl":"https:\/\/prosolia.com\/app\/uploads\/2025\/12\/PV-Plant-3.png"},{"@type":"BreadcrumbList","@id":"https:\/\/prosolia.com\/es\/politica-de-cookies\/#breadcrumb","itemListElement":[{"@type":"ListItem","position":1,"name":"Home","item":"https:\/\/prosolia.com\/es\/"},{"@type":"ListItem","position":2,"name":"Pol\u00edtica de cookies"}]},{"@type":"WebSite","@id":"http:\/\/prosolia.com\/es\/#website","url":"http:\/\/prosolia.com\/es\/","name":"Prosolia Energy","description":"Prosolia Energy es una empresa l\u00edder en energ\u00edas renovables, especializada en soluciones descarbonizadas que incluyen proyectos fotovoltaicos, e\u00f3licos y de almacenamiento energ\u00e9tico","publisher":{"@id":"http:\/\/prosolia.com\/es\/#organization"},"potentialAction":[{"@type":"SearchAction","target":{"@type":"EntryPoint","urlTemplate":"http:\/\/prosolia.com\/es\/?s={search_term_string}"},"query-input":{"@type":"PropertyValueSpecification","valueRequired":true,"valueName":"search_term_string"}}],"inLanguage":"es-ES"},{"@type":"Organization","@id":"http:\/\/prosolia.com\/es\/#organization","name":"Prosolia Energy","url":"http:\/\/prosolia.com\/es\/","logo":{"@type":"ImageObject","inLanguage":"es-ES","@id":"http:\/\/prosolia.com\/es\/#\/schema\/logo\/image\/","url":"https:\/\/prosolia.com\/app\/uploads\/2026\/03\/brand-logo-primary.png","contentUrl":"https:\/\/prosolia.com\/app\/uploads\/2026\/03\/brand-logo-primary.png","width":600,"height":600,"caption":"Prosolia Energy"},"image":{"@id":"http:\/\/prosolia.com\/es\/#\/schema\/logo\/image\/"},"sameAs":["https:\/\/x.com\/prosoliae","https:\/\/www.instagram.com\/prosolia_energy\/","https:\/\/es.linkedin.com\/company\/prosolia-energy-group","https:\/\/www.youtube.com\/channel\/UCg-iDtdvSYu0xBqkhSs6aRw"]}]}},"_links":{"self":[{"href":"https:\/\/prosolia.com\/es\/wp-json\/wp\/v2\/pages\/6636","targetHints":{"allow":["GET"]}}],"collection":[{"href":"https:\/\/prosolia.com\/es\/wp-json\/wp\/v2\/pages"}],"about":[{"href":"https:\/\/prosolia.com\/es\/wp-json\/wp\/v2\/types\/page"}],"author":[{"embeddable":true,"href":"https:\/\/prosolia.com\/es\/wp-json\/wp\/v2\/users\/1"}],"replies":[{"embeddable":true,"href":"https:\/\/prosolia.com\/es\/wp-json\/wp\/v2\/comments?post=6636"}],"version-history":[{"count":2,"href":"https:\/\/prosolia.com\/es\/wp-json\/wp\/v2\/pages\/6636\/revisions"}],"predecessor-version":[{"id":8083,"href":"https:\/\/prosolia.com\/es\/wp-json\/wp\/v2\/pages\/6636\/revisions\/8083"}],"wp:attachment":[{"href":"https:\/\/prosolia.com\/es\/wp-json\/wp\/v2\/media?parent=6636"}],"curies":[{"name":"wp","href":"https:\/\/api.w.org\/{rel}","templated":true}]}}