{"id":4850,"date":"2025-02-10T09:54:34","date_gmt":"2025-02-10T09:54:34","guid":{"rendered":"https:\/\/prosolia.com\/?page_id=4850"},"modified":"2026-03-02T19:04:34","modified_gmt":"2026-03-02T19:04:34","slug":"politique-de-confidentialite","status":"publish","type":"page","link":"https:\/\/prosolia.com\/fr\/politique-de-confidentialite\/","title":{"rendered":"Politique de confidentialit\u00e9"},"content":{"rendered":"\n<div class=\"wp-block-cover\" style=\"min-height:100vh;aspect-ratio:unset;\"><img loading=\"lazy\" decoding=\"async\" width=\"1200\" height=\"1200\" class=\"wp-block-cover__image-background wp-image-5932 size-full\" alt=\"\" src=\"https:\/\/prosolia.com\/app\/uploads\/2025\/12\/PV-Plant-3.png\" data-object-fit=\"cover\" srcset=\"https:\/\/prosolia.com\/app\/uploads\/2025\/12\/PV-Plant-3.png 1200w, https:\/\/prosolia.com\/app\/uploads\/2025\/12\/PV-Plant-3-300x300.png 300w, https:\/\/prosolia.com\/app\/uploads\/2025\/12\/PV-Plant-3-1024x1024.png 1024w, https:\/\/prosolia.com\/app\/uploads\/2025\/12\/PV-Plant-3-150x150.png 150w, https:\/\/prosolia.com\/app\/uploads\/2025\/12\/PV-Plant-3-768x768.png 768w, https:\/\/prosolia.com\/app\/uploads\/2025\/12\/PV-Plant-3-1080x1080.png 1080w, https:\/\/prosolia.com\/app\/uploads\/2025\/12\/PV-Plant-3-360x360.png 360w, https:\/\/prosolia.com\/app\/uploads\/2025\/12\/PV-Plant-3-648x648.png 648w, https:\/\/prosolia.com\/app\/uploads\/2025\/12\/PV-Plant-3-340x340.png 340w, https:\/\/prosolia.com\/app\/uploads\/2025\/12\/PV-Plant-3-610x610.png 610w\" sizes=\"auto, (max-width: 1200px) 100vw, 1200px\" \/><span aria-hidden=\"true\" class=\"wp-block-cover__background has-secondary-background-color has-background-dim-30 has-background-dim\"><\/span><div class=\"wp-block-cover__inner-container is-layout-constrained wp-block-cover-is-layout-constrained\">\n<div class=\"wp-block-group is-layout-constrained wp-container-core-group-is-layout-a31aa551 wp-block-group-is-layout-constrained\">\n<h2 class=\"wp-block-heading has-text-align-center has-accent-500-color has-text-color has-link-color has-heading-md-font-size wp-elements-dbf5ce92b473008f36cfd89e5bd1d99a\" style=\"text-transform:uppercase\">Mentions l\u00e9gales<\/h2>\n\n\n\n<h1 class=\"wp-block-heading has-text-align-center has-primary-color has-text-color has-link-color has-heading-3-xl-font-size wp-elements-2e19a1fce1ba30b93a8be6c9e2007d11\"><strong>Politique de confidentialit\u00e9<\/strong><\/h1>\n<\/div>\n\n\n\n<div class=\"wp-block-group flex items-center is-layout-constrained wp-block-group-is-layout-constrained\"><a href=\"#intro\" class=\"anchor-hero-arrow-block inline-flex items-center justify-center\" >\n            <img decoding=\"async\" src=\"https:\/\/prosolia.com\/app\/uploads\/2025\/11\/ico-scroll-down-arrow.svg\" class=\"anchor-icon\" alt=\"\" \/>    <\/a>\n<\/div>\n<\/div><\/div>\n\n\n\n<div id=\"intro\" class=\"wp-block-group is-layout-constrained wp-container-core-group-is-layout-59cc4761 wp-block-group-is-layout-constrained\" style=\"padding-top:var(--wp--preset--spacing--5-xl);padding-bottom:var(--wp--preset--spacing--5-xl)\">\n<p>L\u2019objet de la pr\u00e9sente politique est d\u2019informer les personnes concern\u00e9es sur la mani\u00e8re dont cette organisation traite les donn\u00e9es \u00e0 caract\u00e8re personnel via le site web ainsi que sur les donn\u00e9es personnelles concern\u00e9es, conform\u00e9ment au R\u00e8glement (UE) 2016\/679 du Parlement europ\u00e9en et du Conseil du 27 avril 2016.<\/p>\n\n\n\n<h2 class=\"wp-block-heading\">1. IDENTIT\u00c9 ET COORDONN\u00c9ES DU RESPONSABLE DU TRAITEMENT<\/h2>\n\n\n\n<p>PROSOLIA INTERNACIONAL SL, dont le si\u00e8ge social est situ\u00e9 C\/ VIENTO N\u00ba 14 (03006 ALICANTE), ALICANTE, titulaire du num\u00e9ro d\u2019identification fiscale (NIF) B97961452, t\u00e9l\u00e9phone de contact +34 965 296 650 et adresse \u00e9lectronique <a href=\"mailto:protecciondedatos@prosolia.com\">protecciondedatos@prosolia.com<\/a>.<\/p>\n\n\n\n<p>Vous pouvez v\u00e9rifier l\u2019identit\u00e9 et les coordonn\u00e9es des soci\u00e9t\u00e9s du GROUPE PROSOLIA ENERGY agissant en tant que responsables conjoints du traitement en sollicitant ces informations par \u00e9crit \u00e0 l\u2019adresse \u00e9lectronique indiqu\u00e9e ci-dessus.<\/p>\n\n\n\n<h2 class=\"wp-block-heading\">2. FINALIT\u00c9S POUR LESQUELLES VOS DONN\u00c9ES PERSONNELLES SERONT TRAIT\u00c9ES<\/h2>\n\n\n\n<h3 class=\"wp-block-heading\">UTILISATEURS\/NAVIGATEURS DU SITE WEB DU RESPONSABLE DU TRAITEMENT<\/h3>\n\n\n\n<p>Nous traiterons les donn\u00e9es personnelles que vous saisissez dans nos formulaires web afin de :<\/p>\n\n\n\n<ul class=\"wp-block-list\">\n<li>R\u00e9pondre aux demandes, r\u00e9clamations et incidents soumis via nos canaux de contact disponibles sur le site web.<\/li>\n\n\n\n<li>Comprendre le comportement des personnes naviguant sur le site web afin de d\u00e9tecter d\u2019\u00e9ventuelles attaques informatiques contre notre site.<\/li>\n\n\n\n<li>Respecter les obligations l\u00e9gales directes r\u00e9gissant notre activit\u00e9.<\/li>\n\n\n\n<li>Prot\u00e9ger et exercer nos droits ou r\u00e9pondre \u00e0 des r\u00e9clamations de toute nature.<\/li>\n\n\n\n<li>Le cas \u00e9ch\u00e9ant, envoyer des communications commerciales relatives aux biens ou services constituant notre activit\u00e9 ainsi que des informations ou bulletins d\u2019actualit\u00e9 li\u00e9s \u00e0 notre secteur. Votre refus de nous autoriser rendra impossible l\u2019envoi de ces informations.<\/li>\n\n\n\n<li>G\u00e9rer et vous envoyer le devis demand\u00e9.<\/li>\n\n\n\n<li>Organiser et planifier un rendez-vous demand\u00e9. Votre refus de nous autoriser rendra impossible la planification de votre rendez-vous.<\/li>\n<\/ul>\n\n\n\n<h3 class=\"wp-block-heading\">CANDIDATS \u00c0 DES OFFRES D\u2019EMPLOI OU DEMANDEURS D\u2019EMPLOI<\/h3>\n\n\n\n<p>Nous traiterons les donn\u00e9es personnelles que vous saisissez dans nos formulaires web afin de :<\/p>\n\n\n\n<ul class=\"wp-block-list\">\n<li>G\u00e9rer votre candidature dans le cadre du processus de recrutement et vous tenir inform\u00e9 \u00e0 ce sujet.<\/li>\n\n\n\n<li>Comprendre le comportement de la personne naviguant sur le site web afin de d\u00e9tecter d\u2019\u00e9ventuelles attaques informatiques contre notre site.<\/li>\n\n\n\n<li>Prot\u00e9ger et exercer nos droits ou r\u00e9pondre \u00e0 des r\u00e9clamations de toute nature.<\/li>\n\n\n\n<li>Vous envoyer des communications relatives aux nouvelles offres d\u2019emploi que nous publions et les adapter \u00e0 votre profil, \u00e0 condition que vous nous ayez pr\u00e9alablement autoris\u00e9s \u00e0 vous envoyer ces informations.<\/li>\n\n\n\n<li>Transf\u00e9rer vos donn\u00e9es aux entit\u00e9s appartenant au groupe Prosolia Energy (Prosolia Internacional S.L., Prosolia Espa\u00f1a SLU, Prosolia France SARL et Prosolia Portugal LDA).<\/li>\n<\/ul>\n\n\n\n<h2 class=\"wp-block-heading\">3. BASE JURIDIQUE DU TRAITEMENT<\/h2>\n\n\n\n<h3 class=\"wp-block-heading\">UTILISATEURS\/NAVIGATEURS DU SITE WEB DU RESPONSABLE DU TRAITEMENT<\/h3>\n\n\n\n<p>La base juridique du traitement de vos informations est le consentement que vous avez donn\u00e9 pour que nous traitions vos donn\u00e9es aux fins indiqu\u00e9es. Le refus de fournir vos donn\u00e9es personnelles rendra impossible le traitement de celles-ci aux fins susmentionn\u00e9es.<\/p>\n\n\n\n<p>Le traitement peut \u00e9galement \u00eatre n\u00e9cessaire au respect de nos obligations l\u00e9gales. Dans ce cas, les personnes concern\u00e9es ne peuvent pas s\u2019opposer au traitement de leurs donn\u00e9es personnelles.<\/p>\n\n\n\n<p>Le traitement peut \u00e9galement \u00eatre fond\u00e9 sur notre int\u00e9r\u00eat l\u00e9gitime \u00e0 prot\u00e9ger notre image, notre activit\u00e9 et notre trajectoire en pr\u00e9venant les attaques contre notre site web. Dans ce cas, les personnes concern\u00e9es ne peuvent pas s\u2019opposer au traitement, sans pr\u00e9judice de l\u2019exercice des droits reconnus dans la section \u00ab Droits \u00bb de la pr\u00e9sente politique.<\/p>\n\n\n\n<h3 class=\"wp-block-heading\">CANDIDATS \u00c0 DES POSTES VACANTS ET DEMANDEURS D\u2019EMPLOI<\/h3>\n\n\n\n<p>La base juridique du traitement de vos informations est le consentement que vous avez donn\u00e9 pour que nous traitions vos donn\u00e9es aux fins indiqu\u00e9es. Le refus de fournir vos donn\u00e9es personnelles rendra impossible le traitement de celles-ci aux fins susmentionn\u00e9es.<\/p>\n\n\n\n<p>Le traitement peut \u00e9galement \u00eatre n\u00e9cessaire au respect de nos obligations l\u00e9gales. Dans ce cas, les personnes concern\u00e9es ne peuvent pas s\u2019opposer au traitement de leurs donn\u00e9es personnelles.<\/p>\n\n\n\n<p>Le traitement peut \u00e9galement \u00eatre fond\u00e9 sur notre int\u00e9r\u00eat l\u00e9gitime \u00e0 prot\u00e9ger notre image, notre activit\u00e9 et notre trajectoire en pr\u00e9venant les attaques contre notre site web. Dans ce cas, les personnes concern\u00e9es ne peuvent pas s\u2019opposer au traitement, sans pr\u00e9judice de l\u2019exercice des droits reconnus dans la section \u00ab Droits \u00bb de la pr\u00e9sente politique.<\/p>\n\n\n\n<h2 class=\"wp-block-heading\">4. DUR\u00c9E DE CONSERVATION DES DONN\u00c9ES<\/h2>\n\n\n\n<p>Les donn\u00e9es personnelles fournies seront conserv\u00e9es pendant la dur\u00e9e n\u00e9cessaire \u00e0 la r\u00e9alisation des finalit\u00e9s pour lesquelles elles ont \u00e9t\u00e9 initialement collect\u00e9es.<\/p>\n\n\n\n<p>Une fois que les donn\u00e9es ne seront plus n\u00e9cessaires au traitement concern\u00e9, elles seront d\u00fbment bloqu\u00e9es et, le cas \u00e9ch\u00e9ant, mises \u00e0 la disposition des administrations et organismes publics comp\u00e9tents, des juges et tribunaux et du minist\u00e8re public pendant le d\u00e9lai de prescription des actions pouvant d\u00e9couler de la relation avec le client ainsi que pendant les d\u00e9lais de conservation pr\u00e9vus par la loi.<\/p>\n\n\n\n<p>Si vous nous avez fourni votre curriculum vitae, nous conserverons vos donn\u00e9es pendant une p\u00e9riode maximale d\u2019un an \u00e0 compter de sa r\u00e9ception. \u00c0 l\u2019issue de cette p\u00e9riode, elles seront supprim\u00e9es sauf si vous avez mis \u00e0 jour vos donn\u00e9es ou nous avez autoris\u00e9s \u00e0 les conserver pour une p\u00e9riode plus longue que celle indiqu\u00e9e. \u00c0 toutes fins utiles, il vous est rappel\u00e9 que vous pouvez retirer votre consentement \u00e0 tout moment.<\/p>\n\n\n\n<h2 class=\"wp-block-heading\">5. D\u00c9CISIONS AUTOMATIS\u00c9ES ET PROFILAGE<\/h2>\n\n\n\n<p>Le site web ne prend pas de d\u00e9cisions automatis\u00e9es et ne r\u00e9alise pas de profilage.<\/p>\n\n\n\n<h2 class=\"wp-block-heading\">6. DESTINATAIRES<\/h2>\n\n\n\n<p>Pendant la dur\u00e9e du traitement de vos donn\u00e9es personnelles, l\u2019organisation pourra communiquer vos donn\u00e9es aux destinataires suivants :<\/p>\n\n\n\n<ul class=\"wp-block-list\">\n<li>Juges et tribunaux<\/li>\n\n\n\n<li>Forces et corps de s\u00e9curit\u00e9 de l\u2019\u00c9tat<\/li>\n\n\n\n<li>Autres autorit\u00e9s ou organismes publics comp\u00e9tents lorsque le responsable a l\u2019obligation l\u00e9gale de fournir des donn\u00e9es personnelles<\/li>\n<\/ul>\n\n\n\n<h2 class=\"wp-block-heading\">7. TRANSFERTS INTERNATIONAUX DE DONN\u00c9ES<\/h2>\n\n\n\n<p>L\u2019organisation ne r\u00e9alise pas de transferts internationaux de donn\u00e9es.<\/p>\n\n\n\n<h2 class=\"wp-block-heading\">8. DROITS<\/h2>\n\n\n\n<p>Les personnes concern\u00e9es peuvent demander des informations suppl\u00e9mentaires concernant le traitement de leurs donn\u00e9es personnelles et exercer \u00e0 tout moment et gratuitement leurs droits d\u2019acc\u00e8s, de rectification et de suppression, demander la limitation du traitement, s\u2019y opposer, demander la portabilit\u00e9 des donn\u00e9es (lorsque cela est techniquement possible) ou retirer tout consentement donn\u00e9 et, le cas \u00e9ch\u00e9ant, ne pas faire l\u2019objet de d\u00e9cisions fond\u00e9es exclusivement sur un traitement automatis\u00e9, y compris le profilage.<\/p>\n\n\n\n<p>Vous pouvez exercer ces droits au moyen des formulaires mis \u00e0 disposition par l\u2019organisation ou en envoyant un courrier \u00e0 l\u2019adresse postale ou \u00e9lectronique indiqu\u00e9e en en-t\u00eate. \u00c0 toutes fins utiles, nous vous informons que nous pourrons vous demander une pi\u00e8ce d\u2019identit\u00e9 ou un document \u00e9quivalent afin de v\u00e9rifier votre identit\u00e9, \u00e0 condition que cela ne puisse \u00eatre r\u00e9alis\u00e9 par d\u2019autres moyens moins intrusifs.<\/p>\n\n\n\n<p>Si vous estimez que vos droits en mati\u00e8re de protection des donn\u00e9es personnelles ont \u00e9t\u00e9 viol\u00e9s, notamment lorsque vous n\u2019avez pas obtenu satisfaction dans l\u2019exercice de vos droits, vous pouvez introduire une r\u00e9clamation aupr\u00e8s de l\u2019Autorit\u00e9 de contr\u00f4le comp\u00e9tente (Agence Espagnole de Protection des Donn\u00e9es), via son site web <a href=\"http:\/\/www.aepd.es\">www.aepd.es<\/a>.<\/p>\n\n\n\n<p>Conform\u00e9ment \u00e0 l\u2019article 21 de la Loi 34\/2002 relative aux services de la soci\u00e9t\u00e9 de l\u2019information et au commerce \u00e9lectronique, si vous ne souhaitez pas recevoir d\u2019informations concernant nos services, vous pouvez vous d\u00e9sinscrire en envoyant un courrier \u00e9lectronique \u00e0 <a href=\"mailto:protecciondedatos@prosolia.com\">protecciondedatos@prosolia.com<\/a> en indiquant \u00ab UNSUBSCRIBE \u00bb en objet.<\/p>\n\n\n\n<h2 class=\"wp-block-heading\">9. EXACTITUDE DES DONN\u00c9ES<\/h2>\n\n\n\n<p>La personne concern\u00e9e garantit que les donn\u00e9es fournies sont v\u00e9ridiques, exactes, compl\u00e8tes et \u00e0 jour et s\u2019engage \u00e0 notifier toute modification par les canaux pr\u00e9vus \u00e0 cet effet et indiqu\u00e9s \u00e0 la section 1 de la pr\u00e9sente politique. La personne concern\u00e9e sera responsable des dommages directs et indirects r\u00e9sultant du non-respect de cette obligation.<\/p>\n\n\n\n<p>Les utilisateurs fournissant des donn\u00e9es appartenant \u00e0 des tiers d\u00e9clarent le faire avec le consentement des personnes concern\u00e9es et s\u2019engagent \u00e0 les informer du contenu de la pr\u00e9sente clause, d\u00e9gageant l\u2019organisation de toute responsabilit\u00e9 d\u00e9coulant du non-respect de cette obligation.<\/p>\n\n\n\n<h2 class=\"wp-block-heading\">10. R\u00c9SEAUX SOCIAUX<\/h2>\n\n\n\n<p>Afin de vous encourager \u00e0 participer \u00e0 nos activit\u00e9s et de vous tenir inform\u00e9 de nos actualit\u00e9s, nous vous informons que PROSOLIA INTERNACIONAL SL a cr\u00e9\u00e9 un profil sur les r\u00e9seaux sociaux.<\/p>\n\n\n\n<p>Tous les utilisateurs sont invit\u00e9s \u00e0 rejoindre nos r\u00e9seaux sociaux ou groupes. Toutefois, veuillez noter que, sauf si nous vous demandons directement vos donn\u00e9es (par exemple, dans le cadre d\u2019actions marketing, de concours, de promotions ou de toute autre forme valable), vos donn\u00e9es appartiendront au r\u00e9seau social correspondant ; nous vous recommandons donc de lire attentivement leurs conditions d\u2019utilisation et politiques de confidentialit\u00e9 et de configurer vos pr\u00e9f\u00e9rences concernant le traitement de vos donn\u00e9es.<\/p>\n\n\n\n<h2 class=\"wp-block-heading\">11. MODIFICATIONS ET MISES \u00c0 JOUR<\/h2>\n\n\n\n<p>La pr\u00e9sente politique de confidentialit\u00e9 pourra \u00eatre modifi\u00e9e ou mise \u00e0 jour afin de respecter les exigences l\u00e9gales, de s\u2019adapter aux instructions \u00e9mises par l\u2019Agence Espagnole de Protection des Donn\u00e9es ou en raison de modifications apport\u00e9es \u00e0 notre site web.<\/p>\n\n\n\n<p>Nous recommandons donc aux utilisateurs de relire r\u00e9guli\u00e8rement la Politique de confidentialit\u00e9.<\/p>\n\n\n\n<p>Si vous avez des questions concernant cette politique, vous pouvez contacter PROSOLIA INTERNACIONAL SL via les formulaires mis \u00e0 disposition par l\u2019organisation ou en envoyant un courrier \u00e0 l\u2019adresse postale ou \u00e9lectronique indiqu\u00e9e en en-t\u00eate.<\/p>\n\n\n\n<p><\/p>\n<\/div>\n","protected":false},"excerpt":{"rendered":"<p>L\u2019objet de la pr\u00e9sente politique est d\u2019informer les personnes concern\u00e9es sur la mani\u00e8re dont cette organisation traite les donn\u00e9es \u00e0&#8230;<\/p>\n","protected":false},"author":1,"featured_media":0,"parent":0,"menu_order":98,"comment_status":"closed","ping_status":"closed","template":"","meta":{"_acf_changed":false,"footnotes":""},"class_list":["post-4850","page","type-page","status-publish","hentry"],"acf":[],"yoast_head":"<!-- This site is optimized with the Yoast SEO plugin v27.1.1 - https:\/\/yoast.com\/product\/yoast-seo-wordpress\/ -->\n<title>Politique de confidentialit\u00e9 - Prosolia Energy<\/title>\n<meta name=\"robots\" content=\"noindex, nofollow\" \/>\n<meta property=\"og:locale\" content=\"fr_FR\" \/>\n<meta property=\"og:type\" content=\"article\" \/>\n<meta property=\"og:title\" content=\"Politique de confidentialit\u00e9 - Prosolia Energy\" \/>\n<meta property=\"og:description\" content=\"L\u2019objet de la pr\u00e9sente politique est d\u2019informer les personnes concern\u00e9es sur la mani\u00e8re dont cette organisation traite les donn\u00e9es \u00e0...\" \/>\n<meta property=\"og:url\" content=\"https:\/\/prosolia.com\/fr\/politique-de-confidentialite\/\" \/>\n<meta property=\"og:site_name\" content=\"Prosolia Energy\" \/>\n<meta property=\"article:modified_time\" content=\"2026-03-02T19:04:34+00:00\" \/>\n<meta property=\"og:image\" content=\"https:\/\/prosolia.com\/app\/uploads\/2025\/12\/PV-Plant-3.png\" \/>\n\t<meta property=\"og:image:width\" content=\"1200\" \/>\n\t<meta property=\"og:image:height\" content=\"1200\" \/>\n\t<meta property=\"og:image:type\" content=\"image\/png\" \/>\n<meta name=\"twitter:card\" content=\"summary_large_image\" \/>\n<meta name=\"twitter:site\" content=\"@prosoliae\" \/>\n<meta name=\"twitter:label1\" content=\"Est. reading time\" \/>\n\t<meta name=\"twitter:data1\" content=\"7 minutes\" \/>\n<script type=\"application\/ld+json\" class=\"yoast-schema-graph\">{\"@context\":\"https:\/\/schema.org\",\"@graph\":[{\"@type\":\"WebPage\",\"@id\":\"https:\/\/prosolia.com\/fr\/politique-de-confidentialite\/\",\"url\":\"https:\/\/prosolia.com\/fr\/politique-de-confidentialite\/\",\"name\":\"Politique de confidentialit\u00e9 - Prosolia Energy\",\"isPartOf\":{\"@id\":\"http:\/\/prosolia.com\/fr\/#website\"},\"primaryImageOfPage\":{\"@id\":\"https:\/\/prosolia.com\/fr\/politique-de-confidentialite\/#primaryimage\"},\"image\":{\"@id\":\"https:\/\/prosolia.com\/fr\/politique-de-confidentialite\/#primaryimage\"},\"thumbnailUrl\":\"https:\/\/prosolia.com\/app\/uploads\/2025\/12\/PV-Plant-3.png\",\"datePublished\":\"2025-02-10T09:54:34+00:00\",\"dateModified\":\"2026-03-02T19:04:34+00:00\",\"breadcrumb\":{\"@id\":\"https:\/\/prosolia.com\/fr\/politique-de-confidentialite\/#breadcrumb\"},\"inLanguage\":\"fr-FR\",\"potentialAction\":[{\"@type\":\"ReadAction\",\"target\":[\"https:\/\/prosolia.com\/fr\/politique-de-confidentialite\/\"]}]},{\"@type\":\"ImageObject\",\"inLanguage\":\"fr-FR\",\"@id\":\"https:\/\/prosolia.com\/fr\/politique-de-confidentialite\/#primaryimage\",\"url\":\"https:\/\/prosolia.com\/app\/uploads\/2025\/12\/PV-Plant-3.png\",\"contentUrl\":\"https:\/\/prosolia.com\/app\/uploads\/2025\/12\/PV-Plant-3.png\"},{\"@type\":\"BreadcrumbList\",\"@id\":\"https:\/\/prosolia.com\/fr\/politique-de-confidentialite\/#breadcrumb\",\"itemListElement\":[{\"@type\":\"ListItem\",\"position\":1,\"name\":\"Home\",\"item\":\"https:\/\/prosolia.com\/fr\/\"},{\"@type\":\"ListItem\",\"position\":2,\"name\":\"Politique de confidentialit\u00e9\"}]},{\"@type\":\"WebSite\",\"@id\":\"http:\/\/prosolia.com\/fr\/#website\",\"url\":\"http:\/\/prosolia.com\/fr\/\",\"name\":\"Prosolia Energy\",\"description\":\"Prosolia Energy est une entreprise leader dans le domaine des \u00e9nergies renouvelables, sp\u00e9cialis\u00e9e dans les solutions d\u00e9carbon\u00e9es, notamment les projets photovolta\u00efques, \u00e9oliens et de stockage d'\u00e9nergie.\",\"publisher\":{\"@id\":\"http:\/\/prosolia.com\/fr\/#organization\"},\"potentialAction\":[{\"@type\":\"SearchAction\",\"target\":{\"@type\":\"EntryPoint\",\"urlTemplate\":\"http:\/\/prosolia.com\/fr\/?s={search_term_string}\"},\"query-input\":{\"@type\":\"PropertyValueSpecification\",\"valueRequired\":true,\"valueName\":\"search_term_string\"}}],\"inLanguage\":\"fr-FR\"},{\"@type\":\"Organization\",\"@id\":\"http:\/\/prosolia.com\/fr\/#organization\",\"name\":\"Prosolia Energy\",\"url\":\"http:\/\/prosolia.com\/fr\/\",\"logo\":{\"@type\":\"ImageObject\",\"inLanguage\":\"fr-FR\",\"@id\":\"http:\/\/prosolia.com\/fr\/#\/schema\/logo\/image\/\",\"url\":\"https:\/\/prosolia.com\/app\/uploads\/2026\/03\/brand-logo-primary.png\",\"contentUrl\":\"https:\/\/prosolia.com\/app\/uploads\/2026\/03\/brand-logo-primary.png\",\"width\":600,\"height\":600,\"caption\":\"Prosolia Energy\"},\"image\":{\"@id\":\"http:\/\/prosolia.com\/fr\/#\/schema\/logo\/image\/\"},\"sameAs\":[\"https:\/\/x.com\/prosoliae\",\"https:\/\/www.instagram.com\/prosolia_energy\/\",\"https:\/\/es.linkedin.com\/company\/prosolia-energy-group\",\"https:\/\/www.youtube.com\/channel\/UCg-iDtdvSYu0xBqkhSs6aRw\"]}]}<\/script>\n<!-- \/ Yoast SEO plugin. -->","yoast_head_json":{"title":"Politique de confidentialit\u00e9 - Prosolia Energy","robots":{"index":"noindex","follow":"nofollow"},"og_locale":"fr_FR","og_type":"article","og_title":"Politique de confidentialit\u00e9 - Prosolia Energy","og_description":"L\u2019objet de la pr\u00e9sente politique est d\u2019informer les personnes concern\u00e9es sur la mani\u00e8re dont cette organisation traite les donn\u00e9es \u00e0...","og_url":"https:\/\/prosolia.com\/fr\/politique-de-confidentialite\/","og_site_name":"Prosolia Energy","article_modified_time":"2026-03-02T19:04:34+00:00","og_image":[{"width":1200,"height":1200,"url":"https:\/\/prosolia.com\/app\/uploads\/2025\/12\/PV-Plant-3.png","type":"image\/png"}],"twitter_card":"summary_large_image","twitter_site":"@prosoliae","twitter_misc":{"Est. reading time":"7 minutes"},"schema":{"@context":"https:\/\/schema.org","@graph":[{"@type":"WebPage","@id":"https:\/\/prosolia.com\/fr\/politique-de-confidentialite\/","url":"https:\/\/prosolia.com\/fr\/politique-de-confidentialite\/","name":"Politique de confidentialit\u00e9 - Prosolia Energy","isPartOf":{"@id":"http:\/\/prosolia.com\/fr\/#website"},"primaryImageOfPage":{"@id":"https:\/\/prosolia.com\/fr\/politique-de-confidentialite\/#primaryimage"},"image":{"@id":"https:\/\/prosolia.com\/fr\/politique-de-confidentialite\/#primaryimage"},"thumbnailUrl":"https:\/\/prosolia.com\/app\/uploads\/2025\/12\/PV-Plant-3.png","datePublished":"2025-02-10T09:54:34+00:00","dateModified":"2026-03-02T19:04:34+00:00","breadcrumb":{"@id":"https:\/\/prosolia.com\/fr\/politique-de-confidentialite\/#breadcrumb"},"inLanguage":"fr-FR","potentialAction":[{"@type":"ReadAction","target":["https:\/\/prosolia.com\/fr\/politique-de-confidentialite\/"]}]},{"@type":"ImageObject","inLanguage":"fr-FR","@id":"https:\/\/prosolia.com\/fr\/politique-de-confidentialite\/#primaryimage","url":"https:\/\/prosolia.com\/app\/uploads\/2025\/12\/PV-Plant-3.png","contentUrl":"https:\/\/prosolia.com\/app\/uploads\/2025\/12\/PV-Plant-3.png"},{"@type":"BreadcrumbList","@id":"https:\/\/prosolia.com\/fr\/politique-de-confidentialite\/#breadcrumb","itemListElement":[{"@type":"ListItem","position":1,"name":"Home","item":"https:\/\/prosolia.com\/fr\/"},{"@type":"ListItem","position":2,"name":"Politique de confidentialit\u00e9"}]},{"@type":"WebSite","@id":"http:\/\/prosolia.com\/fr\/#website","url":"http:\/\/prosolia.com\/fr\/","name":"Prosolia Energy","description":"Prosolia Energy est une entreprise leader dans le domaine des \u00e9nergies renouvelables, sp\u00e9cialis\u00e9e dans les solutions d\u00e9carbon\u00e9es, notamment les projets photovolta\u00efques, \u00e9oliens et de stockage d'\u00e9nergie.","publisher":{"@id":"http:\/\/prosolia.com\/fr\/#organization"},"potentialAction":[{"@type":"SearchAction","target":{"@type":"EntryPoint","urlTemplate":"http:\/\/prosolia.com\/fr\/?s={search_term_string}"},"query-input":{"@type":"PropertyValueSpecification","valueRequired":true,"valueName":"search_term_string"}}],"inLanguage":"fr-FR"},{"@type":"Organization","@id":"http:\/\/prosolia.com\/fr\/#organization","name":"Prosolia Energy","url":"http:\/\/prosolia.com\/fr\/","logo":{"@type":"ImageObject","inLanguage":"fr-FR","@id":"http:\/\/prosolia.com\/fr\/#\/schema\/logo\/image\/","url":"https:\/\/prosolia.com\/app\/uploads\/2026\/03\/brand-logo-primary.png","contentUrl":"https:\/\/prosolia.com\/app\/uploads\/2026\/03\/brand-logo-primary.png","width":600,"height":600,"caption":"Prosolia Energy"},"image":{"@id":"http:\/\/prosolia.com\/fr\/#\/schema\/logo\/image\/"},"sameAs":["https:\/\/x.com\/prosoliae","https:\/\/www.instagram.com\/prosolia_energy\/","https:\/\/es.linkedin.com\/company\/prosolia-energy-group","https:\/\/www.youtube.com\/channel\/UCg-iDtdvSYu0xBqkhSs6aRw"]}]}},"_links":{"self":[{"href":"https:\/\/prosolia.com\/fr\/wp-json\/wp\/v2\/pages\/4850","targetHints":{"allow":["GET"]}}],"collection":[{"href":"https:\/\/prosolia.com\/fr\/wp-json\/wp\/v2\/pages"}],"about":[{"href":"https:\/\/prosolia.com\/fr\/wp-json\/wp\/v2\/types\/page"}],"author":[{"embeddable":true,"href":"https:\/\/prosolia.com\/fr\/wp-json\/wp\/v2\/users\/1"}],"replies":[{"embeddable":true,"href":"https:\/\/prosolia.com\/fr\/wp-json\/wp\/v2\/comments?post=4850"}],"version-history":[{"count":6,"href":"https:\/\/prosolia.com\/fr\/wp-json\/wp\/v2\/pages\/4850\/revisions"}],"predecessor-version":[{"id":12387,"href":"https:\/\/prosolia.com\/fr\/wp-json\/wp\/v2\/pages\/4850\/revisions\/12387"}],"wp:attachment":[{"href":"https:\/\/prosolia.com\/fr\/wp-json\/wp\/v2\/media?parent=4850"}],"curies":[{"name":"wp","href":"https:\/\/api.w.org\/{rel}","templated":true}]}}