{"id":6625,"date":"2025-12-11T18:05:22","date_gmt":"2025-12-11T18:05:22","guid":{"rendered":"https:\/\/prosolia.com\/aviso-legal\/"},"modified":"2026-03-02T19:09:21","modified_gmt":"2026-03-02T19:09:21","slug":"mentions-legales","status":"publish","type":"page","link":"https:\/\/prosolia.com\/fr\/mentions-legales\/","title":{"rendered":"Mentions l\u00e9gales"},"content":{"rendered":"\n<div class=\"wp-block-cover\" style=\"min-height:100vh;aspect-ratio:unset;\"><img loading=\"lazy\" decoding=\"async\" width=\"1200\" height=\"1200\" class=\"wp-block-cover__image-background wp-image-5932 size-full\" alt=\"\" src=\"https:\/\/prosolia.com\/app\/uploads\/2025\/12\/PV-Plant-3.png\" data-object-fit=\"cover\" srcset=\"https:\/\/prosolia.com\/app\/uploads\/2025\/12\/PV-Plant-3.png 1200w, https:\/\/prosolia.com\/app\/uploads\/2025\/12\/PV-Plant-3-300x300.png 300w, https:\/\/prosolia.com\/app\/uploads\/2025\/12\/PV-Plant-3-1024x1024.png 1024w, https:\/\/prosolia.com\/app\/uploads\/2025\/12\/PV-Plant-3-150x150.png 150w, https:\/\/prosolia.com\/app\/uploads\/2025\/12\/PV-Plant-3-768x768.png 768w, https:\/\/prosolia.com\/app\/uploads\/2025\/12\/PV-Plant-3-1080x1080.png 1080w, https:\/\/prosolia.com\/app\/uploads\/2025\/12\/PV-Plant-3-360x360.png 360w, https:\/\/prosolia.com\/app\/uploads\/2025\/12\/PV-Plant-3-648x648.png 648w, https:\/\/prosolia.com\/app\/uploads\/2025\/12\/PV-Plant-3-340x340.png 340w, https:\/\/prosolia.com\/app\/uploads\/2025\/12\/PV-Plant-3-610x610.png 610w\" sizes=\"auto, (max-width: 1200px) 100vw, 1200px\" \/><span aria-hidden=\"true\" class=\"wp-block-cover__background has-secondary-background-color has-background-dim-30 has-background-dim\"><\/span><div class=\"wp-block-cover__inner-container is-layout-constrained wp-block-cover-is-layout-constrained\">\n<div class=\"wp-block-group is-layout-constrained wp-container-core-group-is-layout-a31aa551 wp-block-group-is-layout-constrained\">\n<h2 class=\"wp-block-heading has-text-align-center has-accent-500-color has-text-color has-link-color has-heading-md-font-size wp-elements-94b9ce9677a95c7fb7073e710d1f3d42\" style=\"text-transform:uppercase\">MENTIONS L\u00c9GALES<\/h2>\n\n\n\n<h1 class=\"wp-block-heading has-text-align-center has-primary-color has-text-color has-link-color has-heading-3-xl-font-size wp-elements-4e0367fd879dd6342cb42d213dc72cd2\"><strong>Avis juridique<\/strong><\/h1>\n<\/div>\n\n\n\n<div class=\"wp-block-group flex items-center is-layout-constrained wp-block-group-is-layout-constrained\"><a href=\"#intro\" class=\"anchor-hero-arrow-block inline-flex items-center justify-center\" >\n            <img decoding=\"async\" src=\"https:\/\/prosolia.com\/app\/uploads\/2025\/11\/ico-scroll-down-arrow.svg\" class=\"anchor-icon\" alt=\"\" \/>    <\/a>\n<\/div>\n<\/div><\/div>\n\n\n\n<div id=\"intro\" class=\"wp-block-group is-layout-constrained wp-container-core-group-is-layout-59cc4761 wp-block-group-is-layout-constrained\" style=\"padding-top:var(--wp--preset--spacing--5-xl);padding-bottom:var(--wp--preset--spacing--5-xl)\">\n<p>Conform\u00e9ment aux dispositions de la Loi 34\/2002 du 11 juillet relative aux services de la soci\u00e9t\u00e9 de l\u2019information et au commerce \u00e9lectronique, les informations suivantes sont fournies :<\/p>\n\n\n\n<h2 class=\"wp-block-heading\">INFORMATIONS D\u2019IDENTIFICATION<\/h2>\n\n\n\n<p>Vous visitez le site web <a href=\"https:\/\/prosolia.com\/es\/\">https:\/\/prosolia.com\/es\/<\/a> propri\u00e9t\u00e9 de PROSOLIA INTERNACIONAL SL, dont le si\u00e8ge social est situ\u00e9 C\/ VIENTO N\u00ba 14 (03006 ALICANTE), ALICANTE, N.I.F. B97961452, inscrite au Registre du Commerce d\u2019Alicante, Tome 3919, Folio 16, Feuille A-148395, ci-apr\u00e8s d\u00e9nomm\u00e9e LE PROPRI\u00c9TAIRE.<\/p>\n\n\n\n<p>Vous pouvez contacter le Propri\u00e9taire par l\u2019un des moyens suivants :<\/p>\n\n\n\n<ul class=\"wp-block-list\">\n<li>T\u00e9l\u00e9phone : +34 965 296 650<\/li>\n\n\n\n<li>Email de contact : <a>protecciondedatos@prosolia.com<\/a><\/li>\n<\/ul>\n\n\n\n<h2 class=\"wp-block-heading\">UTILISATEURS<\/h2>\n\n\n\n<p>Par le biais de ce document, nous vous informons des termes et conditions r\u00e9gissant l\u2019acc\u00e8s et l\u2019utilisation des sites web et applications mobiles du Propri\u00e9taire, ainsi que des services et contenus associ\u00e9s \u00e0 ces sites et applications (ci-apr\u00e8s \u00e9galement d\u00e9sign\u00e9s par le(s) site(s) ou les sites web et applications mobiles).<\/p>\n\n\n\n<p>L\u2019acc\u00e8s ou l\u2019utilisation de tout site web et\/ou application du Propri\u00e9taire implique que l\u2019utilisateur acquiert le statut de \u00ab\u202futilisateur\u202f\u00bb et, avec ce statut, assume une s\u00e9rie de droits et obligations.<\/p>\n\n\n\n<p>Il est de votre responsabilit\u00e9 de consulter les conditions l\u00e9gales figurant sur ce site web et de les lire attentivement, ainsi que les politiques de confidentialit\u00e9, de cookies et, le cas \u00e9ch\u00e9ant, les conditions de vente. Nous recommandons de :<\/p>\n\n\n\n<ul class=\"wp-block-list\">\n<li>Les consulter \u00e0 chaque fois que vous souhaitez acc\u00e9der ou utiliser les services et contenus du site, et<\/li>\n\n\n\n<li>En imprimer ou enregistrer une copie sur votre syst\u00e8me.<\/li>\n<\/ul>\n\n\n\n<h2 class=\"wp-block-heading\">UTILISATION DU PORTAIL<\/h2>\n\n\n\n<p>Ce site web fournit l\u2019acc\u00e8s \u00e0 une grande quantit\u00e9 d\u2019informations, services, programmes ou donn\u00e9es (ci-apr\u00e8s \u00ab\u202fles contenus\u202f\u00bb) sur Internet appartenant au Propri\u00e9taire ou \u00e0 ses conc\u00e9dants, auxquels l\u2019Utilisateur peut avoir acc\u00e8s.<\/p>\n\n\n\n<p>L\u2019Utilisateur assume la responsabilit\u00e9 de l\u2019utilisation du portail. Cette responsabilit\u00e9 s\u2019\u00e9tend \u00e0 tout enregistrement n\u00e9cessaire pour acc\u00e9der \u00e0 certains services ou contenus. Lors de cet enregistrement, l\u2019Utilisateur est responsable de fournir des informations exactes et l\u00e9gales. Suite \u00e0 cet enregistrement, l\u2019Utilisateur peut se voir attribuer un mot de passe dont il est responsable et s\u2019engage \u00e0 l\u2019utiliser de mani\u00e8re diligente et confidentielle.<\/p>\n\n\n\n<p>L\u2019Utilisateur s\u2019engage \u00e0 faire un usage appropri\u00e9 des contenus et services (par exemple, services de chat, forums de discussion ou groupes de discussion) offerts par le Propri\u00e9taire via le portail et, \u00e0 titre \u00e9nonciatif mais non limitatif, \u00e0 ne pas les utiliser pour :<\/p>\n\n\n\n<ul class=\"wp-block-list\">\n<li>Se livrer \u00e0 des activit\u00e9s illicites, ill\u00e9gales ou contraires \u00e0 la bonne foi et \u00e0 l\u2019ordre public.<\/li>\n\n\n\n<li>Diffuser des contenus ou propagandes racistes, x\u00e9nophobes, pornographiques ill\u00e9gaux, faisant l\u2019apologie du terrorisme ou portant atteinte aux droits humains.<\/li>\n\n\n\n<li>Causer des dommages aux syst\u00e8mes physiques ou logiques du Propri\u00e9taire, de ses fournisseurs ou de tiers, introduire ou diffuser des virus informatiques ou tout autre \u00e9l\u00e9ment susceptible de provoquer les dommages susmentionn\u00e9s.<\/li>\n\n\n\n<li>Tenter d\u2019acc\u00e9der et, le cas \u00e9ch\u00e9ant, d\u2019utiliser les comptes email d\u2019autres utilisateurs et modifier ou manipuler leurs messages.<\/li>\n\n\n\n<li>Utiliser le site web ou les informations qu\u2019il contient \u00e0 des fins commerciales, politiques, publicitaires ou pour tout usage commercial, en particulier l\u2019envoi de courriels non sollicit\u00e9s.<\/li>\n<\/ul>\n\n\n\n<p>Le Propri\u00e9taire se r\u00e9serve le droit de retirer tous les commentaires ou contributions portant atteinte \u00e0 la dignit\u00e9 humaine, discriminatoires, x\u00e9nophobes, racistes, pornographiques, nuisibles aux jeunes ou aux enfants, ou qui, selon son jugement, ne sont pas adapt\u00e9s \u00e0 la publication. En tout \u00e9tat de cause, le Propri\u00e9taire n\u2019est pas responsable des opinions exprim\u00e9es par les utilisateurs via les forums, chats ou autres outils de participation.<\/p>\n\n\n\n<h2 class=\"wp-block-heading\">PROTECTION DES DONN\u00c9ES<\/h2>\n\n\n\n<p>Toutes les questions relatives au traitement de vos donn\u00e9es personnelles sont couvertes par la politique de confidentialit\u00e9.<\/p>\n\n\n\n<h2 class=\"wp-block-heading\">CONTENUS, PROPRI\u00c9T\u00c9 INTELLECTUELLE ET INDUSTRIELLE<\/h2>\n\n\n\n<p>Le Propri\u00e9taire est propri\u00e9taire de tous les droits de propri\u00e9t\u00e9 intellectuelle et industrielle de son site web, ainsi que des \u00e9l\u00e9ments qui y figurent (par exemple\u202f: images, photographies, sons, audio, vid\u00e9os, logiciels ou textes\u202f; marques ou logos, combinaisons de couleurs, structure et conception, s\u00e9lection des mat\u00e9riaux utilis\u00e9s, programmes informatiques n\u00e9cessaires \u00e0 son fonctionnement, acc\u00e8s et utilisation, etc.), appartenant au Propri\u00e9taire ou \u00e0 ses conc\u00e9dants.<\/p>\n\n\n\n<p>Tous droits r\u00e9serv\u00e9s. Conform\u00e9ment aux articles 8 et 32.1, deuxi\u00e8me paragraphe, de la Loi sur la Propri\u00e9t\u00e9 Intellectuelle, la reproduction, distribution et communication publique, y compris la mise \u00e0 disposition, de tout ou partie du contenu de ce site web \u00e0 des fins commerciales, sur tout support et par tout moyen technique, est strictement interdite sans l\u2019autorisation du Propri\u00e9taire.<\/p>\n\n\n\n<h2 class=\"wp-block-heading\">EXCLUSION DE GARANTIES ET RESPONSABILIT\u00c9<\/h2>\n\n\n\n<p>L\u2019Utilisateur reconna\u00eet que l\u2019utilisation du site web, de ses contenus et services se fait sous sa seule responsabilit\u00e9. Plus pr\u00e9cis\u00e9ment, \u00e0 titre d\u2019exemple\u202f:<\/p>\n\n\n\n<ul class=\"wp-block-list\">\n<li>La disponibilit\u00e9, le fonctionnement, la qualit\u00e9 ou l\u2019interop\u00e9rabilit\u00e9 du site web, de ses services et contenus.<\/li>\n\n\n\n<li>L\u2019ad\u00e9quation du site web aux objectifs de l\u2019Utilisateur.<\/li>\n\n\n\n<li>La violation de la l\u00e9gislation en vigueur par l\u2019Utilisateur ou des tiers, notamment les droits de propri\u00e9t\u00e9 intellectuelle et industrielle appartenant \u00e0 d\u2019autres personnes ou entit\u00e9s.<\/li>\n\n\n\n<li>La pr\u00e9sence de codes malveillants ou tout autre \u00e9l\u00e9ment informatique nuisible pouvant affecter le syst\u00e8me informatique de l\u2019Utilisateur ou de tiers. L\u2019Utilisateur doit disposer des outils appropri\u00e9s pour d\u00e9tecter et \u00e9liminer ces \u00e9l\u00e9ments.<\/li>\n\n\n\n<li>L\u2019acc\u00e8s frauduleux aux contenus ou services par des tiers non autoris\u00e9s ou la capture, suppression, alt\u00e9ration ou manipulation des messages ou communications par ces tiers.<\/li>\n\n\n\n<li>Les dommages aux \u00e9quipements informatiques lors de l\u2019acc\u00e8s au site web et les dommages aux Utilisateurs caus\u00e9s par des d\u00e9faillances ou interruptions dans les r\u00e9seaux de t\u00e9l\u00e9communications.<\/li>\n\n\n\n<li>Les dommages ou pr\u00e9judices r\u00e9sultant de cas fortuits ou de force majeure.<\/li>\n<\/ul>\n\n\n\n<p>Dans le cas des forums ou espaces similaires, les messages refl\u00e8tent uniquement l\u2019opinion de l\u2019Utilisateur qui les envoie, qui en est le seul responsable. Le Propri\u00e9taire n\u2019est pas responsable du contenu des messages envoy\u00e9s par les Utilisateurs.<\/p>\n\n\n\n<h2 class=\"wp-block-heading\">MODIFICATION DE CET AVIS L\u00c9GAL ET DUR\u00c9E<\/h2>\n\n\n\n<p>Le Propri\u00e9taire se r\u00e9serve le droit d\u2019apporter, sans pr\u00e9avis, les modifications qu\u2019il juge opportunes \u00e0 son portail, y compris modifier, supprimer ou ajouter tout contenu ou service fourni via le portail, ainsi que leur pr\u00e9sentation ou localisation sur celui-ci.<\/p>\n\n\n\n<p>La validit\u00e9 des conditions d\u00e9pend de leur exposition et restera en vigueur jusqu\u2019\u00e0 ce qu\u2019elles soient remplac\u00e9es par d\u2019autres conditions d\u00fbment publi\u00e9es.<\/p>\n\n\n\n<h2 class=\"wp-block-heading\">LIENS<\/h2>\n\n\n\n<p>Si <a href=\"https:\/\/prosolia.com\/es\/\">https:\/\/prosolia.com\/es\/<\/a> contient des liens ou hyperliens vers d\u2019autres sites Internet, le Propri\u00e9taire n\u2019exerce aucun contr\u00f4le sur ces sites ou leur contenu. En aucun cas le Propri\u00e9taire ne sera responsable du contenu d\u2019un lien vers un site externe, ni ne garantira la disponibilit\u00e9 technique, qualit\u00e9, fiabilit\u00e9, exactitude, exhaustivit\u00e9, v\u00e9racit\u00e9, validit\u00e9 ou l\u00e9galit\u00e9 des informations contenues sur ces sites. L\u2019inclusion de ces liens externes n\u2019implique aucune association, fusion ou participation avec les entit\u00e9s concern\u00e9es.<\/p>\n\n\n\n<h2 class=\"wp-block-heading\">DROITS D\u2019EXCLUSION<\/h2>\n\n\n\n<p>Le Propri\u00e9taire se r\u00e9serve le droit de refuser ou de retirer l\u2019acc\u00e8s au portail et\/ou aux services offerts sans pr\u00e9avis, \u00e0 sa propre discr\u00e9tion ou \u00e0 la demande d\u2019un tiers, pour les utilisateurs enfreignant cet avis l\u00e9gal.<\/p>\n\n\n\n<h2 class=\"wp-block-heading\">G\u00c9N\u00c9RALIT\u00c9S<\/h2>\n\n\n\n<p>Le Propri\u00e9taire poursuivra toute violation des pr\u00e9sentes conditions ainsi que toute utilisation abusive du portail, en exer\u00e7ant toutes les actions civiles et p\u00e9nales pr\u00e9vues par la loi.<\/p>\n\n\n\n<h2 class=\"wp-block-heading\">LOI APPLICABLE ET JURIDICTION<\/h2>\n\n\n\n<p>La relation entre le Propri\u00e9taire et l\u2019Utilisateur est r\u00e9gie par la l\u00e9gislation espagnole en vigueur. Tous les litiges et r\u00e9clamations d\u00e9coulant de cet avis l\u00e9gal seront r\u00e9solus par les tribunaux espagnols comp\u00e9tents pour les consommateurs et utilisateurs.<\/p>\n\n\n\n<h2 class=\"wp-block-heading\">MINEURS<\/h2>\n\n\n\n<p>Ce site s\u2019adresse aux utilisateurs \u00e2g\u00e9s de plus de 18 ans. Les mineurs ne sont pas autoris\u00e9s \u00e0 utiliser nos services et ne doivent pas nous fournir leurs donn\u00e9es personnelles. Si tel \u00e9tait le cas, le Propri\u00e9taire ne pourra \u00eatre tenu responsable des cons\u00e9quences \u00e9ventuelles d\u00e9coulant de cette violation.<\/p>\n\n\n\n<h2 class=\"wp-block-heading\">MESURES DE S\u00c9CURIT\u00c9 \u2013 SSL<\/h2>\n\n\n\n<p>Le Propri\u00e9taire a souscrit pour son site un certificat SSL (\u00ab\u202fSecure Sockets Layer\u202f\u00bb).<\/p>\n\n\n\n<p>Un certificat SSL permet de prot\u00e9ger toutes les informations personnelles et confidentielles trait\u00e9es sur un site web, qu\u2019il s\u2019agisse des informations transmises via les formulaires de contact, des donn\u00e9es saisies pour l\u2019inscription \u00e0 des newsletters, ou pour l\u2019acc\u00e8s aux zones prot\u00e9g\u00e9es.<\/p>\n\n\n\n<p>L\u2019adresse du site appara\u00eetra en vert, avec le protocole \u00ab\u202fhttps\u202f\u00bb activ\u00e9, garantissant une connexion s\u00e9curis\u00e9e entre le serveur web et le navigateur de l\u2019utilisateur.<\/p>\n\n\n\n<p><strong>Derni\u00e8re r\u00e9vision : 7 septembre 2021<\/strong><\/p>\n<\/div>\n","protected":false},"excerpt":{"rendered":"<p>Conform\u00e9ment aux dispositions de la Loi 34\/2002 du 11 juillet relative aux services de la soci\u00e9t\u00e9 de l\u2019information et au&#8230;<\/p>\n","protected":false},"author":1,"featured_media":0,"parent":0,"menu_order":100,"comment_status":"closed","ping_status":"closed","template":"","meta":{"_acf_changed":false,"footnotes":""},"class_list":["post-6625","page","type-page","status-publish","hentry"],"acf":[],"yoast_head":"<!-- This site is optimized with the Yoast SEO plugin v27.1.1 - https:\/\/yoast.com\/product\/yoast-seo-wordpress\/ -->\n<title>Mentions l\u00e9gales - Prosolia Energy<\/title>\n<meta name=\"robots\" content=\"noindex, nofollow\" \/>\n<meta property=\"og:locale\" content=\"fr_FR\" \/>\n<meta property=\"og:type\" content=\"article\" \/>\n<meta property=\"og:title\" content=\"Mentions l\u00e9gales - Prosolia Energy\" \/>\n<meta property=\"og:description\" content=\"Conform\u00e9ment aux dispositions de la Loi 34\/2002 du 11 juillet relative aux services de la soci\u00e9t\u00e9 de l\u2019information et au...\" \/>\n<meta property=\"og:url\" content=\"https:\/\/prosolia.com\/fr\/mentions-legales\/\" \/>\n<meta property=\"og:site_name\" content=\"Prosolia Energy\" \/>\n<meta property=\"article:modified_time\" content=\"2026-03-02T19:09:21+00:00\" \/>\n<meta property=\"og:image\" content=\"https:\/\/prosolia.com\/app\/uploads\/2025\/12\/PV-Plant-3.png\" \/>\n\t<meta property=\"og:image:width\" content=\"1200\" \/>\n\t<meta property=\"og:image:height\" content=\"1200\" \/>\n\t<meta property=\"og:image:type\" content=\"image\/png\" \/>\n<meta name=\"twitter:card\" content=\"summary_large_image\" \/>\n<meta name=\"twitter:site\" content=\"@prosoliae\" \/>\n<meta name=\"twitter:label1\" content=\"Est. reading time\" \/>\n\t<meta name=\"twitter:data1\" content=\"6 minutes\" \/>\n<script type=\"application\/ld+json\" class=\"yoast-schema-graph\">{\"@context\":\"https:\/\/schema.org\",\"@graph\":[{\"@type\":\"WebPage\",\"@id\":\"https:\/\/prosolia.com\/fr\/mentions-legales\/\",\"url\":\"https:\/\/prosolia.com\/fr\/mentions-legales\/\",\"name\":\"Mentions l\u00e9gales - Prosolia Energy\",\"isPartOf\":{\"@id\":\"http:\/\/prosolia.com\/fr\/#website\"},\"primaryImageOfPage\":{\"@id\":\"https:\/\/prosolia.com\/fr\/mentions-legales\/#primaryimage\"},\"image\":{\"@id\":\"https:\/\/prosolia.com\/fr\/mentions-legales\/#primaryimage\"},\"thumbnailUrl\":\"https:\/\/prosolia.com\/app\/uploads\/2025\/12\/PV-Plant-3.png\",\"datePublished\":\"2025-12-11T18:05:22+00:00\",\"dateModified\":\"2026-03-02T19:09:21+00:00\",\"breadcrumb\":{\"@id\":\"https:\/\/prosolia.com\/fr\/mentions-legales\/#breadcrumb\"},\"inLanguage\":\"fr-FR\",\"potentialAction\":[{\"@type\":\"ReadAction\",\"target\":[\"https:\/\/prosolia.com\/fr\/mentions-legales\/\"]}]},{\"@type\":\"ImageObject\",\"inLanguage\":\"fr-FR\",\"@id\":\"https:\/\/prosolia.com\/fr\/mentions-legales\/#primaryimage\",\"url\":\"https:\/\/prosolia.com\/app\/uploads\/2025\/12\/PV-Plant-3.png\",\"contentUrl\":\"https:\/\/prosolia.com\/app\/uploads\/2025\/12\/PV-Plant-3.png\"},{\"@type\":\"BreadcrumbList\",\"@id\":\"https:\/\/prosolia.com\/fr\/mentions-legales\/#breadcrumb\",\"itemListElement\":[{\"@type\":\"ListItem\",\"position\":1,\"name\":\"Home\",\"item\":\"https:\/\/prosolia.com\/fr\/\"},{\"@type\":\"ListItem\",\"position\":2,\"name\":\"Mentions l\u00e9gales\"}]},{\"@type\":\"WebSite\",\"@id\":\"http:\/\/prosolia.com\/fr\/#website\",\"url\":\"http:\/\/prosolia.com\/fr\/\",\"name\":\"Prosolia Energy\",\"description\":\"Prosolia Energy est une entreprise leader dans le domaine des \u00e9nergies renouvelables, sp\u00e9cialis\u00e9e dans les solutions d\u00e9carbon\u00e9es, notamment les projets photovolta\u00efques, \u00e9oliens et de stockage d'\u00e9nergie.\",\"publisher\":{\"@id\":\"http:\/\/prosolia.com\/fr\/#organization\"},\"potentialAction\":[{\"@type\":\"SearchAction\",\"target\":{\"@type\":\"EntryPoint\",\"urlTemplate\":\"http:\/\/prosolia.com\/fr\/?s={search_term_string}\"},\"query-input\":{\"@type\":\"PropertyValueSpecification\",\"valueRequired\":true,\"valueName\":\"search_term_string\"}}],\"inLanguage\":\"fr-FR\"},{\"@type\":\"Organization\",\"@id\":\"http:\/\/prosolia.com\/fr\/#organization\",\"name\":\"Prosolia Energy\",\"url\":\"http:\/\/prosolia.com\/fr\/\",\"logo\":{\"@type\":\"ImageObject\",\"inLanguage\":\"fr-FR\",\"@id\":\"http:\/\/prosolia.com\/fr\/#\/schema\/logo\/image\/\",\"url\":\"https:\/\/prosolia.com\/app\/uploads\/2026\/03\/brand-logo-primary.png\",\"contentUrl\":\"https:\/\/prosolia.com\/app\/uploads\/2026\/03\/brand-logo-primary.png\",\"width\":600,\"height\":600,\"caption\":\"Prosolia Energy\"},\"image\":{\"@id\":\"http:\/\/prosolia.com\/fr\/#\/schema\/logo\/image\/\"},\"sameAs\":[\"https:\/\/x.com\/prosoliae\",\"https:\/\/www.instagram.com\/prosolia_energy\/\",\"https:\/\/es.linkedin.com\/company\/prosolia-energy-group\",\"https:\/\/www.youtube.com\/channel\/UCg-iDtdvSYu0xBqkhSs6aRw\"]}]}<\/script>\n<!-- \/ Yoast SEO plugin. -->","yoast_head_json":{"title":"Mentions l\u00e9gales - Prosolia Energy","robots":{"index":"noindex","follow":"nofollow"},"og_locale":"fr_FR","og_type":"article","og_title":"Mentions l\u00e9gales - Prosolia Energy","og_description":"Conform\u00e9ment aux dispositions de la Loi 34\/2002 du 11 juillet relative aux services de la soci\u00e9t\u00e9 de l\u2019information et au...","og_url":"https:\/\/prosolia.com\/fr\/mentions-legales\/","og_site_name":"Prosolia Energy","article_modified_time":"2026-03-02T19:09:21+00:00","og_image":[{"width":1200,"height":1200,"url":"https:\/\/prosolia.com\/app\/uploads\/2025\/12\/PV-Plant-3.png","type":"image\/png"}],"twitter_card":"summary_large_image","twitter_site":"@prosoliae","twitter_misc":{"Est. reading time":"6 minutes"},"schema":{"@context":"https:\/\/schema.org","@graph":[{"@type":"WebPage","@id":"https:\/\/prosolia.com\/fr\/mentions-legales\/","url":"https:\/\/prosolia.com\/fr\/mentions-legales\/","name":"Mentions l\u00e9gales - Prosolia Energy","isPartOf":{"@id":"http:\/\/prosolia.com\/fr\/#website"},"primaryImageOfPage":{"@id":"https:\/\/prosolia.com\/fr\/mentions-legales\/#primaryimage"},"image":{"@id":"https:\/\/prosolia.com\/fr\/mentions-legales\/#primaryimage"},"thumbnailUrl":"https:\/\/prosolia.com\/app\/uploads\/2025\/12\/PV-Plant-3.png","datePublished":"2025-12-11T18:05:22+00:00","dateModified":"2026-03-02T19:09:21+00:00","breadcrumb":{"@id":"https:\/\/prosolia.com\/fr\/mentions-legales\/#breadcrumb"},"inLanguage":"fr-FR","potentialAction":[{"@type":"ReadAction","target":["https:\/\/prosolia.com\/fr\/mentions-legales\/"]}]},{"@type":"ImageObject","inLanguage":"fr-FR","@id":"https:\/\/prosolia.com\/fr\/mentions-legales\/#primaryimage","url":"https:\/\/prosolia.com\/app\/uploads\/2025\/12\/PV-Plant-3.png","contentUrl":"https:\/\/prosolia.com\/app\/uploads\/2025\/12\/PV-Plant-3.png"},{"@type":"BreadcrumbList","@id":"https:\/\/prosolia.com\/fr\/mentions-legales\/#breadcrumb","itemListElement":[{"@type":"ListItem","position":1,"name":"Home","item":"https:\/\/prosolia.com\/fr\/"},{"@type":"ListItem","position":2,"name":"Mentions l\u00e9gales"}]},{"@type":"WebSite","@id":"http:\/\/prosolia.com\/fr\/#website","url":"http:\/\/prosolia.com\/fr\/","name":"Prosolia Energy","description":"Prosolia Energy est une entreprise leader dans le domaine des \u00e9nergies renouvelables, sp\u00e9cialis\u00e9e dans les solutions d\u00e9carbon\u00e9es, notamment les projets photovolta\u00efques, \u00e9oliens et de stockage d'\u00e9nergie.","publisher":{"@id":"http:\/\/prosolia.com\/fr\/#organization"},"potentialAction":[{"@type":"SearchAction","target":{"@type":"EntryPoint","urlTemplate":"http:\/\/prosolia.com\/fr\/?s={search_term_string}"},"query-input":{"@type":"PropertyValueSpecification","valueRequired":true,"valueName":"search_term_string"}}],"inLanguage":"fr-FR"},{"@type":"Organization","@id":"http:\/\/prosolia.com\/fr\/#organization","name":"Prosolia Energy","url":"http:\/\/prosolia.com\/fr\/","logo":{"@type":"ImageObject","inLanguage":"fr-FR","@id":"http:\/\/prosolia.com\/fr\/#\/schema\/logo\/image\/","url":"https:\/\/prosolia.com\/app\/uploads\/2026\/03\/brand-logo-primary.png","contentUrl":"https:\/\/prosolia.com\/app\/uploads\/2026\/03\/brand-logo-primary.png","width":600,"height":600,"caption":"Prosolia Energy"},"image":{"@id":"http:\/\/prosolia.com\/fr\/#\/schema\/logo\/image\/"},"sameAs":["https:\/\/x.com\/prosoliae","https:\/\/www.instagram.com\/prosolia_energy\/","https:\/\/es.linkedin.com\/company\/prosolia-energy-group","https:\/\/www.youtube.com\/channel\/UCg-iDtdvSYu0xBqkhSs6aRw"]}]}},"_links":{"self":[{"href":"https:\/\/prosolia.com\/fr\/wp-json\/wp\/v2\/pages\/6625","targetHints":{"allow":["GET"]}}],"collection":[{"href":"https:\/\/prosolia.com\/fr\/wp-json\/wp\/v2\/pages"}],"about":[{"href":"https:\/\/prosolia.com\/fr\/wp-json\/wp\/v2\/types\/page"}],"author":[{"embeddable":true,"href":"https:\/\/prosolia.com\/fr\/wp-json\/wp\/v2\/users\/1"}],"replies":[{"embeddable":true,"href":"https:\/\/prosolia.com\/fr\/wp-json\/wp\/v2\/comments?post=6625"}],"version-history":[{"count":4,"href":"https:\/\/prosolia.com\/fr\/wp-json\/wp\/v2\/pages\/6625\/revisions"}],"predecessor-version":[{"id":12397,"href":"https:\/\/prosolia.com\/fr\/wp-json\/wp\/v2\/pages\/6625\/revisions\/12397"}],"wp:attachment":[{"href":"https:\/\/prosolia.com\/fr\/wp-json\/wp\/v2\/media?parent=6625"}],"curies":[{"name":"wp","href":"https:\/\/api.w.org\/{rel}","templated":true}]}}