{"id":6633,"date":"2025-12-11T18:10:45","date_gmt":"2025-12-11T18:10:45","guid":{"rendered":"https:\/\/prosolia.com\/politica-de-cookies\/"},"modified":"2026-03-02T18:59:03","modified_gmt":"2026-03-02T18:59:03","slug":"politique-relative-aux-cookies","status":"publish","type":"page","link":"https:\/\/prosolia.com\/fr\/politique-relative-aux-cookies\/","title":{"rendered":"Politique relative aux cookies"},"content":{"rendered":"\n<div class=\"wp-block-cover\" style=\"min-height:100vh;aspect-ratio:unset;\"><img loading=\"lazy\" decoding=\"async\" width=\"1200\" height=\"1200\" class=\"wp-block-cover__image-background wp-image-5932 size-full\" alt=\"\" src=\"https:\/\/prosolia.com\/app\/uploads\/2025\/12\/PV-Plant-3.png\" data-object-fit=\"cover\" srcset=\"https:\/\/prosolia.com\/app\/uploads\/2025\/12\/PV-Plant-3.png 1200w, https:\/\/prosolia.com\/app\/uploads\/2025\/12\/PV-Plant-3-300x300.png 300w, https:\/\/prosolia.com\/app\/uploads\/2025\/12\/PV-Plant-3-1024x1024.png 1024w, https:\/\/prosolia.com\/app\/uploads\/2025\/12\/PV-Plant-3-150x150.png 150w, https:\/\/prosolia.com\/app\/uploads\/2025\/12\/PV-Plant-3-768x768.png 768w, https:\/\/prosolia.com\/app\/uploads\/2025\/12\/PV-Plant-3-1080x1080.png 1080w, https:\/\/prosolia.com\/app\/uploads\/2025\/12\/PV-Plant-3-360x360.png 360w, https:\/\/prosolia.com\/app\/uploads\/2025\/12\/PV-Plant-3-648x648.png 648w, https:\/\/prosolia.com\/app\/uploads\/2025\/12\/PV-Plant-3-340x340.png 340w, https:\/\/prosolia.com\/app\/uploads\/2025\/12\/PV-Plant-3-610x610.png 610w\" sizes=\"auto, (max-width: 1200px) 100vw, 1200px\" \/><span aria-hidden=\"true\" class=\"wp-block-cover__background has-secondary-background-color has-background-dim-30 has-background-dim\"><\/span><div class=\"wp-block-cover__inner-container is-layout-constrained wp-block-cover-is-layout-constrained\">\n<div class=\"wp-block-group is-layout-constrained wp-container-core-group-is-layout-a31aa551 wp-block-group-is-layout-constrained\">\n<h2 class=\"wp-block-heading has-text-align-center has-accent-500-color has-text-color has-link-color has-heading-md-font-size wp-elements-dbf5ce92b473008f36cfd89e5bd1d99a\" style=\"text-transform:uppercase\">Mentions l\u00e9gales<\/h2>\n\n\n\n<h1 class=\"wp-block-heading has-text-align-center has-primary-color has-text-color has-link-color has-heading-3-xl-font-size wp-elements-ff92acd52e557f1a7324d9182eeb0a26\"><strong><a href=\"https:\/\/prosolia.com\/fr\/politique-relative-aux-cookies\/\">Politique relative aux cookie<\/a><\/strong>s<\/h1>\n<\/div>\n\n\n\n<div class=\"wp-block-group flex items-center is-layout-constrained wp-block-group-is-layout-constrained\"><a href=\"#intro\" class=\"anchor-hero-arrow-block inline-flex items-center justify-center\" >\n            <img decoding=\"async\" src=\"https:\/\/prosolia.com\/app\/uploads\/2025\/11\/ico-scroll-down-arrow.svg\" class=\"anchor-icon\" alt=\"\" \/>    <\/a>\n<\/div>\n<\/div><\/div>\n\n\n\n<div id=\"intro\" class=\"wp-block-group is-layout-constrained wp-container-core-group-is-layout-59cc4761 wp-block-group-is-layout-constrained\" style=\"padding-top:var(--wp--preset--spacing--5-xl);padding-bottom:var(--wp--preset--spacing--5-xl)\">\n<p>L\u2019objectif de cette politique est d\u2019informer les personnes concern\u00e9es sur les cookies utilis\u00e9s sur ce site web, conform\u00e9ment aux dispositions de la Loi 34\/2002 du 11 juillet sur les Services de la Soci\u00e9t\u00e9 de l\u2019Information et le Commerce \u00c9lectronique, ainsi que du R\u00e8glement (UE) 2016\/679 du Parlement europ\u00e9en et du Conseil du 27 avril 2016.<\/p>\n\n\n\n<h2 class=\"wp-block-heading\">UTILISATION DES COOKIES. QU\u2019EST-CE QU\u2019UN COOKIE ?<\/h2>\n\n\n\n<p>Les cookies sont des fichiers t\u00e9l\u00e9charg\u00e9s sur votre ordinateur, smartphone ou tablette lorsque vous acc\u00e9dez \u00e0 certaines pages web. L\u2019utilisation des cookies offre de nombreux avantages dans la prestation de services de la Soci\u00e9t\u00e9 de l\u2019Information, notamment :<br>(a) faciliter la navigation de l\u2019utilisateur sur le site web ;<br>(b) permettre \u00e0 l\u2019utilisateur d\u2019acc\u00e9der aux diff\u00e9rents services propos\u00e9s par le site web ;<br>(c) \u00e9viter que l\u2019utilisateur doive reconfigurer les param\u00e8tres g\u00e9n\u00e9raux pr\u00e9d\u00e9finis \u00e0 chaque visite ;<br>(d) am\u00e9liorer le fonctionnement et les services fournis via le site web, gr\u00e2ce \u00e0 l\u2019analyse des informations obtenues via les cookies install\u00e9s ;<br>(e) permettre \u00e0 un site web de stocker et r\u00e9cup\u00e9rer des informations sur les habitudes de navigation d\u2019un utilisateur ou de son appareil et, selon les informations contenues et l\u2019utilisation de l\u2019appareil, de reconna\u00eetre l\u2019utilisateur.<\/p>\n\n\n\n<p>La plupart des navigateurs acceptent les cookies par d\u00e9faut et permettent, ind\u00e9pendamment de cette acceptation, de bloquer ou autoriser les cookies temporaires ou m\u00e9moris\u00e9s via les param\u00e8tres de s\u00e9curit\u00e9.<\/p>\n\n\n\n<p>Veuillez noter que pour utiliser ce site web et b\u00e9n\u00e9ficier d\u2019une meilleure exp\u00e9rience de navigation, il est n\u00e9cessaire d\u2019avoir activ\u00e9 les cookies, en particulier les cookies techniques n\u00e9cessaires pour vous identifier en tant qu\u2019utilisateur enregistr\u00e9 \u00e0 chaque connexion.<\/p>\n\n\n\n<p>Si vous ne souhaitez pas recevoir de cookies, veuillez configurer votre navigateur afin de les supprimer de votre disque dur, de les bloquer ou d\u2019\u00eatre averti lors de leur installation.<\/p>\n\n\n\n<h2 class=\"wp-block-heading\">QUELS TYPES DE COOKIES UTILISE CE SITE WEB ?<\/h2>\n\n\n\n<h3 class=\"wp-block-heading\">Cookies utilis\u00e9s sur ce site<\/h3>\n\n\n\n<p>Conform\u00e9ment aux directives de l\u2019Agence espagnole de protection des donn\u00e9es, nous d\u00e9taillons ci-dessous l\u2019utilisation des cookies sur ce site afin de vous fournir un maximum d\u2019informations.<\/p>\n\n\n\n<h4 class=\"wp-block-heading\">Cookies propri\u00e9taires :<\/h4>\n\n\n\n<p>Ce sont des cookies envoy\u00e9s \u00e0 l\u2019appareil terminal de l\u2019utilisateur depuis un appareil ou domaine g\u00e9r\u00e9 par l\u2019\u00e9diteur lui-m\u00eame, \u00e0 partir duquel le service demand\u00e9 par l\u2019utilisateur est fourni.<\/p>\n\n\n\n<p>Liste des cookies utilis\u00e9s :<\/p>\n\n\n\n<figure class=\"wp-block-table\"><table class=\"has-fixed-layout\"><thead><tr><th>Nom<\/th><th>Type<\/th><th>Fournisseur<\/th><th>Finalit\u00e9<\/th><th>Dur\u00e9e<\/th><\/tr><\/thead><tbody><tr><td>EJEMPLOASP.NET_SessionId<\/td><td>Cookie de session<\/td><td>Nom du site<\/td><td>Sert \u00e0 collecter et stocker vos donn\u00e9es pendant votre navigation sur le site web. Reste sur votre appareil pendant la visite.<\/td><td>Jusqu\u2019\u00e0 la fin de la session<\/td><\/tr><\/tbody><\/table><\/figure>\n\n\n\n<h4 class=\"wp-block-heading\">Cookies tiers :<\/h4>\n\n\n\n<p>Ce sont des cookies envoy\u00e9s \u00e0 l\u2019appareil terminal de l\u2019utilisateur depuis un appareil ou domaine qui n\u2019est pas g\u00e9r\u00e9 par l\u2019\u00e9diteur, mais par une entit\u00e9 tierce qui traite les donn\u00e9es obtenues via les cookies.<\/p>\n\n\n\n<p>Liste des cookies tiers utilis\u00e9s :<\/p>\n\n\n\n<figure class=\"wp-block-table\"><table class=\"has-fixed-layout\"><thead><tr><th>Nom<\/th><th>Type<\/th><th>Fournisseur<\/th><th>Finalit\u00e9<\/th><th>Dur\u00e9e<\/th><th>Plus d\u2019infos \/ Opt-Out<\/th><\/tr><\/thead><tbody><tr><td>Google Analytics : _ga, _gat, _gid<\/td><td>Cookies analytiques<\/td><td>Google<\/td><td>Servent \u00e0 analyser l\u2019exp\u00e9rience de navigation de l\u2019utilisateur et \u00e0 am\u00e9liorer notre site web pour mieux r\u00e9pondre \u00e0 vos besoins. Restent g\u00e9n\u00e9ralement dans le navigateur de l\u2019utilisateur jusqu\u2019\u00e0 suppression ou expiration.<\/td><td>_ga : 2 ans ; _gat : dur\u00e9e de la session ; _gid : 1 jour<\/td><td><a href=\"https:\/\/support.google.com\/analytics\/answer\/6004245?hl=fr\">Google Analytics Opt-Out<\/a><\/td><\/tr><\/tbody><\/table><\/figure>\n\n\n\n<p><strong>PROSOLIA INTERNACIONAL SL<\/strong> n\u2019est en aucun cas responsable du contenu ou de l\u2019exactitude des politiques et\/ou conditions d\u2019utilisation et de confidentialit\u00e9 des tiers, y compris celles accessibles via des liens mentionn\u00e9s dans cette politique.<\/p>\n\n\n\n<h2 class=\"wp-block-heading\">CONSENTEMENT<\/h2>\n\n\n\n<p>Concernant l\u2019utilisation des cookies sur ce site, l\u2019utilisateur autorise et consent \u00e0 leur usage comme suit :<\/p>\n\n\n\n<p><strong>Option 1 :<\/strong> Lorsque l\u2019utilisateur acc\u00e8de \u00e0 une page du site, un avis appara\u00eet indiquant que le site web de <strong>PROSOLIA INTERNACIONAL SL<\/strong> utilise des cookies. L\u2019utilisateur peut accepter ou refuser leur utilisation via les param\u00e8tres de son navigateur. En cliquant sur \u00ab\u202fAccepter\u202f\u00bb, vous consentez \u00e0 l\u2019utilisation de nos cookies et, le cas \u00e9ch\u00e9ant, des cookies tiers. Le panneau de configuration\/confidentialit\u00e9 permet d\u2019accepter les cookies par type.<\/p>\n\n\n\n<h2 class=\"wp-block-heading\">COMMENT BLOQUER, R\u00c9VOQUER OU SUPPRIMER LES COOKIES INSTALL\u00c9S<\/h2>\n\n\n\n<p>Vous pouvez autoriser, bloquer, r\u00e9voquer ou supprimer les cookies install\u00e9s sur votre appareil via les param\u00e8tres de votre navigateur. Pour les navigateurs les plus courants, consultez les liens suivants :<\/p>\n\n\n\n<ul class=\"wp-block-list\">\n<li><strong>Internet Explorer :<\/strong> <a href=\"https:\/\/support.microsoft.com\/es-es\/kb\/278835\">https:\/\/support.microsoft.com\/es-es\/kb\/278835<\/a><\/li>\n\n\n\n<li><strong>Microsoft Edge :<\/strong> <a href=\"https:\/\/privacy.microsoft.com\/es-es\/windows-10-microsoft-edge-and-privacy\">https:\/\/privacy.microsoft.com\/es-es\/windows-10-microsoft-edge-and-privacy<\/a><\/li>\n\n\n\n<li><strong>Chrome :<\/strong> <a href=\"https:\/\/support.google.com\/chrome\/answer\/95647?co=GENIE.Platform%3DDesktop&amp;hl=fr\">https:\/\/support.google.com\/chrome\/answer\/95647?co=GENIE.Platform%3DDesktop&amp;hl=fr<\/a><\/li>\n\n\n\n<li><strong>Firefox :<\/strong> <a href=\"http:\/\/support.mozilla.org\/fr\/kb\/Supprimer%20les%20cookies\">http:\/\/support.mozilla.org\/fr\/kb\/Supprimer%20les%20cookies<\/a><\/li>\n\n\n\n<li><strong>Safari :<\/strong> <a href=\"http:\/\/support.apple.com\/kb\/ph5042\">http:\/\/support.apple.com\/kb\/ph5042<\/a><\/li>\n\n\n\n<li><strong>Opera :<\/strong> <a href=\"https:\/\/help.opera.com\/en\/latest\/web-preferences\/#cookies\">https:\/\/help.opera.com\/en\/latest\/web-preferences\/#cookies<\/a><\/li>\n<\/ul>\n\n\n\n<p>Veuillez noter que la d\u00e9sactivation de certains cookies peut emp\u00eacher ou limiter la navigation ou la prestation des services propos\u00e9s sur le site.<\/p>\n\n\n\n<p>Pour r\u00e9voquer les cookies pr\u00e9c\u00e9demment accept\u00e9s, cliquez sur le bouton : <strong>\u00ab\u202fR\u00e9voquer les cookies\u202f\u00bb<\/strong><br>[NOTE INTERNE : conserver cette section si le bouton \u00ab\u202fR\u00e9voquer les cookies\u202f\u00bb est inclus.]<\/p>\n\n\n\n<h2 class=\"wp-block-heading\">DESTINATAIRES DE L\u2019INFORMATION<\/h2>\n\n\n\n<p>Les entreprises collaboratrices list\u00e9es dans le panneau de configuration peuvent acc\u00e9der aux informations obtenues via les cookies du site. Vous pouvez \u00e9galement y consulter les finalit\u00e9s pour lesquelles ils sont utilis\u00e9s et leurs politiques de confidentialit\u00e9 respectives.<\/p>\n\n\n\n<p>De plus, certains de nos fournisseurs et partenaires peuvent effectuer des transferts vers des pays tiers. Vous pouvez consulter ces transferts dans leurs politiques de confidentialit\u00e9 respectives, accessibles via les liens du panneau de configuration.<\/p>\n\n\n\n<h2 class=\"wp-block-heading\">MODIFICATIONS \/ MISES \u00c0 JOUR<\/h2>\n\n\n\n<p>Cette politique de cookies peut \u00eatre modifi\u00e9e ou mise \u00e0 jour pour r\u00e9pondre aux exigences l\u00e9gales ou pour l\u2019adapter aux instructions de l\u2019Agence espagnole de protection des donn\u00e9es, ou en raison de modifications sur notre site web.<\/p>\n\n\n\n<p>Pour cette raison, nous recommandons aux utilisateurs de consulter r\u00e9guli\u00e8rement notre politique de cookies.<\/p>\n\n\n\n<p>Si vous avez des questions concernant cette politique de cookies, vous pouvez contacter <strong>PROSOLIA INTERNACIONAL SL<\/strong> \u00e0 l\u2019adresse suivante : <strong><a href=\"mailto:protecciondedatos@prosolia.com\">protecciondedatos@prosolia.com<\/a><\/strong><\/p>\n\n\n\n<p><\/p>\n<\/div>\n","protected":false},"excerpt":{"rendered":"<p>L\u2019objectif de cette politique est d\u2019informer les personnes concern\u00e9es sur les cookies utilis\u00e9s sur ce site web, conform\u00e9ment aux dispositions&#8230;<\/p>\n","protected":false},"author":1,"featured_media":0,"parent":0,"menu_order":99,"comment_status":"closed","ping_status":"closed","template":"","meta":{"_acf_changed":false,"footnotes":""},"class_list":["post-6633","page","type-page","status-publish","hentry"],"acf":[],"yoast_head":"<!-- This site is optimized with the Yoast SEO plugin v27.1.1 - https:\/\/yoast.com\/product\/yoast-seo-wordpress\/ -->\n<title>Politique relative aux cookies - Prosolia Energy<\/title>\n<meta name=\"robots\" content=\"noindex, nofollow\" \/>\n<meta property=\"og:locale\" content=\"fr_FR\" \/>\n<meta property=\"og:type\" content=\"article\" \/>\n<meta property=\"og:title\" content=\"Politique relative aux cookies - Prosolia Energy\" \/>\n<meta property=\"og:description\" content=\"L\u2019objectif de cette politique est d\u2019informer les personnes concern\u00e9es sur les cookies utilis\u00e9s sur ce site web, conform\u00e9ment aux dispositions...\" \/>\n<meta property=\"og:url\" content=\"https:\/\/prosolia.com\/fr\/politique-relative-aux-cookies\/\" \/>\n<meta property=\"og:site_name\" content=\"Prosolia Energy\" \/>\n<meta property=\"article:modified_time\" content=\"2026-03-02T18:59:03+00:00\" \/>\n<meta property=\"og:image\" content=\"https:\/\/prosolia.com\/app\/uploads\/2025\/12\/PV-Plant-3.png\" \/>\n\t<meta property=\"og:image:width\" content=\"1200\" \/>\n\t<meta property=\"og:image:height\" content=\"1200\" \/>\n\t<meta property=\"og:image:type\" content=\"image\/png\" \/>\n<meta name=\"twitter:card\" content=\"summary_large_image\" \/>\n<meta name=\"twitter:site\" content=\"@prosoliae\" \/>\n<meta name=\"twitter:label1\" content=\"Est. reading time\" \/>\n\t<meta name=\"twitter:data1\" content=\"5 minutes\" \/>\n<script type=\"application\/ld+json\" class=\"yoast-schema-graph\">{\"@context\":\"https:\/\/schema.org\",\"@graph\":[{\"@type\":\"WebPage\",\"@id\":\"https:\/\/prosolia.com\/fr\/politique-relative-aux-cookies\/\",\"url\":\"https:\/\/prosolia.com\/fr\/politique-relative-aux-cookies\/\",\"name\":\"Politique relative aux cookies - Prosolia Energy\",\"isPartOf\":{\"@id\":\"http:\/\/prosolia.com\/fr\/#website\"},\"primaryImageOfPage\":{\"@id\":\"https:\/\/prosolia.com\/fr\/politique-relative-aux-cookies\/#primaryimage\"},\"image\":{\"@id\":\"https:\/\/prosolia.com\/fr\/politique-relative-aux-cookies\/#primaryimage\"},\"thumbnailUrl\":\"https:\/\/prosolia.com\/app\/uploads\/2025\/12\/PV-Plant-3.png\",\"datePublished\":\"2025-12-11T18:10:45+00:00\",\"dateModified\":\"2026-03-02T18:59:03+00:00\",\"breadcrumb\":{\"@id\":\"https:\/\/prosolia.com\/fr\/politique-relative-aux-cookies\/#breadcrumb\"},\"inLanguage\":\"fr-FR\",\"potentialAction\":[{\"@type\":\"ReadAction\",\"target\":[\"https:\/\/prosolia.com\/fr\/politique-relative-aux-cookies\/\"]}]},{\"@type\":\"ImageObject\",\"inLanguage\":\"fr-FR\",\"@id\":\"https:\/\/prosolia.com\/fr\/politique-relative-aux-cookies\/#primaryimage\",\"url\":\"https:\/\/prosolia.com\/app\/uploads\/2025\/12\/PV-Plant-3.png\",\"contentUrl\":\"https:\/\/prosolia.com\/app\/uploads\/2025\/12\/PV-Plant-3.png\"},{\"@type\":\"BreadcrumbList\",\"@id\":\"https:\/\/prosolia.com\/fr\/politique-relative-aux-cookies\/#breadcrumb\",\"itemListElement\":[{\"@type\":\"ListItem\",\"position\":1,\"name\":\"Home\",\"item\":\"https:\/\/prosolia.com\/fr\/\"},{\"@type\":\"ListItem\",\"position\":2,\"name\":\"Politique relative aux cookies\"}]},{\"@type\":\"WebSite\",\"@id\":\"http:\/\/prosolia.com\/fr\/#website\",\"url\":\"http:\/\/prosolia.com\/fr\/\",\"name\":\"Prosolia Energy\",\"description\":\"Prosolia Energy est une entreprise leader dans le domaine des \u00e9nergies renouvelables, sp\u00e9cialis\u00e9e dans les solutions d\u00e9carbon\u00e9es, notamment les projets photovolta\u00efques, \u00e9oliens et de stockage d'\u00e9nergie.\",\"publisher\":{\"@id\":\"http:\/\/prosolia.com\/fr\/#organization\"},\"potentialAction\":[{\"@type\":\"SearchAction\",\"target\":{\"@type\":\"EntryPoint\",\"urlTemplate\":\"http:\/\/prosolia.com\/fr\/?s={search_term_string}\"},\"query-input\":{\"@type\":\"PropertyValueSpecification\",\"valueRequired\":true,\"valueName\":\"search_term_string\"}}],\"inLanguage\":\"fr-FR\"},{\"@type\":\"Organization\",\"@id\":\"http:\/\/prosolia.com\/fr\/#organization\",\"name\":\"Prosolia Energy\",\"url\":\"http:\/\/prosolia.com\/fr\/\",\"logo\":{\"@type\":\"ImageObject\",\"inLanguage\":\"fr-FR\",\"@id\":\"http:\/\/prosolia.com\/fr\/#\/schema\/logo\/image\/\",\"url\":\"https:\/\/prosolia.com\/app\/uploads\/2026\/03\/brand-logo-primary.png\",\"contentUrl\":\"https:\/\/prosolia.com\/app\/uploads\/2026\/03\/brand-logo-primary.png\",\"width\":600,\"height\":600,\"caption\":\"Prosolia Energy\"},\"image\":{\"@id\":\"http:\/\/prosolia.com\/fr\/#\/schema\/logo\/image\/\"},\"sameAs\":[\"https:\/\/x.com\/prosoliae\",\"https:\/\/www.instagram.com\/prosolia_energy\/\",\"https:\/\/es.linkedin.com\/company\/prosolia-energy-group\",\"https:\/\/www.youtube.com\/channel\/UCg-iDtdvSYu0xBqkhSs6aRw\"]}]}<\/script>\n<!-- \/ Yoast SEO plugin. -->","yoast_head_json":{"title":"Politique relative aux cookies - Prosolia Energy","robots":{"index":"noindex","follow":"nofollow"},"og_locale":"fr_FR","og_type":"article","og_title":"Politique relative aux cookies - Prosolia Energy","og_description":"L\u2019objectif de cette politique est d\u2019informer les personnes concern\u00e9es sur les cookies utilis\u00e9s sur ce site web, conform\u00e9ment aux dispositions...","og_url":"https:\/\/prosolia.com\/fr\/politique-relative-aux-cookies\/","og_site_name":"Prosolia Energy","article_modified_time":"2026-03-02T18:59:03+00:00","og_image":[{"width":1200,"height":1200,"url":"https:\/\/prosolia.com\/app\/uploads\/2025\/12\/PV-Plant-3.png","type":"image\/png"}],"twitter_card":"summary_large_image","twitter_site":"@prosoliae","twitter_misc":{"Est. reading time":"5 minutes"},"schema":{"@context":"https:\/\/schema.org","@graph":[{"@type":"WebPage","@id":"https:\/\/prosolia.com\/fr\/politique-relative-aux-cookies\/","url":"https:\/\/prosolia.com\/fr\/politique-relative-aux-cookies\/","name":"Politique relative aux cookies - Prosolia Energy","isPartOf":{"@id":"http:\/\/prosolia.com\/fr\/#website"},"primaryImageOfPage":{"@id":"https:\/\/prosolia.com\/fr\/politique-relative-aux-cookies\/#primaryimage"},"image":{"@id":"https:\/\/prosolia.com\/fr\/politique-relative-aux-cookies\/#primaryimage"},"thumbnailUrl":"https:\/\/prosolia.com\/app\/uploads\/2025\/12\/PV-Plant-3.png","datePublished":"2025-12-11T18:10:45+00:00","dateModified":"2026-03-02T18:59:03+00:00","breadcrumb":{"@id":"https:\/\/prosolia.com\/fr\/politique-relative-aux-cookies\/#breadcrumb"},"inLanguage":"fr-FR","potentialAction":[{"@type":"ReadAction","target":["https:\/\/prosolia.com\/fr\/politique-relative-aux-cookies\/"]}]},{"@type":"ImageObject","inLanguage":"fr-FR","@id":"https:\/\/prosolia.com\/fr\/politique-relative-aux-cookies\/#primaryimage","url":"https:\/\/prosolia.com\/app\/uploads\/2025\/12\/PV-Plant-3.png","contentUrl":"https:\/\/prosolia.com\/app\/uploads\/2025\/12\/PV-Plant-3.png"},{"@type":"BreadcrumbList","@id":"https:\/\/prosolia.com\/fr\/politique-relative-aux-cookies\/#breadcrumb","itemListElement":[{"@type":"ListItem","position":1,"name":"Home","item":"https:\/\/prosolia.com\/fr\/"},{"@type":"ListItem","position":2,"name":"Politique relative aux cookies"}]},{"@type":"WebSite","@id":"http:\/\/prosolia.com\/fr\/#website","url":"http:\/\/prosolia.com\/fr\/","name":"Prosolia Energy","description":"Prosolia Energy est une entreprise leader dans le domaine des \u00e9nergies renouvelables, sp\u00e9cialis\u00e9e dans les solutions d\u00e9carbon\u00e9es, notamment les projets photovolta\u00efques, \u00e9oliens et de stockage d'\u00e9nergie.","publisher":{"@id":"http:\/\/prosolia.com\/fr\/#organization"},"potentialAction":[{"@type":"SearchAction","target":{"@type":"EntryPoint","urlTemplate":"http:\/\/prosolia.com\/fr\/?s={search_term_string}"},"query-input":{"@type":"PropertyValueSpecification","valueRequired":true,"valueName":"search_term_string"}}],"inLanguage":"fr-FR"},{"@type":"Organization","@id":"http:\/\/prosolia.com\/fr\/#organization","name":"Prosolia Energy","url":"http:\/\/prosolia.com\/fr\/","logo":{"@type":"ImageObject","inLanguage":"fr-FR","@id":"http:\/\/prosolia.com\/fr\/#\/schema\/logo\/image\/","url":"https:\/\/prosolia.com\/app\/uploads\/2026\/03\/brand-logo-primary.png","contentUrl":"https:\/\/prosolia.com\/app\/uploads\/2026\/03\/brand-logo-primary.png","width":600,"height":600,"caption":"Prosolia Energy"},"image":{"@id":"http:\/\/prosolia.com\/fr\/#\/schema\/logo\/image\/"},"sameAs":["https:\/\/x.com\/prosoliae","https:\/\/www.instagram.com\/prosolia_energy\/","https:\/\/es.linkedin.com\/company\/prosolia-energy-group","https:\/\/www.youtube.com\/channel\/UCg-iDtdvSYu0xBqkhSs6aRw"]}]}},"_links":{"self":[{"href":"https:\/\/prosolia.com\/fr\/wp-json\/wp\/v2\/pages\/6633","targetHints":{"allow":["GET"]}}],"collection":[{"href":"https:\/\/prosolia.com\/fr\/wp-json\/wp\/v2\/pages"}],"about":[{"href":"https:\/\/prosolia.com\/fr\/wp-json\/wp\/v2\/types\/page"}],"author":[{"embeddable":true,"href":"https:\/\/prosolia.com\/fr\/wp-json\/wp\/v2\/users\/1"}],"replies":[{"embeddable":true,"href":"https:\/\/prosolia.com\/fr\/wp-json\/wp\/v2\/comments?post=6633"}],"version-history":[{"count":4,"href":"https:\/\/prosolia.com\/fr\/wp-json\/wp\/v2\/pages\/6633\/revisions"}],"predecessor-version":[{"id":12415,"href":"https:\/\/prosolia.com\/fr\/wp-json\/wp\/v2\/pages\/6633\/revisions\/12415"}],"wp:attachment":[{"href":"https:\/\/prosolia.com\/fr\/wp-json\/wp\/v2\/media?parent=6633"}],"curies":[{"name":"wp","href":"https:\/\/api.w.org\/{rel}","templated":true}]}}