{"id":4852,"date":"2025-02-10T09:54:34","date_gmt":"2025-02-10T09:54:34","guid":{"rendered":"https:\/\/prosolia.com\/?page_id=4852"},"modified":"2026-02-14T18:35:10","modified_gmt":"2026-02-14T18:35:10","slug":"informativa-sulla-privacy","status":"publish","type":"page","link":"https:\/\/prosolia.com\/it\/informativa-sulla-privacy\/","title":{"rendered":"Informativa sulla privacy"},"content":{"rendered":"\n<div class=\"wp-block-cover\" style=\"min-height:100vh;aspect-ratio:unset;\"><img loading=\"lazy\" decoding=\"async\" width=\"1200\" height=\"1200\" class=\"wp-block-cover__image-background wp-image-5932 size-full\" alt=\"\" src=\"https:\/\/prosolia.com\/app\/uploads\/2025\/12\/PV-Plant-3.png\" data-object-fit=\"cover\" srcset=\"https:\/\/prosolia.com\/app\/uploads\/2025\/12\/PV-Plant-3.png 1200w, https:\/\/prosolia.com\/app\/uploads\/2025\/12\/PV-Plant-3-300x300.png 300w, https:\/\/prosolia.com\/app\/uploads\/2025\/12\/PV-Plant-3-1024x1024.png 1024w, https:\/\/prosolia.com\/app\/uploads\/2025\/12\/PV-Plant-3-150x150.png 150w, https:\/\/prosolia.com\/app\/uploads\/2025\/12\/PV-Plant-3-768x768.png 768w, https:\/\/prosolia.com\/app\/uploads\/2025\/12\/PV-Plant-3-1080x1080.png 1080w, https:\/\/prosolia.com\/app\/uploads\/2025\/12\/PV-Plant-3-360x360.png 360w, https:\/\/prosolia.com\/app\/uploads\/2025\/12\/PV-Plant-3-648x648.png 648w, https:\/\/prosolia.com\/app\/uploads\/2025\/12\/PV-Plant-3-340x340.png 340w, https:\/\/prosolia.com\/app\/uploads\/2025\/12\/PV-Plant-3-610x610.png 610w\" sizes=\"auto, (max-width: 1200px) 100vw, 1200px\" \/><span aria-hidden=\"true\" class=\"wp-block-cover__background has-secondary-background-color has-background-dim-30 has-background-dim\"><\/span><div class=\"wp-block-cover__inner-container is-layout-constrained wp-block-cover-is-layout-constrained\">\n<div class=\"wp-block-group is-layout-constrained wp-container-core-group-is-layout-a31aa551 wp-block-group-is-layout-constrained\">\n<h2 class=\"wp-block-heading has-text-align-center has-accent-500-color has-text-color has-link-color has-heading-md-font-size wp-elements-89a5a23c2106982e382b0d2623ac1ebc\" style=\"text-transform:uppercase\">legalE<\/h2>\n\n\n\n<h1 class=\"wp-block-heading has-text-align-center has-primary-color has-text-color has-link-color has-heading-3-xl-font-size wp-elements-e9ae0610bbd534701f70fb332a277b06\"><strong>Informativa sulla privacy<\/strong><\/h1>\n<\/div>\n\n\n\n<div class=\"wp-block-group flex items-center is-layout-constrained wp-block-group-is-layout-constrained\"><a href=\"#intro\" class=\"anchor-hero-arrow-block inline-flex items-center justify-center\" >\n            <img decoding=\"async\" src=\"https:\/\/prosolia.com\/app\/uploads\/2025\/11\/ico-scroll-down-arrow.svg\" class=\"anchor-icon\" alt=\"\" \/>    <\/a>\n<\/div>\n<\/div><\/div>\n\n\n\n<div id=\"intro\" class=\"wp-block-group is-layout-constrained wp-container-core-group-is-layout-59cc4761 wp-block-group-is-layout-constrained\" style=\"padding-top:var(--wp--preset--spacing--5-xl);padding-bottom:var(--wp--preset--spacing--5-xl)\">\n<p>Lo scopo della presente informativa \u00e8 informare gli interessati su come questa organizzazione tratta i dati personali attraverso il sito web e sui dati personali interessati, in conformit\u00e0 al Regolamento (UE) 2016\/679 del Parlamento europeo e del Consiglio del 27 aprile 2016.<\/p>\n\n\n\n<h2 class=\"wp-block-heading\">1. IDENTIT\u00c0 E DATI DI CONTATTO DEL TITOLARE DEL TRATTAMENTO<\/h2>\n\n\n\n<p>PROSOLIA INTERNACIONAL SL, con sede legale in C\/ VIENTO N\u00ba 14 (03006 ALICANTE), ALICANTE, titolare del Codice Fiscale (NIF) B97961452, numero di telefono +34 965 296 650 e indirizzo email <a>protecciondedatos@prosolia.com<\/a>.<\/p>\n\n\n\n<p>\u00c8 possibile verificare l\u2019identit\u00e0 e i dati di contatto delle societ\u00e0 del GRUPPO PROSOLIA ENERGY che agiscono in qualit\u00e0 di Contitolari del trattamento richiedendo tali informazioni mediante comunicazione scritta all\u2019indirizzo email sopra indicato.<\/p>\n\n\n\n<h2 class=\"wp-block-heading\">2. FINALIT\u00c0 PER LE QUALI I SUOI DATI PERSONALI SARANNO TRATTATI<\/h2>\n\n\n\n<h3 class=\"wp-block-heading\">UTENTI\/NAVIGATORI DEL SITO WEB DEL TITOLARE DEL TRATTAMENTO<\/h3>\n\n\n\n<p>Tratteremo i dati personali che Lei inserisce nei nostri moduli web al fine di:<\/p>\n\n\n\n<ul class=\"wp-block-list\">\n<li>Rispondere a richieste, reclami e segnalazioni presentate tramite i canali di contatto disponibili sul sito web.<\/li>\n\n\n\n<li>Comprendere il comportamento delle persone che navigano sul sito web al fine di individuare eventuali attacchi informatici contro il nostro sito.<\/li>\n\n\n\n<li>Adempiere agli obblighi legali che disciplinano la nostra attivit\u00e0.<\/li>\n\n\n\n<li>Proteggere ed esercitare i nostri diritti o rispondere a reclami di qualsiasi natura.<\/li>\n\n\n\n<li>Ove applicabile, inviare comunicazioni commerciali relative ai beni o servizi che costituiscono la nostra attivit\u00e0 e notizie o newsletter relative al nostro settore. Il Suo rifiuto di autorizzarci render\u00e0 impossibile l\u2019invio di tali informazioni.<\/li>\n\n\n\n<li>Gestire e inviarLe il preventivo richiesto.<\/li>\n\n\n\n<li>Organizzare e programmare un appuntamento richiesto. Il Suo rifiuto di autorizzarci render\u00e0 impossibile fissare l\u2019appuntamento.<\/li>\n<\/ul>\n\n\n\n<h3 class=\"wp-block-heading\">CANDIDATI A OFFERTE DI LAVORO O RICHIEDENTI DI IMPIEGO<\/h3>\n\n\n\n<p>Tratteremo i dati personali che Lei inserisce nei nostri moduli web al fine di:<\/p>\n\n\n\n<ul class=\"wp-block-list\">\n<li>Gestire la Sua candidatura nel processo di selezione e tenerLa informata al riguardo.<\/li>\n\n\n\n<li>Comprendere il comportamento della persona che naviga sul sito web al fine di individuare eventuali attacchi informatici contro il nostro sito.<\/li>\n\n\n\n<li>Proteggere ed esercitare i nostri diritti o rispondere a reclami di qualsiasi natura.<\/li>\n\n\n\n<li>InviarLe comunicazioni relative a nuove offerte di lavoro pubblicate e adattarle al Suo profilo, a condizione che Lei ci abbia previamente autorizzato a inviarLe tali informazioni.<\/li>\n\n\n\n<li>Trasferire i Suoi dati alle entit\u00e0 appartenenti al gruppo Prosolia Energy (Prosolia Internacional S.L., Prosolia Espa\u00f1a SLU, Prosolia France SARL e Prosolia Portugal LDA).<\/li>\n<\/ul>\n\n\n\n<h2 class=\"wp-block-heading\">3. BASE GIURIDICA DEL TRATTAMENTO<\/h2>\n\n\n\n<h3 class=\"wp-block-heading\">UTENTI\/NAVIGATORI DEL SITO WEB DEL TITOLARE DEL TRATTAMENTO<\/h3>\n\n\n\n<p>La base giuridica del trattamento dei Suoi dati \u00e8 il consenso da Lei prestato per il trattamento per le finalit\u00e0 indicate. Il rifiuto di fornire i Suoi dati personali comporter\u00e0 l\u2019impossibilit\u00e0 di trattarli per le finalit\u00e0 sopra indicate.<\/p>\n\n\n\n<p>Il trattamento pu\u00f2 inoltre essere necessario per adempiere ai nostri obblighi legali. In tal caso, gli interessati non possono opporsi al trattamento dei propri dati personali.<\/p>\n\n\n\n<p>Il trattamento pu\u00f2 inoltre basarsi sul nostro legittimo interesse a proteggere la nostra immagine, attivit\u00e0 e reputazione prevenendo attacchi al nostro sito web. In tal caso, gli interessati non possono opporsi al trattamento, fatto salvo il diritto di esercitare i diritti riconosciuti nella sezione \u201cDiritti\u201d della presente informativa.<\/p>\n\n\n\n<h3 class=\"wp-block-heading\">CANDIDATI A POSIZIONI VACANTI E RICHIEDENTI DI IMPIEGO<\/h3>\n\n\n\n<p>La base giuridica del trattamento dei Suoi dati \u00e8 il consenso da Lei prestato per il trattamento per le finalit\u00e0 indicate. Il rifiuto di fornire i Suoi dati personali comporter\u00e0 l\u2019impossibilit\u00e0 di trattarli per le finalit\u00e0 sopra indicate.<\/p>\n\n\n\n<p>Il trattamento pu\u00f2 inoltre essere necessario per adempiere ai nostri obblighi legali. In tal caso, gli interessati non possono opporsi al trattamento dei propri dati personali.<\/p>\n\n\n\n<p>Il trattamento pu\u00f2 inoltre basarsi sul nostro legittimo interesse a proteggere la nostra immagine, attivit\u00e0 e reputazione prevenendo attacchi al nostro sito web. In tal caso, gli interessati non possono opporsi al trattamento, fatto salvo il diritto di esercitare i diritti riconosciuti nella sezione \u201cDiritti\u201d della presente informativa.<\/p>\n\n\n\n<h2 class=\"wp-block-heading\">4. TERMINI E PERIODI DI CONSERVAZIONE DEI DATI<\/h2>\n\n\n\n<p>I dati personali forniti saranno conservati per il tempo necessario a soddisfare le finalit\u00e0 per le quali sono stati inizialmente raccolti.<\/p>\n\n\n\n<p>Una volta che i dati non saranno pi\u00f9 necessari per il trattamento in questione, saranno debitamente bloccati e, ove opportuno, messi a disposizione delle amministrazioni e degli enti pubblici competenti, dei giudici e tribunali e del Pubblico Ministero durante il periodo di prescrizione delle azioni che possano derivare dal rapporto con il cliente e per i periodi di conservazione previsti dalla legge.<\/p>\n\n\n\n<p>Nel caso in cui Lei ci abbia fornito il Suo curriculum vitae, conserveremo i Suoi dati per un periodo massimo di un anno dalla ricezione. Trascorso tale termine, saranno cancellati salvo che Lei abbia aggiornato i Suoi dati o ci abbia autorizzato a conservarli per un periodo superiore a quello indicato. A tal fine, La informiamo che pu\u00f2 revocare il Suo consenso in qualsiasi momento.<\/p>\n\n\n\n<h2 class=\"wp-block-heading\">5. DECISIONI AUTOMATIZZATE E PROFILAZIONE<\/h2>\n\n\n\n<p>Il sito web non adotta decisioni automatizzate n\u00e9 effettua attivit\u00e0 di profilazione.<\/p>\n\n\n\n<h2 class=\"wp-block-heading\">6. DESTINATARI<\/h2>\n\n\n\n<p>Durante il trattamento dei Suoi dati personali, l\u2019organizzazione potr\u00e0 comunicare i Suoi dati ai seguenti destinatari:<\/p>\n\n\n\n<ul class=\"wp-block-list\">\n<li>Giudici e tribunali<\/li>\n\n\n\n<li>Forze e Corpi di Sicurezza dello Stato<\/li>\n\n\n\n<li>Altre autorit\u00e0 o enti pubblici competenti qualora il titolare abbia l\u2019obbligo legale di fornire dati personali<\/li>\n<\/ul>\n\n\n\n<h2 class=\"wp-block-heading\">7. TRASFERIMENTI INTERNAZIONALI DI DATI<\/h2>\n\n\n\n<p>L\u2019organizzazione non effettua trasferimenti internazionali di dati.<\/p>\n\n\n\n<h2 class=\"wp-block-heading\">8. DIRITTI<\/h2>\n\n\n\n<p>Gli interessati possono richiedere maggiori informazioni sul trattamento dei propri dati personali ed esercitare in qualsiasi momento e gratuitamente i diritti di accesso, rettifica e cancellazione, nonch\u00e9 richiedere la limitazione del trattamento, opporsi allo stesso, richiedere la portabilit\u00e0 dei dati (ove tecnicamente possibile) o revocare il consenso prestato e, se del caso, non essere soggetti a decisioni basate unicamente su trattamenti automatizzati, compresa la profilazione.<\/p>\n\n\n\n<p>\u00c8 possibile esercitare tali diritti utilizzando i moduli messi a disposizione dall\u2019organizzazione o inviando una comunicazione all\u2019indirizzo postale o email indicato nell\u2019intestazione. A tal fine, potremo richiedere un documento di identit\u00e0 o altro documento equivalente per verificare la Sua identit\u00e0, qualora ci\u00f2 non possa essere effettuato con mezzi meno invasivi.<\/p>\n\n\n\n<p>Qualora ritenga che i Suoi diritti in materia di protezione dei dati personali siano stati violati, in particolare quando non abbia ottenuto soddisfazione nell\u2019esercizio dei Suoi diritti, potr\u00e0 presentare un reclamo all\u2019Autorit\u00e0 di controllo competente (Agenzia Spagnola per la Protezione dei Dati) tramite il sito web <a href=\"http:\/\/www.aepd.es\">www.aepd.es<\/a>.<\/p>\n\n\n\n<p>Ai sensi dell\u2019articolo 21 della Legge 34\/2002 sui Servizi della Societ\u00e0 dell\u2019Informazione e sul Commercio Elettronico, qualora non desideri ricevere informazioni sui nostri servizi, potr\u00e0 annullare l\u2019iscrizione inviando un\u2019email a <a>protecciondedatos@prosolia.com<\/a> indicando nell\u2019oggetto \u201cUNSUBSCRIBE\u201d.<\/p>\n\n\n\n<h2 class=\"wp-block-heading\">9. VERIDICIT\u00c0 DEI DATI<\/h2>\n\n\n\n<p>L\u2019interessato garantisce che i dati forniti sono veritieri, accurati, completi e aggiornati e si impegna a comunicare eventuali modifiche attraverso i canali previsti a tal fine e indicati nella Sezione 1 della presente informativa. L\u2019interessato sar\u00e0 responsabile per i danni diretti e indiretti derivanti dall\u2019inadempimento di tale obbligo.<\/p>\n\n\n\n<p>Gli utenti che forniscono dati appartenenti a terzi dichiarano di farlo con il consenso degli interessati e si impegnano a informarli del contenuto della presente clausola, esonerando l\u2019organizzazione da ogni responsabilit\u00e0 derivante dal mancato rispetto di tale obbligo.<\/p>\n\n\n\n<h2 class=\"wp-block-heading\">10. SOCIAL NETWORK<\/h2>\n\n\n\n<p>Al fine di incoraggiarLa a partecipare alle nostre attivit\u00e0 e di tenerLa aggiornata sulle nostre novit\u00e0, La informiamo che PROSOLIA INTERNACIONAL SL ha creato un profilo sui social network.<\/p>\n\n\n\n<p>Tutti gli utenti sono invitati a unirsi ai nostri social network o gruppi. Tuttavia, si precisa che, salvo il caso in cui richiediamo direttamente i Suoi dati (ad esempio tramite azioni di marketing, concorsi, promozioni o altre modalit\u00e0 valide), i Suoi dati apparterranno al relativo social network; pertanto, Le raccomandiamo di leggere attentamente le condizioni d\u2019uso e le politiche sulla privacy e di configurare le Sue preferenze in merito al trattamento dei dati.<\/p>\n\n\n\n<h2 class=\"wp-block-heading\">11. MODIFICHE E AGGIORNAMENTI<\/h2>\n\n\n\n<p>La presente informativa sulla privacy potr\u00e0 essere modificata o aggiornata al fine di conformarsi ai requisiti legali, per adeguarsi alle istruzioni emesse dall\u2019Agenzia Spagnola per la Protezione dei Dati o a seguito di modifiche apportate al nostro sito web.<\/p>\n\n\n\n<p>Si consiglia pertanto agli utenti di rileggere periodicamente l\u2019Informativa sulla privacy.<\/p>\n\n\n\n<p>Per qualsiasi domanda relativa alla presente informativa, \u00e8 possibile contattare PROSOLIA INTERNACIONAL SL tramite i moduli messi a disposizione dall\u2019organizzazione o inviando una comunicazione all\u2019indirizzo postale o email indicato nell\u2019intestazione.<\/p>\n<\/div>\n","protected":false},"excerpt":{"rendered":"<p>Lo scopo della presente informativa \u00e8 informare gli interessati su come questa organizzazione tratta i dati personali attraverso il sito&#8230;<\/p>\n","protected":false},"author":1,"featured_media":0,"parent":0,"menu_order":98,"comment_status":"closed","ping_status":"closed","template":"","meta":{"_acf_changed":false,"footnotes":""},"class_list":["post-4852","page","type-page","status-publish","hentry"],"acf":[],"yoast_head":"<!-- This site is optimized with the Yoast SEO plugin v27.1.1 - https:\/\/yoast.com\/product\/yoast-seo-wordpress\/ -->\n<title>Informativa sulla privacy - Prosolia Energy<\/title>\n<meta name=\"robots\" content=\"noindex, nofollow\" \/>\n<meta property=\"og:locale\" content=\"it_IT\" \/>\n<meta property=\"og:type\" content=\"article\" \/>\n<meta property=\"og:title\" content=\"Informativa sulla privacy - Prosolia Energy\" \/>\n<meta property=\"og:description\" content=\"Lo scopo della presente informativa \u00e8 informare gli interessati su come questa organizzazione tratta i dati personali attraverso il sito...\" \/>\n<meta property=\"og:url\" content=\"https:\/\/prosolia.com\/it\/informativa-sulla-privacy\/\" \/>\n<meta property=\"og:site_name\" content=\"Prosolia Energy\" \/>\n<meta property=\"article:modified_time\" content=\"2026-02-14T18:35:10+00:00\" \/>\n<meta property=\"og:image\" content=\"https:\/\/prosolia.com\/app\/uploads\/2025\/12\/PV-Plant-3.png\" \/>\n\t<meta property=\"og:image:width\" content=\"1200\" \/>\n\t<meta property=\"og:image:height\" content=\"1200\" \/>\n\t<meta property=\"og:image:type\" content=\"image\/png\" \/>\n<meta name=\"twitter:card\" content=\"summary_large_image\" \/>\n<meta name=\"twitter:site\" content=\"@prosoliae\" \/>\n<meta name=\"twitter:label1\" content=\"Est. reading time\" \/>\n\t<meta name=\"twitter:data1\" content=\"7 minutes\" \/>\n<script type=\"application\/ld+json\" class=\"yoast-schema-graph\">{\"@context\":\"https:\/\/schema.org\",\"@graph\":[{\"@type\":\"WebPage\",\"@id\":\"https:\/\/prosolia.com\/it\/informativa-sulla-privacy\/\",\"url\":\"https:\/\/prosolia.com\/it\/informativa-sulla-privacy\/\",\"name\":\"Informativa sulla privacy - Prosolia Energy\",\"isPartOf\":{\"@id\":\"http:\/\/prosolia.com\/it\/#website\"},\"primaryImageOfPage\":{\"@id\":\"https:\/\/prosolia.com\/it\/informativa-sulla-privacy\/#primaryimage\"},\"image\":{\"@id\":\"https:\/\/prosolia.com\/it\/informativa-sulla-privacy\/#primaryimage\"},\"thumbnailUrl\":\"https:\/\/prosolia.com\/app\/uploads\/2025\/12\/PV-Plant-3.png\",\"datePublished\":\"2025-02-10T09:54:34+00:00\",\"dateModified\":\"2026-02-14T18:35:10+00:00\",\"breadcrumb\":{\"@id\":\"https:\/\/prosolia.com\/it\/informativa-sulla-privacy\/#breadcrumb\"},\"inLanguage\":\"it-IT\",\"potentialAction\":[{\"@type\":\"ReadAction\",\"target\":[\"https:\/\/prosolia.com\/it\/informativa-sulla-privacy\/\"]}]},{\"@type\":\"ImageObject\",\"inLanguage\":\"it-IT\",\"@id\":\"https:\/\/prosolia.com\/it\/informativa-sulla-privacy\/#primaryimage\",\"url\":\"https:\/\/prosolia.com\/app\/uploads\/2025\/12\/PV-Plant-3.png\",\"contentUrl\":\"https:\/\/prosolia.com\/app\/uploads\/2025\/12\/PV-Plant-3.png\"},{\"@type\":\"BreadcrumbList\",\"@id\":\"https:\/\/prosolia.com\/it\/informativa-sulla-privacy\/#breadcrumb\",\"itemListElement\":[{\"@type\":\"ListItem\",\"position\":1,\"name\":\"Home\",\"item\":\"https:\/\/prosolia.com\/it\/\"},{\"@type\":\"ListItem\",\"position\":2,\"name\":\"Informativa sulla privacy\"}]},{\"@type\":\"WebSite\",\"@id\":\"http:\/\/prosolia.com\/it\/#website\",\"url\":\"http:\/\/prosolia.com\/it\/\",\"name\":\"Prosolia Energy\",\"description\":\"Prosolia Energy \u00e8 un'azienda leader nel settore delle energie rinnovabili, specializzata in soluzioni decarbonizzate che includono progetti fotovoltaici, eolici e di accumulo di energia\",\"publisher\":{\"@id\":\"http:\/\/prosolia.com\/it\/#organization\"},\"potentialAction\":[{\"@type\":\"SearchAction\",\"target\":{\"@type\":\"EntryPoint\",\"urlTemplate\":\"http:\/\/prosolia.com\/it\/?s={search_term_string}\"},\"query-input\":{\"@type\":\"PropertyValueSpecification\",\"valueRequired\":true,\"valueName\":\"search_term_string\"}}],\"inLanguage\":\"it-IT\"},{\"@type\":\"Organization\",\"@id\":\"http:\/\/prosolia.com\/it\/#organization\",\"name\":\"Prosolia Energy\",\"url\":\"http:\/\/prosolia.com\/it\/\",\"logo\":{\"@type\":\"ImageObject\",\"inLanguage\":\"it-IT\",\"@id\":\"http:\/\/prosolia.com\/it\/#\/schema\/logo\/image\/\",\"url\":\"https:\/\/prosolia.com\/app\/uploads\/2026\/03\/brand-logo-primary.png\",\"contentUrl\":\"https:\/\/prosolia.com\/app\/uploads\/2026\/03\/brand-logo-primary.png\",\"width\":600,\"height\":600,\"caption\":\"Prosolia Energy\"},\"image\":{\"@id\":\"http:\/\/prosolia.com\/it\/#\/schema\/logo\/image\/\"},\"sameAs\":[\"https:\/\/x.com\/prosoliae\",\"https:\/\/www.instagram.com\/prosolia_energy\/\",\"https:\/\/es.linkedin.com\/company\/prosolia-energy-group\",\"https:\/\/www.youtube.com\/channel\/UCg-iDtdvSYu0xBqkhSs6aRw\"]}]}<\/script>\n<!-- \/ Yoast SEO plugin. -->","yoast_head_json":{"title":"Informativa sulla privacy - Prosolia Energy","robots":{"index":"noindex","follow":"nofollow"},"og_locale":"it_IT","og_type":"article","og_title":"Informativa sulla privacy - Prosolia Energy","og_description":"Lo scopo della presente informativa \u00e8 informare gli interessati su come questa organizzazione tratta i dati personali attraverso il sito...","og_url":"https:\/\/prosolia.com\/it\/informativa-sulla-privacy\/","og_site_name":"Prosolia Energy","article_modified_time":"2026-02-14T18:35:10+00:00","og_image":[{"width":1200,"height":1200,"url":"https:\/\/prosolia.com\/app\/uploads\/2025\/12\/PV-Plant-3.png","type":"image\/png"}],"twitter_card":"summary_large_image","twitter_site":"@prosoliae","twitter_misc":{"Est. reading time":"7 minutes"},"schema":{"@context":"https:\/\/schema.org","@graph":[{"@type":"WebPage","@id":"https:\/\/prosolia.com\/it\/informativa-sulla-privacy\/","url":"https:\/\/prosolia.com\/it\/informativa-sulla-privacy\/","name":"Informativa sulla privacy - Prosolia Energy","isPartOf":{"@id":"http:\/\/prosolia.com\/it\/#website"},"primaryImageOfPage":{"@id":"https:\/\/prosolia.com\/it\/informativa-sulla-privacy\/#primaryimage"},"image":{"@id":"https:\/\/prosolia.com\/it\/informativa-sulla-privacy\/#primaryimage"},"thumbnailUrl":"https:\/\/prosolia.com\/app\/uploads\/2025\/12\/PV-Plant-3.png","datePublished":"2025-02-10T09:54:34+00:00","dateModified":"2026-02-14T18:35:10+00:00","breadcrumb":{"@id":"https:\/\/prosolia.com\/it\/informativa-sulla-privacy\/#breadcrumb"},"inLanguage":"it-IT","potentialAction":[{"@type":"ReadAction","target":["https:\/\/prosolia.com\/it\/informativa-sulla-privacy\/"]}]},{"@type":"ImageObject","inLanguage":"it-IT","@id":"https:\/\/prosolia.com\/it\/informativa-sulla-privacy\/#primaryimage","url":"https:\/\/prosolia.com\/app\/uploads\/2025\/12\/PV-Plant-3.png","contentUrl":"https:\/\/prosolia.com\/app\/uploads\/2025\/12\/PV-Plant-3.png"},{"@type":"BreadcrumbList","@id":"https:\/\/prosolia.com\/it\/informativa-sulla-privacy\/#breadcrumb","itemListElement":[{"@type":"ListItem","position":1,"name":"Home","item":"https:\/\/prosolia.com\/it\/"},{"@type":"ListItem","position":2,"name":"Informativa sulla privacy"}]},{"@type":"WebSite","@id":"http:\/\/prosolia.com\/it\/#website","url":"http:\/\/prosolia.com\/it\/","name":"Prosolia Energy","description":"Prosolia Energy \u00e8 un'azienda leader nel settore delle energie rinnovabili, specializzata in soluzioni decarbonizzate che includono progetti fotovoltaici, eolici e di accumulo di energia","publisher":{"@id":"http:\/\/prosolia.com\/it\/#organization"},"potentialAction":[{"@type":"SearchAction","target":{"@type":"EntryPoint","urlTemplate":"http:\/\/prosolia.com\/it\/?s={search_term_string}"},"query-input":{"@type":"PropertyValueSpecification","valueRequired":true,"valueName":"search_term_string"}}],"inLanguage":"it-IT"},{"@type":"Organization","@id":"http:\/\/prosolia.com\/it\/#organization","name":"Prosolia Energy","url":"http:\/\/prosolia.com\/it\/","logo":{"@type":"ImageObject","inLanguage":"it-IT","@id":"http:\/\/prosolia.com\/it\/#\/schema\/logo\/image\/","url":"https:\/\/prosolia.com\/app\/uploads\/2026\/03\/brand-logo-primary.png","contentUrl":"https:\/\/prosolia.com\/app\/uploads\/2026\/03\/brand-logo-primary.png","width":600,"height":600,"caption":"Prosolia Energy"},"image":{"@id":"http:\/\/prosolia.com\/it\/#\/schema\/logo\/image\/"},"sameAs":["https:\/\/x.com\/prosoliae","https:\/\/www.instagram.com\/prosolia_energy\/","https:\/\/es.linkedin.com\/company\/prosolia-energy-group","https:\/\/www.youtube.com\/channel\/UCg-iDtdvSYu0xBqkhSs6aRw"]}]}},"_links":{"self":[{"href":"https:\/\/prosolia.com\/it\/wp-json\/wp\/v2\/pages\/4852","targetHints":{"allow":["GET"]}}],"collection":[{"href":"https:\/\/prosolia.com\/it\/wp-json\/wp\/v2\/pages"}],"about":[{"href":"https:\/\/prosolia.com\/it\/wp-json\/wp\/v2\/types\/page"}],"author":[{"embeddable":true,"href":"https:\/\/prosolia.com\/it\/wp-json\/wp\/v2\/users\/1"}],"replies":[{"embeddable":true,"href":"https:\/\/prosolia.com\/it\/wp-json\/wp\/v2\/comments?post=4852"}],"version-history":[{"count":6,"href":"https:\/\/prosolia.com\/it\/wp-json\/wp\/v2\/pages\/4852\/revisions"}],"predecessor-version":[{"id":12389,"href":"https:\/\/prosolia.com\/it\/wp-json\/wp\/v2\/pages\/4852\/revisions\/12389"}],"wp:attachment":[{"href":"https:\/\/prosolia.com\/it\/wp-json\/wp\/v2\/media?parent=4852"}],"curies":[{"name":"wp","href":"https:\/\/api.w.org\/{rel}","templated":true}]}}