{"id":6627,"date":"2025-12-11T18:05:22","date_gmt":"2025-12-11T18:05:22","guid":{"rendered":"https:\/\/prosolia.com\/aviso-legal\/"},"modified":"2026-02-14T19:05:48","modified_gmt":"2026-02-14T19:05:48","slug":"note-legali","status":"publish","type":"page","link":"https:\/\/prosolia.com\/it\/note-legali\/","title":{"rendered":"Note legali"},"content":{"rendered":"\n<div class=\"wp-block-cover\" style=\"min-height:100vh;aspect-ratio:unset;\"><img loading=\"lazy\" decoding=\"async\" width=\"1200\" height=\"1200\" class=\"wp-block-cover__image-background wp-image-5932 size-full\" alt=\"\" src=\"https:\/\/prosolia.com\/app\/uploads\/2025\/12\/PV-Plant-3.png\" data-object-fit=\"cover\" srcset=\"https:\/\/prosolia.com\/app\/uploads\/2025\/12\/PV-Plant-3.png 1200w, https:\/\/prosolia.com\/app\/uploads\/2025\/12\/PV-Plant-3-300x300.png 300w, https:\/\/prosolia.com\/app\/uploads\/2025\/12\/PV-Plant-3-1024x1024.png 1024w, https:\/\/prosolia.com\/app\/uploads\/2025\/12\/PV-Plant-3-150x150.png 150w, https:\/\/prosolia.com\/app\/uploads\/2025\/12\/PV-Plant-3-768x768.png 768w, https:\/\/prosolia.com\/app\/uploads\/2025\/12\/PV-Plant-3-1080x1080.png 1080w, https:\/\/prosolia.com\/app\/uploads\/2025\/12\/PV-Plant-3-360x360.png 360w, https:\/\/prosolia.com\/app\/uploads\/2025\/12\/PV-Plant-3-648x648.png 648w, https:\/\/prosolia.com\/app\/uploads\/2025\/12\/PV-Plant-3-340x340.png 340w, https:\/\/prosolia.com\/app\/uploads\/2025\/12\/PV-Plant-3-610x610.png 610w\" sizes=\"auto, (max-width: 1200px) 100vw, 1200px\" \/><span aria-hidden=\"true\" class=\"wp-block-cover__background has-secondary-background-color has-background-dim-30 has-background-dim\"><\/span><div class=\"wp-block-cover__inner-container is-layout-constrained wp-block-cover-is-layout-constrained\">\n<div class=\"wp-block-group is-layout-constrained wp-container-core-group-is-layout-a31aa551 wp-block-group-is-layout-constrained\">\n<h2 class=\"wp-block-heading has-text-align-center has-accent-500-color has-text-color has-link-color has-heading-md-font-size wp-elements-2eeef42896c6a12a6ea8f08c49f1e853\" style=\"text-transform:uppercase\">legale<\/h2>\n\n\n\n<h1 class=\"wp-block-heading has-text-align-center has-primary-color has-text-color has-link-color has-heading-3-xl-font-size wp-elements-3dbe22419b063f391c52dce35a056aca\"><strong>Note legali<\/strong><\/h1>\n<\/div>\n\n\n\n<div class=\"wp-block-group flex items-center is-layout-constrained wp-block-group-is-layout-constrained\"><a href=\"#intro\" class=\"anchor-hero-arrow-block inline-flex items-center justify-center\" >\n            <img decoding=\"async\" src=\"https:\/\/prosolia.com\/app\/uploads\/2025\/11\/ico-scroll-down-arrow.svg\" class=\"anchor-icon\" alt=\"\" \/>    <\/a>\n<\/div>\n<\/div><\/div>\n\n\n\n<div id=\"intro\" class=\"wp-block-group is-layout-constrained wp-container-core-group-is-layout-59cc4761 wp-block-group-is-layout-constrained\" style=\"padding-top:var(--wp--preset--spacing--5-xl);padding-bottom:var(--wp--preset--spacing--5-xl)\">\n<p>In conformit\u00e0 con quanto previsto dalla Legge 34\/2002 dell\u201911 luglio sui Servizi della Societ\u00e0 dell\u2019Informazione e sul Commercio Elettronico, vengono fornite le seguenti informazioni:<\/p>\n\n\n\n<h2 class=\"wp-block-heading\">DATI IDENTIFICATIVI<\/h2>\n\n\n\n<p>Stai visitando il sito web <a href=\"https:\/\/prosolia.com\/es\/\">https:\/\/prosolia.com\/es\/<\/a> di propriet\u00e0 di PROSOLIA INTERNACIONAL SL, con sede legale in C\/ VIENTO N\u00ba 14 (03006 ALICANTE), ALICANTE, N.I.F. B97961452, iscritta al Registro delle Imprese di Alicante, Volume 3919, Foglio 16, Pagina A-148395, di seguito denominata IL TITOLARE.<\/p>\n\n\n\n<p>Puoi contattare il Titolare attraverso uno dei seguenti mezzi:<\/p>\n\n\n\n<ul class=\"wp-block-list\">\n<li>Telefono: +34 965 296 650<\/li>\n\n\n\n<li>Email di contatto: <a>protecciondedatos@prosolia.com<\/a><\/li>\n<\/ul>\n\n\n\n<h2 class=\"wp-block-heading\">UTENTI<\/h2>\n\n\n\n<p>Con il presente documento ti informiamo dei termini e delle condizioni che regolano l\u2019accesso e l\u2019utilizzo dei siti web e delle applicazioni mobili del Titolare, nonch\u00e9 dei servizi e dei contenuti ad essi associati (di seguito anche definiti sito\/i o siti web e app mobili).<\/p>\n\n\n\n<p>L\u2019accesso o l\u2019utilizzo di qualsiasi sito web e\/o app del Titolare implica che il visitatore acquisisce lo status di \u201cutente\u201d e, con tale status, assume una serie di diritti e obblighi.<\/p>\n\n\n\n<p>\u00c8 tua responsabilit\u00e0 consultare le condizioni legali presenti su questo sito web e leggerle attentamente, cos\u00ec come le politiche sulla privacy, i cookie e, se del caso, le condizioni di vendita. Si raccomanda di:<\/p>\n\n\n\n<ul class=\"wp-block-list\">\n<li>Consultarle ogni volta che si intende accedere o utilizzare i servizi e contenuti del sito, e<\/li>\n\n\n\n<li>Stampare o salvare una copia sul proprio sistema.<\/li>\n<\/ul>\n\n\n\n<h2 class=\"wp-block-heading\">UTILIZZO DEL PORTALE<\/h2>\n\n\n\n<p>Questo sito web fornisce accesso a una grande quantit\u00e0 di informazioni, servizi, programmi o dati (di seguito \u201ci contenuti\u201d) su Internet di propriet\u00e0 del Titolare o dei suoi licenziatari, a cui l\u2019Utente pu\u00f2 avere accesso.<\/p>\n\n\n\n<p>L\u2019Utente assume la responsabilit\u00e0 dell\u2019uso del portale. Tale responsabilit\u00e0 si estende alla registrazione necessaria per accedere a determinati servizi o contenuti. In tale registrazione, l\u2019Utente \u00e8 responsabile di fornire informazioni veritiere e legali. In conseguenza di tale registrazione, all\u2019Utente pu\u00f2 essere fornita una password di cui sar\u00e0 responsabile e si impegna a utilizzarla diligentemente e in modo confidenziale.<\/p>\n\n\n\n<p>L\u2019Utente si impegna a fare un uso appropriato dei contenuti e dei servizi (ad esempio, servizi di chat, forum di discussione o newsgroup) offerti dal Titolare attraverso il portale e, a titolo esemplificativo ma non esaustivo, a non utilizzarli per:<\/p>\n\n\n\n<ul class=\"wp-block-list\">\n<li>Svolgere attivit\u00e0 illecite, illegali o contrarie alla buona fede e all\u2019ordine pubblico.<\/li>\n\n\n\n<li>Diffondere contenuti o propaganda razzista, xenofoba, pornografica illegale, di apologia del terrorismo o lesiva dei diritti umani.<\/li>\n\n\n\n<li>Causare danni ai sistemi fisici o logici del Titolare, dei suoi fornitori o di terzi, introdurre o diffondere virus informatici o qualsiasi altro elemento fisico o logico che possa provocare i danni sopra indicati.<\/li>\n\n\n\n<li>Tentare di accedere e, se del caso, utilizzare le caselle email di altri utenti e modificare o manipolare i loro messaggi.<\/li>\n\n\n\n<li>Utilizzare il sito web o le informazioni in esso contenute per scopi commerciali, politici, pubblicitari o per qualsiasi uso commerciale, in particolare per l\u2019invio di email non richieste.<\/li>\n<\/ul>\n\n\n\n<p>Il Titolare si riserva il diritto di rimuovere tutti i commenti o contributi che violino il rispetto della dignit\u00e0 umana, siano discriminatori, xenofobi, razzisti, pornografici, dannosi per i giovani o i bambini, o che, a suo giudizio, non siano idonei alla pubblicazione. In ogni caso, il Titolare non \u00e8 responsabile delle opinioni espresse dagli utenti tramite forum, chat o altri strumenti di partecipazione.<\/p>\n\n\n\n<h2 class=\"wp-block-heading\">PROTEZIONE DEI DATI<\/h2>\n\n\n\n<p>Tutte le questioni relative al trattamento dei tuoi dati personali sono disciplinate dalla politica sulla privacy.<\/p>\n\n\n\n<h2 class=\"wp-block-heading\">CONTENUTI, PROPRIET\u00c0 INTELLETTUALE E INDUSTRIALE<\/h2>\n\n\n\n<p>Il Titolare \u00e8 proprietario di tutti i diritti di propriet\u00e0 intellettuale e industriale del proprio sito web, nonch\u00e9 degli elementi in esso contenuti (ad esempio: immagini, fotografie, suoni, audio, video, software o testi; marchi o loghi, combinazioni di colori, struttura e design, selezione dei materiali utilizzati, programmi informatici necessari al funzionamento, accesso e utilizzo, ecc.), di propriet\u00e0 del Titolare o dei suoi licenzianti.<\/p>\n\n\n\n<p>Tutti i diritti riservati. Ai sensi degli articoli 8 e 32.1, secondo comma, della Legge sulla Propriet\u00e0 Intellettuale, sono espressamente vietati la riproduzione, la distribuzione e la comunicazione al pubblico, inclusa la messa a disposizione, di tutto o parte dei contenuti di questo sito web a fini commerciali, su qualsiasi supporto e con qualsiasi mezzo tecnico, senza l\u2019autorizzazione del Titolare.<\/p>\n\n\n\n<h2 class=\"wp-block-heading\">ESCLUSIONE DI GARANZIE E RESPONSABILIT\u00c0<\/h2>\n\n\n\n<p>L\u2019Utente riconosce che l\u2019utilizzo del sito web, dei suoi contenuti e servizi avviene sotto la sua esclusiva responsabilit\u00e0. In particolare, a titolo esemplificativo:<\/p>\n\n\n\n<ul class=\"wp-block-list\">\n<li>La disponibilit\u00e0, il funzionamento, la qualit\u00e0 o l\u2019interoperabilit\u00e0 del sito web, dei suoi servizi e contenuti.<\/li>\n\n\n\n<li>L\u2019idoneit\u00e0 del sito web al raggiungimento degli obiettivi dell\u2019Utente.<\/li>\n\n\n\n<li>La violazione della normativa vigente da parte dell\u2019Utente o di terzi, in particolare dei diritti di propriet\u00e0 intellettuale e industriale appartenenti ad altre persone o entit\u00e0.<\/li>\n\n\n\n<li>La presenza di codici dannosi o di qualsiasi altro elemento informatico che possa danneggiare i sistemi informatici dell\u2019Utente o di terzi. L\u2019Utente deve disporre di strumenti adeguati per rilevare ed eliminare tali elementi.<\/li>\n\n\n\n<li>L\u2019accesso fraudolento ai contenuti o servizi da parte di terzi non autorizzati o la cattura, cancellazione, alterazione o manipolazione dei messaggi o comunicazioni da parte di tali terzi.<\/li>\n\n\n\n<li>I danni alle apparecchiature informatiche durante l\u2019accesso al sito web e i danni agli Utenti causati da guasti o interruzioni nelle reti di telecomunicazioni.<\/li>\n\n\n\n<li>I danni o pregiudizi derivanti da caso fortuito o forza maggiore.<\/li>\n<\/ul>\n\n\n\n<p>Nei casi di forum o spazi analoghi, i messaggi riflettono unicamente l\u2019opinione dell\u2019Utente che li invia, che ne \u00e8 l\u2019unico responsabile. Il Titolare non \u00e8 responsabile del contenuto dei messaggi inviati dagli Utenti.<\/p>\n\n\n\n<h2 class=\"wp-block-heading\">MODIFICA DI QUESTO AVVISO LEGALE E DURATA<\/h2>\n\n\n\n<p>Il Titolare si riserva il diritto di apportare, senza preavviso, le modifiche che ritenga opportune al proprio portale, inclusi cambiamenti, cancellazioni o aggiunte di qualsiasi contenuto o servizio fornito tramite il portale, nonch\u00e9 alla loro rappresentazione o posizione sul portale.<\/p>\n\n\n\n<p>La validit\u00e0 di tali condizioni dipende dalla loro esposizione e rester\u00e0 in vigore fino a quando non sar\u00e0 sostituita da altre condizioni debitamente pubblicate.<\/p>\n\n\n\n<h2 class=\"wp-block-heading\">COLLEGAMENTI<\/h2>\n\n\n\n<p>Se <a href=\"https:\/\/prosolia.com\/es\/\">https:\/\/prosolia.com\/es\/<\/a> include collegamenti o hyperlink ad altri siti Internet, il Titolare non eserciter\u00e0 alcun controllo su tali siti e contenuti. In nessun caso il Titolare sar\u00e0 responsabile dei contenuti di link verso siti esterni, n\u00e9 garantir\u00e0 la disponibilit\u00e0 tecnica, qualit\u00e0, affidabilit\u00e0, accuratezza, completezza, veridicit\u00e0, validit\u00e0 o legittimit\u00e0 delle informazioni contenute in tali hyperlink e altri siti Internet. L\u2019inclusione di tali collegamenti esterni non implica alcuna associazione, fusione o partecipazione con le entit\u00e0 connesse.<\/p>\n\n\n\n<h2 class=\"wp-block-heading\">DIRITTI DI ESCLUSIONE<\/h2>\n\n\n\n<p>Il Titolare si riserva il diritto di negare o ritirare l\u2019accesso al portale e\/o ai servizi offerti senza preavviso, a propria discrezione o su richiesta di terzi, per gli utenti che violino questo avviso legale.<\/p>\n\n\n\n<h2 class=\"wp-block-heading\">DISPOSIZIONI GENERALI<\/h2>\n\n\n\n<p>Il Titolare perseguir\u00e0 eventuali violazioni delle presenti condizioni, nonch\u00e9 qualsiasi uso improprio del portale, esercitando tutte le azioni civili e penali previste dalla legge.<\/p>\n\n\n\n<h2 class=\"wp-block-heading\">LEGGE APPLICABILE E GIURISDIZIONE<\/h2>\n\n\n\n<p>Il rapporto tra il Titolare e l\u2019Utente \u00e8 regolato dalla normativa spagnola vigente. Tutte le controversie e reclami derivanti da questo avviso legale saranno risolti dai tribunali spagnoli competenti per i consumatori e gli utenti.<\/p>\n\n\n\n<h2 class=\"wp-block-heading\">MINORI<\/h2>\n\n\n\n<p>Questo sito \u00e8 destinato a utenti di et\u00e0 superiore ai 18 anni. I minori non sono autorizzati a utilizzare i nostri servizi e non devono fornire i propri dati personali. Se ci\u00f2 dovesse avvenire, il Titolare non sar\u00e0 responsabile delle eventuali conseguenze derivanti dalla violazione di questa disposizione.<\/p>\n\n\n\n<h2 class=\"wp-block-heading\">MISURE DI SICUREZZA \u2013 SSL<\/h2>\n\n\n\n<p>Il Titolare ha ottenuto per il proprio sito un certificato SSL (\u201cSecure Sockets Layer\u201d).<\/p>\n\n\n\n<p>Un certificato SSL protegge tutte le informazioni personali e riservate trattate su un sito web, indipendentemente dalle informazioni trasmesse, ad esempio tramite i moduli di contatto, iscrizioni a newsletter o accessi ad aree protette.<\/p>\n\n\n\n<p>L\u2019indirizzo del sito web apparir\u00e0 in verde, con il protocollo \u201chttps\u201d attivato, garantendo una connessione sicura tra il server web e il browser dell\u2019utente.<\/p>\n\n\n\n<p><strong>Ultima revisione: 7 settembre 2021<\/strong><\/p>\n\n\n\n<p><\/p>\n<\/div>\n","protected":false},"excerpt":{"rendered":"<p>In conformit\u00e0 con quanto previsto dalla Legge 34\/2002 dell\u201911 luglio sui Servizi della Societ\u00e0 dell\u2019Informazione e sul Commercio Elettronico, vengono&#8230;<\/p>\n","protected":false},"author":1,"featured_media":0,"parent":0,"menu_order":100,"comment_status":"closed","ping_status":"closed","template":"","meta":{"_acf_changed":false,"footnotes":""},"class_list":["post-6627","page","type-page","status-publish","hentry"],"acf":[],"yoast_head":"<!-- This site is optimized with the Yoast SEO plugin v27.1.1 - https:\/\/yoast.com\/product\/yoast-seo-wordpress\/ -->\n<title>Note legali - Prosolia Energy<\/title>\n<meta name=\"robots\" content=\"noindex, nofollow\" \/>\n<meta property=\"og:locale\" content=\"it_IT\" \/>\n<meta property=\"og:type\" content=\"article\" \/>\n<meta property=\"og:title\" content=\"Note legali - Prosolia Energy\" \/>\n<meta property=\"og:description\" content=\"In conformit\u00e0 con quanto previsto dalla Legge 34\/2002 dell\u201911 luglio sui Servizi della Societ\u00e0 dell\u2019Informazione e sul Commercio Elettronico, vengono...\" \/>\n<meta property=\"og:url\" content=\"https:\/\/prosolia.com\/it\/note-legali\/\" \/>\n<meta property=\"og:site_name\" content=\"Prosolia Energy\" \/>\n<meta property=\"article:modified_time\" content=\"2026-02-14T19:05:48+00:00\" \/>\n<meta property=\"og:image\" content=\"https:\/\/prosolia.com\/app\/uploads\/2025\/12\/PV-Plant-3.png\" \/>\n\t<meta property=\"og:image:width\" content=\"1200\" \/>\n\t<meta property=\"og:image:height\" content=\"1200\" \/>\n\t<meta property=\"og:image:type\" content=\"image\/png\" \/>\n<meta name=\"twitter:card\" content=\"summary_large_image\" \/>\n<meta name=\"twitter:site\" content=\"@prosoliae\" \/>\n<meta name=\"twitter:label1\" content=\"Est. reading time\" \/>\n\t<meta name=\"twitter:data1\" content=\"6 minutes\" \/>\n<script type=\"application\/ld+json\" class=\"yoast-schema-graph\">{\"@context\":\"https:\/\/schema.org\",\"@graph\":[{\"@type\":\"WebPage\",\"@id\":\"https:\/\/prosolia.com\/it\/note-legali\/\",\"url\":\"https:\/\/prosolia.com\/it\/note-legali\/\",\"name\":\"Note legali - Prosolia Energy\",\"isPartOf\":{\"@id\":\"http:\/\/prosolia.com\/it\/#website\"},\"primaryImageOfPage\":{\"@id\":\"https:\/\/prosolia.com\/it\/note-legali\/#primaryimage\"},\"image\":{\"@id\":\"https:\/\/prosolia.com\/it\/note-legali\/#primaryimage\"},\"thumbnailUrl\":\"https:\/\/prosolia.com\/app\/uploads\/2025\/12\/PV-Plant-3.png\",\"datePublished\":\"2025-12-11T18:05:22+00:00\",\"dateModified\":\"2026-02-14T19:05:48+00:00\",\"breadcrumb\":{\"@id\":\"https:\/\/prosolia.com\/it\/note-legali\/#breadcrumb\"},\"inLanguage\":\"it-IT\",\"potentialAction\":[{\"@type\":\"ReadAction\",\"target\":[\"https:\/\/prosolia.com\/it\/note-legali\/\"]}]},{\"@type\":\"ImageObject\",\"inLanguage\":\"it-IT\",\"@id\":\"https:\/\/prosolia.com\/it\/note-legali\/#primaryimage\",\"url\":\"https:\/\/prosolia.com\/app\/uploads\/2025\/12\/PV-Plant-3.png\",\"contentUrl\":\"https:\/\/prosolia.com\/app\/uploads\/2025\/12\/PV-Plant-3.png\"},{\"@type\":\"BreadcrumbList\",\"@id\":\"https:\/\/prosolia.com\/it\/note-legali\/#breadcrumb\",\"itemListElement\":[{\"@type\":\"ListItem\",\"position\":1,\"name\":\"Home\",\"item\":\"https:\/\/prosolia.com\/it\/\"},{\"@type\":\"ListItem\",\"position\":2,\"name\":\"Note legali\"}]},{\"@type\":\"WebSite\",\"@id\":\"http:\/\/prosolia.com\/it\/#website\",\"url\":\"http:\/\/prosolia.com\/it\/\",\"name\":\"Prosolia Energy\",\"description\":\"Prosolia Energy \u00e8 un'azienda leader nel settore delle energie rinnovabili, specializzata in soluzioni decarbonizzate che includono progetti fotovoltaici, eolici e di accumulo di energia\",\"publisher\":{\"@id\":\"http:\/\/prosolia.com\/it\/#organization\"},\"potentialAction\":[{\"@type\":\"SearchAction\",\"target\":{\"@type\":\"EntryPoint\",\"urlTemplate\":\"http:\/\/prosolia.com\/it\/?s={search_term_string}\"},\"query-input\":{\"@type\":\"PropertyValueSpecification\",\"valueRequired\":true,\"valueName\":\"search_term_string\"}}],\"inLanguage\":\"it-IT\"},{\"@type\":\"Organization\",\"@id\":\"http:\/\/prosolia.com\/it\/#organization\",\"name\":\"Prosolia Energy\",\"url\":\"http:\/\/prosolia.com\/it\/\",\"logo\":{\"@type\":\"ImageObject\",\"inLanguage\":\"it-IT\",\"@id\":\"http:\/\/prosolia.com\/it\/#\/schema\/logo\/image\/\",\"url\":\"https:\/\/prosolia.com\/app\/uploads\/2026\/03\/brand-logo-primary.png\",\"contentUrl\":\"https:\/\/prosolia.com\/app\/uploads\/2026\/03\/brand-logo-primary.png\",\"width\":600,\"height\":600,\"caption\":\"Prosolia Energy\"},\"image\":{\"@id\":\"http:\/\/prosolia.com\/it\/#\/schema\/logo\/image\/\"},\"sameAs\":[\"https:\/\/x.com\/prosoliae\",\"https:\/\/www.instagram.com\/prosolia_energy\/\",\"https:\/\/es.linkedin.com\/company\/prosolia-energy-group\",\"https:\/\/www.youtube.com\/channel\/UCg-iDtdvSYu0xBqkhSs6aRw\"]}]}<\/script>\n<!-- \/ Yoast SEO plugin. -->","yoast_head_json":{"title":"Note legali - Prosolia Energy","robots":{"index":"noindex","follow":"nofollow"},"og_locale":"it_IT","og_type":"article","og_title":"Note legali - Prosolia Energy","og_description":"In conformit\u00e0 con quanto previsto dalla Legge 34\/2002 dell\u201911 luglio sui Servizi della Societ\u00e0 dell\u2019Informazione e sul Commercio Elettronico, vengono...","og_url":"https:\/\/prosolia.com\/it\/note-legali\/","og_site_name":"Prosolia Energy","article_modified_time":"2026-02-14T19:05:48+00:00","og_image":[{"width":1200,"height":1200,"url":"https:\/\/prosolia.com\/app\/uploads\/2025\/12\/PV-Plant-3.png","type":"image\/png"}],"twitter_card":"summary_large_image","twitter_site":"@prosoliae","twitter_misc":{"Est. reading time":"6 minutes"},"schema":{"@context":"https:\/\/schema.org","@graph":[{"@type":"WebPage","@id":"https:\/\/prosolia.com\/it\/note-legali\/","url":"https:\/\/prosolia.com\/it\/note-legali\/","name":"Note legali - Prosolia Energy","isPartOf":{"@id":"http:\/\/prosolia.com\/it\/#website"},"primaryImageOfPage":{"@id":"https:\/\/prosolia.com\/it\/note-legali\/#primaryimage"},"image":{"@id":"https:\/\/prosolia.com\/it\/note-legali\/#primaryimage"},"thumbnailUrl":"https:\/\/prosolia.com\/app\/uploads\/2025\/12\/PV-Plant-3.png","datePublished":"2025-12-11T18:05:22+00:00","dateModified":"2026-02-14T19:05:48+00:00","breadcrumb":{"@id":"https:\/\/prosolia.com\/it\/note-legali\/#breadcrumb"},"inLanguage":"it-IT","potentialAction":[{"@type":"ReadAction","target":["https:\/\/prosolia.com\/it\/note-legali\/"]}]},{"@type":"ImageObject","inLanguage":"it-IT","@id":"https:\/\/prosolia.com\/it\/note-legali\/#primaryimage","url":"https:\/\/prosolia.com\/app\/uploads\/2025\/12\/PV-Plant-3.png","contentUrl":"https:\/\/prosolia.com\/app\/uploads\/2025\/12\/PV-Plant-3.png"},{"@type":"BreadcrumbList","@id":"https:\/\/prosolia.com\/it\/note-legali\/#breadcrumb","itemListElement":[{"@type":"ListItem","position":1,"name":"Home","item":"https:\/\/prosolia.com\/it\/"},{"@type":"ListItem","position":2,"name":"Note legali"}]},{"@type":"WebSite","@id":"http:\/\/prosolia.com\/it\/#website","url":"http:\/\/prosolia.com\/it\/","name":"Prosolia Energy","description":"Prosolia Energy \u00e8 un'azienda leader nel settore delle energie rinnovabili, specializzata in soluzioni decarbonizzate che includono progetti fotovoltaici, eolici e di accumulo di energia","publisher":{"@id":"http:\/\/prosolia.com\/it\/#organization"},"potentialAction":[{"@type":"SearchAction","target":{"@type":"EntryPoint","urlTemplate":"http:\/\/prosolia.com\/it\/?s={search_term_string}"},"query-input":{"@type":"PropertyValueSpecification","valueRequired":true,"valueName":"search_term_string"}}],"inLanguage":"it-IT"},{"@type":"Organization","@id":"http:\/\/prosolia.com\/it\/#organization","name":"Prosolia Energy","url":"http:\/\/prosolia.com\/it\/","logo":{"@type":"ImageObject","inLanguage":"it-IT","@id":"http:\/\/prosolia.com\/it\/#\/schema\/logo\/image\/","url":"https:\/\/prosolia.com\/app\/uploads\/2026\/03\/brand-logo-primary.png","contentUrl":"https:\/\/prosolia.com\/app\/uploads\/2026\/03\/brand-logo-primary.png","width":600,"height":600,"caption":"Prosolia Energy"},"image":{"@id":"http:\/\/prosolia.com\/it\/#\/schema\/logo\/image\/"},"sameAs":["https:\/\/x.com\/prosoliae","https:\/\/www.instagram.com\/prosolia_energy\/","https:\/\/es.linkedin.com\/company\/prosolia-energy-group","https:\/\/www.youtube.com\/channel\/UCg-iDtdvSYu0xBqkhSs6aRw"]}]}},"_links":{"self":[{"href":"https:\/\/prosolia.com\/it\/wp-json\/wp\/v2\/pages\/6627","targetHints":{"allow":["GET"]}}],"collection":[{"href":"https:\/\/prosolia.com\/it\/wp-json\/wp\/v2\/pages"}],"about":[{"href":"https:\/\/prosolia.com\/it\/wp-json\/wp\/v2\/types\/page"}],"author":[{"embeddable":true,"href":"https:\/\/prosolia.com\/it\/wp-json\/wp\/v2\/users\/1"}],"replies":[{"embeddable":true,"href":"https:\/\/prosolia.com\/it\/wp-json\/wp\/v2\/comments?post=6627"}],"version-history":[{"count":6,"href":"https:\/\/prosolia.com\/it\/wp-json\/wp\/v2\/pages\/6627\/revisions"}],"predecessor-version":[{"id":12408,"href":"https:\/\/prosolia.com\/it\/wp-json\/wp\/v2\/pages\/6627\/revisions\/12408"}],"wp:attachment":[{"href":"https:\/\/prosolia.com\/it\/wp-json\/wp\/v2\/media?parent=6627"}],"curies":[{"name":"wp","href":"https:\/\/api.w.org\/{rel}","templated":true}]}}