{"id":8054,"date":"2025-12-11T18:10:45","date_gmt":"2025-12-11T18:10:45","guid":{"rendered":"https:\/\/prosolia.com\/politica-de-cookies\/"},"modified":"2026-03-02T19:00:30","modified_gmt":"2026-03-02T19:00:30","slug":"politica-de-cookies","status":"publish","type":"page","link":"https:\/\/prosolia.com\/pt\/politica-de-cookies\/","title":{"rendered":"Pol\u00edtica de cookies"},"content":{"rendered":"\n<div class=\"wp-block-cover\" style=\"min-height:100vh;aspect-ratio:unset;\"><img loading=\"lazy\" decoding=\"async\" width=\"1200\" height=\"1200\" class=\"wp-block-cover__image-background wp-image-5932 size-full\" alt=\"\" src=\"https:\/\/prosolia.com\/app\/uploads\/2025\/12\/PV-Plant-3.png\" data-object-fit=\"cover\" srcset=\"https:\/\/prosolia.com\/app\/uploads\/2025\/12\/PV-Plant-3.png 1200w, https:\/\/prosolia.com\/app\/uploads\/2025\/12\/PV-Plant-3-300x300.png 300w, https:\/\/prosolia.com\/app\/uploads\/2025\/12\/PV-Plant-3-1024x1024.png 1024w, https:\/\/prosolia.com\/app\/uploads\/2025\/12\/PV-Plant-3-150x150.png 150w, https:\/\/prosolia.com\/app\/uploads\/2025\/12\/PV-Plant-3-768x768.png 768w, https:\/\/prosolia.com\/app\/uploads\/2025\/12\/PV-Plant-3-1080x1080.png 1080w, https:\/\/prosolia.com\/app\/uploads\/2025\/12\/PV-Plant-3-360x360.png 360w, https:\/\/prosolia.com\/app\/uploads\/2025\/12\/PV-Plant-3-648x648.png 648w, https:\/\/prosolia.com\/app\/uploads\/2025\/12\/PV-Plant-3-340x340.png 340w, https:\/\/prosolia.com\/app\/uploads\/2025\/12\/PV-Plant-3-610x610.png 610w\" sizes=\"auto, (max-width: 1200px) 100vw, 1200px\" \/><span aria-hidden=\"true\" class=\"wp-block-cover__background has-secondary-background-color has-background-dim-30 has-background-dim\"><\/span><div class=\"wp-block-cover__inner-container is-layout-constrained wp-block-cover-is-layout-constrained\">\n<div class=\"wp-block-group is-layout-constrained wp-container-core-group-is-layout-a31aa551 wp-block-group-is-layout-constrained\">\n<h2 class=\"wp-block-heading has-text-align-center has-accent-500-color has-text-color has-link-color has-heading-md-font-size wp-elements-233293c37431e8422accc5586b0d8d15\" style=\"text-transform:uppercase\">AVISO legal<\/h2>\n\n\n\n<h1 class=\"wp-block-heading has-text-align-center has-primary-color has-text-color has-link-color has-heading-3-xl-font-size wp-elements-53bfa6a127f0f29c0d1fcbb915f04bb1\"><strong>Pol\u00edtica de cookies<\/strong><\/h1>\n<\/div>\n\n\n\n<div class=\"wp-block-group flex items-center is-layout-constrained wp-block-group-is-layout-constrained\"><a href=\"#intro\" class=\"anchor-hero-arrow-block inline-flex items-center justify-center\" >\n            <img decoding=\"async\" src=\"https:\/\/prosolia.com\/app\/uploads\/2025\/11\/ico-scroll-down-arrow.svg\" class=\"anchor-icon\" alt=\"\" \/>    <\/a>\n<\/div>\n<\/div><\/div>\n\n\n\n<div id=\"intro\" class=\"wp-block-group is-layout-constrained wp-container-core-group-is-layout-59cc4761 wp-block-group-is-layout-constrained\" style=\"padding-top:var(--wp--preset--spacing--5-xl);padding-bottom:var(--wp--preset--spacing--5-xl)\">\n<p>O objetivo desta pol\u00edtica \u00e9 informar os titulares sobre os cookies utilizados neste site, de acordo com o disposto na Lei 34\/2002, de 11 de julho, sobre Servi\u00e7os da Sociedade da Informa\u00e7\u00e3o e Com\u00e9rcio Eletr\u00f3nico, e no Regulamento (UE) 2016\/679 do Parlamento Europeu e do Conselho, de 27 de abril de 2016.<\/p>\n\n\n\n<h2 class=\"wp-block-heading\">USO DE COOKIES. O QUE S\u00c3O COOKIES?<\/h2>\n\n\n\n<p>Os cookies s\u00e3o arquivos descarregados no seu computador, smartphone ou tablet ao aceder a determinadas p\u00e1ginas web. A utiliza\u00e7\u00e3o de cookies oferece in\u00fameras vantagens na presta\u00e7\u00e3o de servi\u00e7os da Sociedade da Informa\u00e7\u00e3o, tais como:<br>(a) facilita a navega\u00e7\u00e3o do utilizador no site;<br>(b) permite ao utilizador aceder aos diferentes servi\u00e7os oferecidos pelo site;<br>(c) evita que o utilizador tenha de reconfigurar caracter\u00edsticas gerais predefinidas a cada acesso;<br>(d) contribui para melhorar o funcionamento e os servi\u00e7os prestados atrav\u00e9s do site, com base na an\u00e1lise das informa\u00e7\u00f5es obtidas pelos cookies instalados;<br>(e) permite a um site armazenar e recuperar informa\u00e7\u00f5es sobre os h\u00e1bitos de navega\u00e7\u00e3o de um utilizador ou do seu dispositivo e, dependendo das informa\u00e7\u00f5es contidas e da utiliza\u00e7\u00e3o do dispositivo, pode ser utilizado para reconhecer o utilizador.<\/p>\n\n\n\n<p>A maioria dos navegadores aceita cookies como padr\u00e3o e, independentemente disso, permite bloquear ou permitir cookies tempor\u00e1rios ou armazenados nas configura\u00e7\u00f5es de seguran\u00e7a.<\/p>\n\n\n\n<p>Tenha em aten\u00e7\u00e3o que, para utilizar o site e ter uma melhor experi\u00eancia de navega\u00e7\u00e3o, \u00e9 necess\u00e1rio que os cookies estejam ativados, especialmente os cookies t\u00e9cnicos necess\u00e1rios para identific\u00e1-lo como utilizador registado cada vez que acede ao site.<\/p>\n\n\n\n<p>Se n\u00e3o desejar receber cookies, configure o seu navegador para os eliminar do disco r\u00edgido, bloque\u00e1-los ou ser notificado quando forem instalados.<\/p>\n\n\n\n<h2 class=\"wp-block-heading\">QUE TIPOS DE COOKIES UTILIZA ESTE SITE?<\/h2>\n\n\n\n<h3 class=\"wp-block-heading\">Cookies utilizados neste site<\/h3>\n\n\n\n<p>Seguindo as diretrizes da Ag\u00eancia Espanhola de Prote\u00e7\u00e3o de Dados, detalhamos abaixo a utiliza\u00e7\u00e3o de cookies neste site, com o objetivo de fornecer o m\u00e1ximo de transpar\u00eancia.<\/p>\n\n\n\n<h4 class=\"wp-block-heading\">Cookies pr\u00f3prios:<\/h4>\n\n\n\n<p>S\u00e3o cookies enviados ao dispositivo terminal do utilizador a partir de um dispositivo ou dom\u00ednio gerido pelo pr\u00f3prio editor, a partir do qual \u00e9 prestado o servi\u00e7o solicitado pelo utilizador.<\/p>\n\n\n\n<p>Lista de cookies utilizados:<\/p>\n\n\n\n<figure class=\"wp-block-table\"><table class=\"has-fixed-layout\"><thead><tr><th>Nome<\/th><th>Tipo<\/th><th>Fornecedor<\/th><th>Finalidade<\/th><th>Dura\u00e7\u00e3o<\/th><\/tr><\/thead><tbody><tr><td>EJEMPLOASP.NET_SessionId<\/td><td>Cookie de sess\u00e3o<\/td><td>Nome do site<\/td><td>Serve para recolher e armazenar os seus dados durante a navega\u00e7\u00e3o no site. Permanece no dispositivo durante a visita.<\/td><td>At\u00e9 ao final da sess\u00e3o<\/td><\/tr><\/tbody><\/table><\/figure>\n\n\n\n<h4 class=\"wp-block-heading\">Cookies de terceiros:<\/h4>\n\n\n\n<p>S\u00e3o cookies enviados ao dispositivo terminal do utilizador a partir de um dispositivo ou dom\u00ednio n\u00e3o gerido pelo editor, mas por outra entidade que processa os dados obtidos atrav\u00e9s dos cookies.<\/p>\n\n\n\n<p>Lista de cookies de terceiros utilizados:<\/p>\n\n\n\n<figure class=\"wp-block-table\"><table class=\"has-fixed-layout\"><thead><tr><th>Nome<\/th><th>Tipo<\/th><th>Fornecedor<\/th><th>Finalidade<\/th><th>Dura\u00e7\u00e3o<\/th><th>Mais info \/ Opt-Out<\/th><\/tr><\/thead><tbody><tr><td>Google Analytics: _ga, _gat, _gid<\/td><td>Cookies anal\u00edticos<\/td><td>Google<\/td><td>Utilizados para analisar a experi\u00eancia de navega\u00e7\u00e3o do utilizador e permitir-nos melhorar o nosso site. Geralmente permanecem no navegador at\u00e9 serem eliminados ou at\u00e9 \u00e0 expira\u00e7\u00e3o definida.<\/td><td>_ga: 2 anos; _gat: dura\u00e7\u00e3o da sess\u00e3o; _gid: 1 dia<\/td><td><a href=\"https:\/\/support.google.com\/analytics\/answer\/6004245?hl=pt\">Google Analytics Opt-Out<\/a><\/td><\/tr><\/tbody><\/table><\/figure>\n\n\n\n<p><strong>PROSOLIA INTERNACIONAL SL<\/strong> n\u00e3o se responsabiliza, em caso algum, pelo conte\u00fado ou veracidade das pol\u00edticas e\/ou termos de uso e privacidade de terceiros, incluindo os acess\u00edveis atrav\u00e9s de links mencionados nesta pol\u00edtica.<\/p>\n\n\n\n<h2 class=\"wp-block-heading\">CONSENTIMENTO<\/h2>\n\n\n\n<p>Relativamente \u00e0 utiliza\u00e7\u00e3o de cookies neste site, o utilizador autoriza e consente o seu uso da seguinte forma:<\/p>\n\n\n\n<p><strong>Op\u00e7\u00e3o 1:<\/strong> Quando o utilizador acede a qualquer p\u00e1gina do site, ser\u00e1 exibido um aviso indicando que o site da <strong>PROSOLIA INTERNACIONAL SL<\/strong> utiliza cookies. O utilizador pode aceitar ou recusar a utiliza\u00e7\u00e3o atrav\u00e9s das configura\u00e7\u00f5es do navegador. Ao clicar em \u201cAceitar\u201d, consente o uso dos nossos cookies e, se aplic\u00e1vel, de cookies de terceiros. O painel de configura\u00e7\u00e3o\/privacidade permite aceitar cookies por tipo.<\/p>\n\n\n\n<h2 class=\"wp-block-heading\">COMO BLOQUEAR, REVOCARE OU ELIMINAR OS COOKIES INSTALADOS<\/h2>\n\n\n\n<p>Pode permitir, bloquear, revogar ou eliminar cookies instalados no seu dispositivo atrav\u00e9s das configura\u00e7\u00f5es do navegador. Para os navegadores mais comuns, consulte os seguintes links:<\/p>\n\n\n\n<ul class=\"wp-block-list\">\n<li><strong>Internet Explorer:<\/strong> <a href=\"https:\/\/support.microsoft.com\/es-es\/kb\/278835\">https:\/\/support.microsoft.com\/es-es\/kb\/278835<\/a><\/li>\n\n\n\n<li><strong>Microsoft Edge:<\/strong> <a href=\"https:\/\/privacy.microsoft.com\/es-es\/windows-10-microsoft-edge-and-privacy\">https:\/\/privacy.microsoft.com\/es-es\/windows-10-microsoft-edge-and-privacy<\/a><\/li>\n\n\n\n<li><strong>Chrome:<\/strong> <a href=\"https:\/\/support.google.com\/chrome\/answer\/95647?co=GENIE.Platform%3DDesktop&amp;hl=pt\">https:\/\/support.google.com\/chrome\/answer\/95647?co=GENIE.Platform%3DDesktop&amp;hl=pt<\/a><\/li>\n\n\n\n<li><strong>Firefox:<\/strong> <a href=\"http:\/\/support.mozilla.org\/pt\/kb\/Apagar%20cookies\">http:\/\/support.mozilla.org\/pt\/kb\/Apagar%20cookies<\/a><\/li>\n\n\n\n<li><strong>Safari:<\/strong> <a href=\"http:\/\/support.apple.com\/kb\/ph5042\">http:\/\/support.apple.com\/kb\/ph5042<\/a><\/li>\n\n\n\n<li><strong>Opera:<\/strong> <a href=\"https:\/\/help.opera.com\/en\/latest\/web-preferences\/#cookies\">https:\/\/help.opera.com\/en\/latest\/web-preferences\/#cookies<\/a><\/li>\n<\/ul>\n\n\n\n<p>Tenha em aten\u00e7\u00e3o que a desativa\u00e7\u00e3o de alguns cookies pode impedir ou dificultar a navega\u00e7\u00e3o ou a presta\u00e7\u00e3o de servi\u00e7os no site.<\/p>\n\n\n\n<p>Para revogar os cookies previamente aceites, clique no bot\u00e3o: <strong>\u201cRevogar Cookies\u201d<\/strong><br>[NOTA INTERNA: manter se incluir o bot\u00e3o \u201cRevogar Cookies\u201d]<\/p>\n\n\n\n<h2 class=\"wp-block-heading\">DESTINAT\u00c1RIOS DAS INFORMA\u00c7\u00d5ES<\/h2>\n\n\n\n<p>As empresas colaboradoras listadas no Painel de Configura\u00e7\u00e3o podem aceder \u00e0s informa\u00e7\u00f5es obtidas atrav\u00e9s dos cookies do site. No painel, pode tamb\u00e9m consultar as finalidades do uso dos cookies e as respetivas pol\u00edticas de privacidade.<\/p>\n\n\n\n<p>Al\u00e9m disso, alguns fornecedores e parceiros podem realizar transfer\u00eancias para pa\u00edses terceiros. Pode consultar essas transfer\u00eancias nas respetivas pol\u00edticas de privacidade, acess\u00edveis atrav\u00e9s dos links no Painel de Configura\u00e7\u00e3o.<\/p>\n\n\n\n<h2 class=\"wp-block-heading\">MODIFICA\u00c7\u00d5ES \/ ATUALIZA\u00c7\u00d5ES<\/h2>\n\n\n\n<p>Esta pol\u00edtica de cookies pode ser modificada ou atualizada para cumprir exig\u00eancias legais ou para a adaptar \u00e0s instru\u00e7\u00f5es da Ag\u00eancia Espanhola de Prote\u00e7\u00e3o de Dados, ou devido a altera\u00e7\u00f5es no nosso site.<\/p>\n\n\n\n<p>Por esta raz\u00e3o, aconselhamos os utilizadores a consultar periodicamente a nossa pol\u00edtica de cookies.<\/p>\n\n\n\n<p>Se tiver d\u00favidas sobre esta pol\u00edtica de cookies, pode contactar <strong>PROSOLIA INTERNACIONAL SL<\/strong> atrav\u00e9s do email: <strong><a href=\"mailto:protecciondedatos@prosolia.com\">protecciondedatos@prosolia.com<\/a><\/strong><\/p>\n<\/div>\n","protected":false},"excerpt":{"rendered":"<p>O objetivo desta pol\u00edtica \u00e9 informar os titulares sobre os cookies utilizados neste site, de acordo com o disposto na&#8230;<\/p>\n","protected":false},"author":1,"featured_media":0,"parent":0,"menu_order":99,"comment_status":"closed","ping_status":"closed","template":"","meta":{"_acf_changed":false,"footnotes":""},"class_list":["post-8054","page","type-page","status-publish","hentry"],"acf":[],"yoast_head":"<!-- This site is optimized with the Yoast SEO plugin v27.1.1 - https:\/\/yoast.com\/product\/yoast-seo-wordpress\/ -->\n<title>Pol\u00edtica de cookies - Prosolia Energy<\/title>\n<meta name=\"robots\" content=\"noindex, nofollow\" \/>\n<meta property=\"og:locale\" content=\"pt_PT\" \/>\n<meta property=\"og:type\" content=\"article\" \/>\n<meta property=\"og:title\" content=\"Pol\u00edtica de cookies - Prosolia Energy\" \/>\n<meta property=\"og:description\" content=\"O objetivo desta pol\u00edtica \u00e9 informar os titulares sobre os cookies utilizados neste site, de acordo com o disposto na...\" \/>\n<meta property=\"og:url\" content=\"https:\/\/prosolia.com\/pt\/politica-de-cookies\/\" \/>\n<meta property=\"og:site_name\" content=\"Prosolia Energy\" \/>\n<meta property=\"article:modified_time\" content=\"2026-03-02T19:00:30+00:00\" \/>\n<meta property=\"og:image\" content=\"https:\/\/prosolia.com\/app\/uploads\/2025\/12\/PV-Plant-3.png\" \/>\n\t<meta property=\"og:image:width\" content=\"1200\" \/>\n\t<meta property=\"og:image:height\" content=\"1200\" \/>\n\t<meta property=\"og:image:type\" content=\"image\/png\" \/>\n<meta name=\"twitter:card\" content=\"summary_large_image\" \/>\n<meta name=\"twitter:site\" content=\"@prosoliae\" \/>\n<meta name=\"twitter:label1\" content=\"Est. reading time\" \/>\n\t<meta name=\"twitter:data1\" content=\"4 minutes\" \/>\n<script type=\"application\/ld+json\" class=\"yoast-schema-graph\">{\"@context\":\"https:\/\/schema.org\",\"@graph\":[{\"@type\":\"WebPage\",\"@id\":\"https:\/\/prosolia.com\/pt\/politica-de-cookies\/\",\"url\":\"https:\/\/prosolia.com\/pt\/politica-de-cookies\/\",\"name\":\"Pol\u00edtica de cookies - Prosolia Energy\",\"isPartOf\":{\"@id\":\"http:\/\/prosolia.com\/pt\/#website\"},\"primaryImageOfPage\":{\"@id\":\"https:\/\/prosolia.com\/pt\/politica-de-cookies\/#primaryimage\"},\"image\":{\"@id\":\"https:\/\/prosolia.com\/pt\/politica-de-cookies\/#primaryimage\"},\"thumbnailUrl\":\"https:\/\/prosolia.com\/app\/uploads\/2025\/12\/PV-Plant-3.png\",\"datePublished\":\"2025-12-11T18:10:45+00:00\",\"dateModified\":\"2026-03-02T19:00:30+00:00\",\"breadcrumb\":{\"@id\":\"https:\/\/prosolia.com\/pt\/politica-de-cookies\/#breadcrumb\"},\"inLanguage\":\"pt-CT\",\"potentialAction\":[{\"@type\":\"ReadAction\",\"target\":[\"https:\/\/prosolia.com\/pt\/politica-de-cookies\/\"]}]},{\"@type\":\"ImageObject\",\"inLanguage\":\"pt-CT\",\"@id\":\"https:\/\/prosolia.com\/pt\/politica-de-cookies\/#primaryimage\",\"url\":\"https:\/\/prosolia.com\/app\/uploads\/2025\/12\/PV-Plant-3.png\",\"contentUrl\":\"https:\/\/prosolia.com\/app\/uploads\/2025\/12\/PV-Plant-3.png\"},{\"@type\":\"BreadcrumbList\",\"@id\":\"https:\/\/prosolia.com\/pt\/politica-de-cookies\/#breadcrumb\",\"itemListElement\":[{\"@type\":\"ListItem\",\"position\":1,\"name\":\"Home\",\"item\":\"https:\/\/prosolia.com\/pt\/\"},{\"@type\":\"ListItem\",\"position\":2,\"name\":\"Pol\u00edtica de cookies\"}]},{\"@type\":\"WebSite\",\"@id\":\"http:\/\/prosolia.com\/pt\/#website\",\"url\":\"http:\/\/prosolia.com\/pt\/\",\"name\":\"Prosolia Energy\",\"description\":\"Prosolia Energy \u00e9 uma empresa l\u00edder em energias renov\u00e1veis, especializada em solu\u00e7\u00f5es integradas para a descarboniza\u00e7\u00e3o incluindo projetos solares, e\u00f3licos e de armazenamento de energia.\",\"publisher\":{\"@id\":\"http:\/\/prosolia.com\/pt\/#organization\"},\"potentialAction\":[{\"@type\":\"SearchAction\",\"target\":{\"@type\":\"EntryPoint\",\"urlTemplate\":\"http:\/\/prosolia.com\/pt\/?s={search_term_string}\"},\"query-input\":{\"@type\":\"PropertyValueSpecification\",\"valueRequired\":true,\"valueName\":\"search_term_string\"}}],\"inLanguage\":\"pt-CT\"},{\"@type\":\"Organization\",\"@id\":\"http:\/\/prosolia.com\/pt\/#organization\",\"name\":\"Prosolia Energy\",\"url\":\"http:\/\/prosolia.com\/pt\/\",\"logo\":{\"@type\":\"ImageObject\",\"inLanguage\":\"pt-CT\",\"@id\":\"http:\/\/prosolia.com\/pt\/#\/schema\/logo\/image\/\",\"url\":\"https:\/\/prosolia.com\/app\/uploads\/2026\/03\/brand-logo-primary.png\",\"contentUrl\":\"https:\/\/prosolia.com\/app\/uploads\/2026\/03\/brand-logo-primary.png\",\"width\":600,\"height\":600,\"caption\":\"Prosolia Energy\"},\"image\":{\"@id\":\"http:\/\/prosolia.com\/pt\/#\/schema\/logo\/image\/\"},\"sameAs\":[\"https:\/\/x.com\/prosoliae\",\"https:\/\/www.instagram.com\/prosolia_energy\/\",\"https:\/\/es.linkedin.com\/company\/prosolia-energy-group\",\"https:\/\/www.youtube.com\/channel\/UCg-iDtdvSYu0xBqkhSs6aRw\"]}]}<\/script>\n<!-- \/ Yoast SEO plugin. -->","yoast_head_json":{"title":"Pol\u00edtica de cookies - Prosolia Energy","robots":{"index":"noindex","follow":"nofollow"},"og_locale":"pt_PT","og_type":"article","og_title":"Pol\u00edtica de cookies - Prosolia Energy","og_description":"O objetivo desta pol\u00edtica \u00e9 informar os titulares sobre os cookies utilizados neste site, de acordo com o disposto na...","og_url":"https:\/\/prosolia.com\/pt\/politica-de-cookies\/","og_site_name":"Prosolia Energy","article_modified_time":"2026-03-02T19:00:30+00:00","og_image":[{"width":1200,"height":1200,"url":"https:\/\/prosolia.com\/app\/uploads\/2025\/12\/PV-Plant-3.png","type":"image\/png"}],"twitter_card":"summary_large_image","twitter_site":"@prosoliae","twitter_misc":{"Est. reading time":"4 minutes"},"schema":{"@context":"https:\/\/schema.org","@graph":[{"@type":"WebPage","@id":"https:\/\/prosolia.com\/pt\/politica-de-cookies\/","url":"https:\/\/prosolia.com\/pt\/politica-de-cookies\/","name":"Pol\u00edtica de cookies - Prosolia Energy","isPartOf":{"@id":"http:\/\/prosolia.com\/pt\/#website"},"primaryImageOfPage":{"@id":"https:\/\/prosolia.com\/pt\/politica-de-cookies\/#primaryimage"},"image":{"@id":"https:\/\/prosolia.com\/pt\/politica-de-cookies\/#primaryimage"},"thumbnailUrl":"https:\/\/prosolia.com\/app\/uploads\/2025\/12\/PV-Plant-3.png","datePublished":"2025-12-11T18:10:45+00:00","dateModified":"2026-03-02T19:00:30+00:00","breadcrumb":{"@id":"https:\/\/prosolia.com\/pt\/politica-de-cookies\/#breadcrumb"},"inLanguage":"pt-CT","potentialAction":[{"@type":"ReadAction","target":["https:\/\/prosolia.com\/pt\/politica-de-cookies\/"]}]},{"@type":"ImageObject","inLanguage":"pt-CT","@id":"https:\/\/prosolia.com\/pt\/politica-de-cookies\/#primaryimage","url":"https:\/\/prosolia.com\/app\/uploads\/2025\/12\/PV-Plant-3.png","contentUrl":"https:\/\/prosolia.com\/app\/uploads\/2025\/12\/PV-Plant-3.png"},{"@type":"BreadcrumbList","@id":"https:\/\/prosolia.com\/pt\/politica-de-cookies\/#breadcrumb","itemListElement":[{"@type":"ListItem","position":1,"name":"Home","item":"https:\/\/prosolia.com\/pt\/"},{"@type":"ListItem","position":2,"name":"Pol\u00edtica de cookies"}]},{"@type":"WebSite","@id":"http:\/\/prosolia.com\/pt\/#website","url":"http:\/\/prosolia.com\/pt\/","name":"Prosolia Energy","description":"Prosolia Energy \u00e9 uma empresa l\u00edder em energias renov\u00e1veis, especializada em solu\u00e7\u00f5es integradas para a descarboniza\u00e7\u00e3o incluindo projetos solares, e\u00f3licos e de armazenamento de energia.","publisher":{"@id":"http:\/\/prosolia.com\/pt\/#organization"},"potentialAction":[{"@type":"SearchAction","target":{"@type":"EntryPoint","urlTemplate":"http:\/\/prosolia.com\/pt\/?s={search_term_string}"},"query-input":{"@type":"PropertyValueSpecification","valueRequired":true,"valueName":"search_term_string"}}],"inLanguage":"pt-CT"},{"@type":"Organization","@id":"http:\/\/prosolia.com\/pt\/#organization","name":"Prosolia Energy","url":"http:\/\/prosolia.com\/pt\/","logo":{"@type":"ImageObject","inLanguage":"pt-CT","@id":"http:\/\/prosolia.com\/pt\/#\/schema\/logo\/image\/","url":"https:\/\/prosolia.com\/app\/uploads\/2026\/03\/brand-logo-primary.png","contentUrl":"https:\/\/prosolia.com\/app\/uploads\/2026\/03\/brand-logo-primary.png","width":600,"height":600,"caption":"Prosolia Energy"},"image":{"@id":"http:\/\/prosolia.com\/pt\/#\/schema\/logo\/image\/"},"sameAs":["https:\/\/x.com\/prosoliae","https:\/\/www.instagram.com\/prosolia_energy\/","https:\/\/es.linkedin.com\/company\/prosolia-energy-group","https:\/\/www.youtube.com\/channel\/UCg-iDtdvSYu0xBqkhSs6aRw"]}]}},"_links":{"self":[{"href":"https:\/\/prosolia.com\/pt\/wp-json\/wp\/v2\/pages\/8054","targetHints":{"allow":["GET"]}}],"collection":[{"href":"https:\/\/prosolia.com\/pt\/wp-json\/wp\/v2\/pages"}],"about":[{"href":"https:\/\/prosolia.com\/pt\/wp-json\/wp\/v2\/types\/page"}],"author":[{"embeddable":true,"href":"https:\/\/prosolia.com\/pt\/wp-json\/wp\/v2\/users\/1"}],"replies":[{"embeddable":true,"href":"https:\/\/prosolia.com\/pt\/wp-json\/wp\/v2\/comments?post=8054"}],"version-history":[{"count":2,"href":"https:\/\/prosolia.com\/pt\/wp-json\/wp\/v2\/pages\/8054\/revisions"}],"predecessor-version":[{"id":12419,"href":"https:\/\/prosolia.com\/pt\/wp-json\/wp\/v2\/pages\/8054\/revisions\/12419"}],"wp:attachment":[{"href":"https:\/\/prosolia.com\/pt\/wp-json\/wp\/v2\/media?parent=8054"}],"curies":[{"name":"wp","href":"https:\/\/api.w.org\/{rel}","templated":true}]}}