{"id":8055,"date":"2025-12-11T18:05:22","date_gmt":"2025-12-11T18:05:22","guid":{"rendered":"https:\/\/prosolia.com\/aviso-legal\/"},"modified":"2026-02-14T19:08:16","modified_gmt":"2026-02-14T19:08:16","slug":"aviso-legal","status":"publish","type":"page","link":"https:\/\/prosolia.com\/pt\/aviso-legal\/","title":{"rendered":"Aviso legal"},"content":{"rendered":"\n<div class=\"wp-block-cover\" style=\"min-height:100vh;aspect-ratio:unset;\"><img loading=\"lazy\" decoding=\"async\" width=\"1200\" height=\"1200\" class=\"wp-block-cover__image-background wp-image-5932 size-full\" alt=\"\" src=\"https:\/\/prosolia.com\/app\/uploads\/2025\/12\/PV-Plant-3.png\" data-object-fit=\"cover\" srcset=\"https:\/\/prosolia.com\/app\/uploads\/2025\/12\/PV-Plant-3.png 1200w, https:\/\/prosolia.com\/app\/uploads\/2025\/12\/PV-Plant-3-300x300.png 300w, https:\/\/prosolia.com\/app\/uploads\/2025\/12\/PV-Plant-3-1024x1024.png 1024w, https:\/\/prosolia.com\/app\/uploads\/2025\/12\/PV-Plant-3-150x150.png 150w, https:\/\/prosolia.com\/app\/uploads\/2025\/12\/PV-Plant-3-768x768.png 768w, https:\/\/prosolia.com\/app\/uploads\/2025\/12\/PV-Plant-3-1080x1080.png 1080w, https:\/\/prosolia.com\/app\/uploads\/2025\/12\/PV-Plant-3-360x360.png 360w, https:\/\/prosolia.com\/app\/uploads\/2025\/12\/PV-Plant-3-648x648.png 648w, https:\/\/prosolia.com\/app\/uploads\/2025\/12\/PV-Plant-3-340x340.png 340w, https:\/\/prosolia.com\/app\/uploads\/2025\/12\/PV-Plant-3-610x610.png 610w\" sizes=\"auto, (max-width: 1200px) 100vw, 1200px\" \/><span aria-hidden=\"true\" class=\"wp-block-cover__background has-secondary-background-color has-background-dim-30 has-background-dim\"><\/span><div class=\"wp-block-cover__inner-container is-layout-constrained wp-block-cover-is-layout-constrained\">\n<div class=\"wp-block-group is-layout-constrained wp-container-core-group-is-layout-a31aa551 wp-block-group-is-layout-constrained\">\n<h2 class=\"wp-block-heading has-text-align-center has-accent-500-color has-text-color has-link-color has-heading-md-font-size wp-elements-233293c37431e8422accc5586b0d8d15\" style=\"text-transform:uppercase\">AVISO legal<\/h2>\n\n\n\n<h1 class=\"wp-block-heading has-text-align-center has-primary-color has-text-color has-link-color has-heading-3-xl-font-size wp-elements-71c10a61d7326e3bc3feaf3466536fec\"><strong>Aviso legal<\/strong><\/h1>\n<\/div>\n\n\n\n<div class=\"wp-block-group flex items-center is-layout-constrained wp-block-group-is-layout-constrained\"><a href=\"#intro\" class=\"anchor-hero-arrow-block inline-flex items-center justify-center\" >\n            <img decoding=\"async\" src=\"https:\/\/prosolia.com\/app\/uploads\/2025\/11\/ico-scroll-down-arrow.svg\" class=\"anchor-icon\" alt=\"\" \/>    <\/a>\n<\/div>\n<\/div><\/div>\n\n\n\n<div id=\"intro\" class=\"wp-block-group is-layout-constrained wp-container-core-group-is-layout-59cc4761 wp-block-group-is-layout-constrained\" style=\"padding-top:var(--wp--preset--spacing--5-xl);padding-bottom:var(--wp--preset--spacing--5-xl)\">\n<p>De acordo com o estabelecido na Lei 34\/2002, de 11 de julho, sobre Servi\u00e7os da Sociedade da Informa\u00e7\u00e3o e Com\u00e9rcio Eletr\u00f3nico, s\u00e3o fornecidas as seguintes informa\u00e7\u00f5es:<\/p>\n\n\n\n<h2 class=\"wp-block-heading\">DADOS IDENTIFICATIVOS<\/h2>\n\n\n\n<p>Voc\u00ea est\u00e1 a visitar o site <a href=\"https:\/\/prosolia.com\/es\/\">https:\/\/prosolia.com\/es\/<\/a> de propriedade da PROSOLIA INTERNACIONAL SL, com sede em C\/ VIENTO N\u00ba 14 (03006 ALICANTE), ALICANTE, N.I.F. B97961452, inscrita no Registro Comercial de Alicante, Tomo 3919, Folha 16, P\u00e1gina A-148395, doravante denominada O TITULAR.<\/p>\n\n\n\n<p>Pode contactar o Titular por qualquer um dos seguintes meios:<\/p>\n\n\n\n<ul class=\"wp-block-list\">\n<li>Telefone: +34 965 296 650<\/li>\n\n\n\n<li>Email de contacto: <a>protecciondedatos@prosolia.com<\/a><\/li>\n<\/ul>\n\n\n\n<h2 class=\"wp-block-heading\">UTILIZADORES<\/h2>\n\n\n\n<p>Atrav\u00e9s deste documento informamos os termos e condi\u00e7\u00f5es que regulam o acesso e uso dos sites e aplica\u00e7\u00f5es m\u00f3veis do Titular, bem como dos servi\u00e7os e conte\u00fados associados a esses sites e aplica\u00e7\u00f5es (doravante tamb\u00e9m designados por site(s) ou sites web e apps m\u00f3veis).<\/p>\n\n\n\n<p>O acesso ou uso de qualquer site e\/ou app do Titular implica que o visitante adquire o estatuto de \u201cutilizador\u201d e, com esse estatuto, assume uma s\u00e9rie de direitos e obriga\u00e7\u00f5es.<\/p>\n\n\n\n<p>\u00c9 sua responsabilidade aceder \u00e0s condi\u00e7\u00f5es legais inseridas neste site e l\u00ea-las atentamente, assim como as pol\u00edticas de privacidade, cookies ou, se aplic\u00e1vel, condi\u00e7\u00f5es de venda. Recomenda-se:<\/p>\n\n\n\n<ul class=\"wp-block-list\">\n<li>Consult\u00e1-las sempre que pretenda aceder ou utilizar os servi\u00e7os e conte\u00fados do site, e<\/li>\n\n\n\n<li>Imprimir ou guardar uma c\u00f3pia no seu sistema.<\/li>\n<\/ul>\n\n\n\n<h2 class=\"wp-block-heading\">UTILIZA\u00c7\u00c3O DO PORTAL<\/h2>\n\n\n\n<p>Este site fornece acesso a uma grande quantidade de informa\u00e7\u00f5es, servi\u00e7os, programas ou dados (doravante \u201cos conte\u00fados\u201d) na Internet pertencentes ao Titular ou aos seus licenciadores, aos quais o Utilizador pode ter acesso.<\/p>\n\n\n\n<p>O Utilizador assume a responsabilidade pelo uso do portal. Esta responsabilidade estende-se ao registo necess\u00e1rio para aceder a determinados servi\u00e7os ou conte\u00fados. Neste registo, o Utilizador \u00e9 respons\u00e1vel por fornecer informa\u00e7\u00f5es verdadeiras e legais. Como consequ\u00eancia deste registo, o Utilizador pode receber uma palavra-passe da qual ser\u00e1 respons\u00e1vel, comprometendo-se a utiliz\u00e1-la de forma diligente e confidencial.<\/p>\n\n\n\n<p>O Utilizador compromete-se a fazer um uso adequado dos conte\u00fados e servi\u00e7os (por exemplo, servi\u00e7os de chat, f\u00f3runs de discuss\u00e3o ou grupos de not\u00edcias) oferecidos pelo Titular atrav\u00e9s do portal e, a t\u00edtulo enunciativo mas n\u00e3o limitativo, a n\u00e3o utiliz\u00e1-los para:<\/p>\n\n\n\n<ul class=\"wp-block-list\">\n<li>Envolver-se em atividades il\u00edcitas, ilegais ou contr\u00e1rias \u00e0 boa f\u00e9 e \u00e0 ordem p\u00fablica.<\/li>\n\n\n\n<li>Difundir conte\u00fados ou propaganda racista, xen\u00f3foba, pornogr\u00e1fica ilegal, de apologia do terrorismo ou atentat\u00f3ria contra os direitos humanos.<\/li>\n\n\n\n<li>Provocar danos nos sistemas f\u00edsicos ou l\u00f3gicos do Titular, dos seus fornecedores ou de terceiros, introduzir ou difundir v\u00edrus inform\u00e1ticos ou quaisquer outros elementos suscet\u00edveis de causar os danos acima referidos.<\/li>\n\n\n\n<li>Tentar aceder e, se aplic\u00e1vel, utilizar contas de correio eletr\u00f3nico de outros utilizadores e modificar ou manipular as suas mensagens.<\/li>\n\n\n\n<li>Utilizar o site web ou as informa\u00e7\u00f5es nele contidas para fins comerciais, pol\u00edticos, publicit\u00e1rios ou qualquer uso comercial, em particular envio de emails n\u00e3o solicitados.<\/li>\n<\/ul>\n\n\n\n<p>O Titular reserva-se o direito de remover quaisquer coment\u00e1rios ou contribui\u00e7\u00f5es que violem o respeito pela dignidade humana, que sejam discriminat\u00f3rios, xen\u00f3fobos, racistas, pornogr\u00e1ficos, prejudiciais aos jovens ou crian\u00e7as, ou que, a seu crit\u00e9rio, n\u00e3o sejam adequados para publica\u00e7\u00e3o. Em qualquer caso, o Titular n\u00e3o \u00e9 respons\u00e1vel pelas opini\u00f5es expressas pelos utilizadores atrav\u00e9s de f\u00f3runs, chats ou outras ferramentas de participa\u00e7\u00e3o.<\/p>\n\n\n\n<h2 class=\"wp-block-heading\">PROTE\u00c7\u00c3O DE DADOS<\/h2>\n\n\n\n<p>Todas as quest\u00f5es relativas ao tratamento dos seus dados pessoais est\u00e3o cobertas pela pol\u00edtica de privacidade.<\/p>\n\n\n\n<h2 class=\"wp-block-heading\">CONTE\u00daDOS, PROPRIEDADE INTELECTUAL E INDUSTRIAL<\/h2>\n\n\n\n<p>O Titular \u00e9 propriet\u00e1rio de todos os direitos de propriedade intelectual e industrial do seu site web, bem como dos elementos nele contidos (por exemplo: imagens, fotografias, sons, \u00e1udio, v\u00eddeos, software ou textos; marcas ou logotipos, combina\u00e7\u00f5es de cores, estrutura e design, sele\u00e7\u00e3o de materiais usados, programas inform\u00e1ticos necess\u00e1rios para o funcionamento, acesso e utiliza\u00e7\u00e3o, etc.), propriedade do Titular ou dos seus licenciadores.<\/p>\n\n\n\n<p>Todos os direitos reservados. Nos termos dos artigos 8 e 32.1, segundo par\u00e1grafo, da Lei de Propriedade Intelectual, \u00e9 expressamente proibida a reprodu\u00e7\u00e3o, distribui\u00e7\u00e3o e comunica\u00e7\u00e3o p\u00fablica, incluindo a disponibiliza\u00e7\u00e3o, de todo ou parte do conte\u00fado deste site web para fins comerciais, em qualquer suporte e por qualquer meio t\u00e9cnico, sem autoriza\u00e7\u00e3o do Titular.<\/p>\n\n\n\n<h2 class=\"wp-block-heading\">EXCLUS\u00c3O DE GARANTIAS E RESPONSABILIDADE<\/h2>\n\n\n\n<p>O Utilizador reconhece que a utiliza\u00e7\u00e3o do site web, dos seus conte\u00fados e servi\u00e7os \u00e9 realizada sob a sua exclusiva responsabilidade. Em particular, a t\u00edtulo de exemplo:<\/p>\n\n\n\n<ul class=\"wp-block-list\">\n<li>A disponibilidade, funcionamento, qualidade ou interoperabilidade do site web, dos seus servi\u00e7os e conte\u00fados.<\/li>\n\n\n\n<li>A adequa\u00e7\u00e3o do site web aos objetivos do Utilizador.<\/li>\n\n\n\n<li>A viola\u00e7\u00e3o da legisla\u00e7\u00e3o vigente pelo Utilizador ou por terceiros, em particular os direitos de propriedade intelectual e industrial pertencentes a outras pessoas ou entidades.<\/li>\n\n\n\n<li>A presen\u00e7a de c\u00f3digos maliciosos ou quaisquer outros elementos inform\u00e1ticos que possam afetar os sistemas inform\u00e1ticos do Utilizador ou de terceiros. O Utilizador deve dispor de ferramentas adequadas para detetar e eliminar estes elementos.<\/li>\n\n\n\n<li>O acesso fraudulento aos conte\u00fados ou servi\u00e7os por terceiros n\u00e3o autorizados, ou a captura, elimina\u00e7\u00e3o, altera\u00e7\u00e3o ou manipula\u00e7\u00e3o de mensagens ou comunica\u00e7\u00f5es por tais terceiros.<\/li>\n\n\n\n<li>Danos aos equipamentos inform\u00e1ticos durante o acesso ao site e danos causados aos Utilizadores devido a falhas ou interrup\u00e7\u00f5es nas redes de telecomunica\u00e7\u00f5es.<\/li>\n\n\n\n<li>Danos ou preju\u00edzos resultantes de caso fortuito ou for\u00e7a maior.<\/li>\n<\/ul>\n\n\n\n<p>No caso de f\u00f3runs ou espa\u00e7os an\u00e1logos, as mensagens refletem apenas a opini\u00e3o do Utilizador que as envia, sendo ele o \u00fanico respons\u00e1vel. O Titular n\u00e3o \u00e9 respons\u00e1vel pelo conte\u00fado das mensagens enviadas pelos Utilizadores.<\/p>\n\n\n\n<h2 class=\"wp-block-heading\">MODIFICA\u00c7\u00c3O DESTE AVISO LEGAL E DURA\u00c7\u00c3O<\/h2>\n\n\n\n<p>O Titular reserva-se o direito de efetuar, sem aviso pr\u00e9vio, modifica\u00e7\u00f5es que considere oportunas no seu portal, incluindo altera\u00e7\u00f5es, supress\u00f5es ou adi\u00e7\u00f5es de qualquer conte\u00fado ou servi\u00e7o prestado atrav\u00e9s do portal, bem como \u00e0 forma como estes aparecem representados ou localizados no portal.<\/p>\n\n\n\n<p>A validade destas condi\u00e7\u00f5es depende da sua exposi\u00e7\u00e3o e permanecer\u00e1 em vigor at\u00e9 serem substitu\u00eddas por outras condi\u00e7\u00f5es devidamente publicadas.<\/p>\n\n\n\n<h2 class=\"wp-block-heading\">LIGA\u00c7\u00d5ES<\/h2>\n\n\n\n<p>Se <a href=\"https:\/\/prosolia.com\/es\/\">https:\/\/prosolia.com\/es\/<\/a> incluir liga\u00e7\u00f5es ou hyperlinks para outros sites na Internet, o Titular n\u00e3o exercer\u00e1 qualquer controlo sobre tais sites ou conte\u00fados. Em nenhum caso o Titular ser\u00e1 respons\u00e1vel pelo conte\u00fado de links para sites externos, nem garantir\u00e1 a disponibilidade t\u00e9cnica, qualidade, fiabilidade, precis\u00e3o, completude, veracidade, validade ou legalidade de qualquer informa\u00e7\u00e3o contida nesses hyperlinks e outros sites. A inclus\u00e3o de tais liga\u00e7\u00f5es externas n\u00e3o implica qualquer associa\u00e7\u00e3o, fus\u00e3o ou participa\u00e7\u00e3o com as entidades conectadas.<\/p>\n\n\n\n<h2 class=\"wp-block-heading\">DIREITOS DE EXCLUS\u00c3O<\/h2>\n\n\n\n<p>O Titular reserva-se o direito de negar ou retirar o acesso ao portal e\/ou aos servi\u00e7os oferecidos sem aviso pr\u00e9vio, a seu crit\u00e9rio ou a pedido de terceiros, para utilizadores que violem este aviso legal.<\/p>\n\n\n\n<h2 class=\"wp-block-heading\">GENERALIDADES<\/h2>\n\n\n\n<p>O Titular perseguir\u00e1 qualquer viola\u00e7\u00e3o das presentes condi\u00e7\u00f5es, bem como qualquer uso indevido do portal, exercendo todas as a\u00e7\u00f5es civis e penais previstas por lei.<\/p>\n\n\n\n<h2 class=\"wp-block-heading\">LEI APLIC\u00c1VEL E JURISDI\u00c7\u00c3O<\/h2>\n\n\n\n<p>A rela\u00e7\u00e3o entre o Titular e o Utilizador ser\u00e1 regida pela legisla\u00e7\u00e3o espanhola vigente. Todas as disputas e reclama\u00e7\u00f5es decorrentes deste aviso legal ser\u00e3o resolvidas pelos tribunais espanh\u00f3is competentes para consumidores e utilizadores.<\/p>\n\n\n\n<h2 class=\"wp-block-heading\">MENORES<\/h2>\n\n\n\n<p>Este site destina-se a utilizadores com mais de 18 anos. Menores n\u00e3o est\u00e3o autorizados a utilizar os nossos servi\u00e7os e n\u00e3o devem enviar os seus dados pessoais. Caso tal ocorra, o Titular n\u00e3o ser\u00e1 respons\u00e1vel pelas eventuais consequ\u00eancias decorrentes desta viola\u00e7\u00e3o.<\/p>\n\n\n\n<h2 class=\"wp-block-heading\">MEDIDAS DE SEGURAN\u00c7A \u2013 SSL<\/h2>\n\n\n\n<p>O Titular contratou para o seu site um certificado SSL (\u201cSecure Sockets Layer\u201d).<\/p>\n\n\n\n<p>Um certificado SSL protege todas as informa\u00e7\u00f5es pessoais e confidenciais tratadas num site web, independentemente das informa\u00e7\u00f5es transmitidas, por exemplo, atrav\u00e9s de formul\u00e1rios de contacto, subscri\u00e7\u00e3o de newsletters ou acesso a \u00e1reas protegidas.<\/p>\n\n\n\n<p>O endere\u00e7o do site aparecer\u00e1 em verde, com o protocolo \u201chttps\u201d ativado, garantindo uma liga\u00e7\u00e3o segura entre o servidor web e o navegador do utilizador.<\/p>\n\n\n\n<p><strong>\u00daltima revis\u00e3o: 7 de setembro de 2021<\/strong><\/p>\n<\/div>\n","protected":false},"excerpt":{"rendered":"<p>De acordo com o estabelecido na Lei 34\/2002, de 11 de julho, sobre Servi\u00e7os da Sociedade da Informa\u00e7\u00e3o e Com\u00e9rcio&#8230;<\/p>\n","protected":false},"author":1,"featured_media":0,"parent":0,"menu_order":100,"comment_status":"closed","ping_status":"closed","template":"","meta":{"_acf_changed":false,"footnotes":""},"class_list":["post-8055","page","type-page","status-publish","hentry"],"acf":[],"yoast_head":"<!-- This site is optimized with the Yoast SEO plugin v27.1.1 - https:\/\/yoast.com\/product\/yoast-seo-wordpress\/ -->\n<title>Aviso legal - Prosolia Energy<\/title>\n<meta name=\"robots\" content=\"noindex, nofollow\" \/>\n<meta property=\"og:locale\" content=\"pt_PT\" \/>\n<meta property=\"og:type\" content=\"article\" \/>\n<meta property=\"og:title\" content=\"Aviso legal - Prosolia Energy\" \/>\n<meta property=\"og:description\" content=\"De acordo com o estabelecido na Lei 34\/2002, de 11 de julho, sobre Servi\u00e7os da Sociedade da Informa\u00e7\u00e3o e Com\u00e9rcio...\" \/>\n<meta property=\"og:url\" content=\"https:\/\/prosolia.com\/pt\/aviso-legal\/\" \/>\n<meta property=\"og:site_name\" content=\"Prosolia Energy\" \/>\n<meta property=\"article:modified_time\" content=\"2026-02-14T19:08:16+00:00\" \/>\n<meta property=\"og:image\" content=\"https:\/\/prosolia.com\/app\/uploads\/2025\/12\/PV-Plant-3.png\" \/>\n\t<meta property=\"og:image:width\" content=\"1200\" \/>\n\t<meta property=\"og:image:height\" content=\"1200\" \/>\n\t<meta property=\"og:image:type\" content=\"image\/png\" \/>\n<meta name=\"twitter:card\" content=\"summary_large_image\" \/>\n<meta name=\"twitter:site\" content=\"@prosoliae\" \/>\n<meta name=\"twitter:label1\" content=\"Est. reading time\" \/>\n\t<meta name=\"twitter:data1\" content=\"6 minutes\" \/>\n<script type=\"application\/ld+json\" class=\"yoast-schema-graph\">{\"@context\":\"https:\/\/schema.org\",\"@graph\":[{\"@type\":\"WebPage\",\"@id\":\"https:\/\/prosolia.com\/pt\/aviso-legal\/\",\"url\":\"https:\/\/prosolia.com\/pt\/aviso-legal\/\",\"name\":\"Aviso legal - Prosolia Energy\",\"isPartOf\":{\"@id\":\"http:\/\/prosolia.com\/pt\/#website\"},\"primaryImageOfPage\":{\"@id\":\"https:\/\/prosolia.com\/pt\/aviso-legal\/#primaryimage\"},\"image\":{\"@id\":\"https:\/\/prosolia.com\/pt\/aviso-legal\/#primaryimage\"},\"thumbnailUrl\":\"https:\/\/prosolia.com\/app\/uploads\/2025\/12\/PV-Plant-3.png\",\"datePublished\":\"2025-12-11T18:05:22+00:00\",\"dateModified\":\"2026-02-14T19:08:16+00:00\",\"breadcrumb\":{\"@id\":\"https:\/\/prosolia.com\/pt\/aviso-legal\/#breadcrumb\"},\"inLanguage\":\"pt-CT\",\"potentialAction\":[{\"@type\":\"ReadAction\",\"target\":[\"https:\/\/prosolia.com\/pt\/aviso-legal\/\"]}]},{\"@type\":\"ImageObject\",\"inLanguage\":\"pt-CT\",\"@id\":\"https:\/\/prosolia.com\/pt\/aviso-legal\/#primaryimage\",\"url\":\"https:\/\/prosolia.com\/app\/uploads\/2025\/12\/PV-Plant-3.png\",\"contentUrl\":\"https:\/\/prosolia.com\/app\/uploads\/2025\/12\/PV-Plant-3.png\"},{\"@type\":\"BreadcrumbList\",\"@id\":\"https:\/\/prosolia.com\/pt\/aviso-legal\/#breadcrumb\",\"itemListElement\":[{\"@type\":\"ListItem\",\"position\":1,\"name\":\"Home\",\"item\":\"https:\/\/prosolia.com\/pt\/\"},{\"@type\":\"ListItem\",\"position\":2,\"name\":\"Aviso legal\"}]},{\"@type\":\"WebSite\",\"@id\":\"http:\/\/prosolia.com\/pt\/#website\",\"url\":\"http:\/\/prosolia.com\/pt\/\",\"name\":\"Prosolia Energy\",\"description\":\"Prosolia Energy \u00e9 uma empresa l\u00edder em energias renov\u00e1veis, especializada em solu\u00e7\u00f5es integradas para a descarboniza\u00e7\u00e3o incluindo projetos solares, e\u00f3licos e de armazenamento de energia.\",\"publisher\":{\"@id\":\"http:\/\/prosolia.com\/pt\/#organization\"},\"potentialAction\":[{\"@type\":\"SearchAction\",\"target\":{\"@type\":\"EntryPoint\",\"urlTemplate\":\"http:\/\/prosolia.com\/pt\/?s={search_term_string}\"},\"query-input\":{\"@type\":\"PropertyValueSpecification\",\"valueRequired\":true,\"valueName\":\"search_term_string\"}}],\"inLanguage\":\"pt-CT\"},{\"@type\":\"Organization\",\"@id\":\"http:\/\/prosolia.com\/pt\/#organization\",\"name\":\"Prosolia Energy\",\"url\":\"http:\/\/prosolia.com\/pt\/\",\"logo\":{\"@type\":\"ImageObject\",\"inLanguage\":\"pt-CT\",\"@id\":\"http:\/\/prosolia.com\/pt\/#\/schema\/logo\/image\/\",\"url\":\"https:\/\/prosolia.com\/app\/uploads\/2026\/03\/brand-logo-primary.png\",\"contentUrl\":\"https:\/\/prosolia.com\/app\/uploads\/2026\/03\/brand-logo-primary.png\",\"width\":600,\"height\":600,\"caption\":\"Prosolia Energy\"},\"image\":{\"@id\":\"http:\/\/prosolia.com\/pt\/#\/schema\/logo\/image\/\"},\"sameAs\":[\"https:\/\/x.com\/prosoliae\",\"https:\/\/www.instagram.com\/prosolia_energy\/\",\"https:\/\/es.linkedin.com\/company\/prosolia-energy-group\",\"https:\/\/www.youtube.com\/channel\/UCg-iDtdvSYu0xBqkhSs6aRw\"]}]}<\/script>\n<!-- \/ Yoast SEO plugin. -->","yoast_head_json":{"title":"Aviso legal - Prosolia Energy","robots":{"index":"noindex","follow":"nofollow"},"og_locale":"pt_PT","og_type":"article","og_title":"Aviso legal - Prosolia Energy","og_description":"De acordo com o estabelecido na Lei 34\/2002, de 11 de julho, sobre Servi\u00e7os da Sociedade da Informa\u00e7\u00e3o e Com\u00e9rcio...","og_url":"https:\/\/prosolia.com\/pt\/aviso-legal\/","og_site_name":"Prosolia Energy","article_modified_time":"2026-02-14T19:08:16+00:00","og_image":[{"width":1200,"height":1200,"url":"https:\/\/prosolia.com\/app\/uploads\/2025\/12\/PV-Plant-3.png","type":"image\/png"}],"twitter_card":"summary_large_image","twitter_site":"@prosoliae","twitter_misc":{"Est. reading time":"6 minutes"},"schema":{"@context":"https:\/\/schema.org","@graph":[{"@type":"WebPage","@id":"https:\/\/prosolia.com\/pt\/aviso-legal\/","url":"https:\/\/prosolia.com\/pt\/aviso-legal\/","name":"Aviso legal - Prosolia Energy","isPartOf":{"@id":"http:\/\/prosolia.com\/pt\/#website"},"primaryImageOfPage":{"@id":"https:\/\/prosolia.com\/pt\/aviso-legal\/#primaryimage"},"image":{"@id":"https:\/\/prosolia.com\/pt\/aviso-legal\/#primaryimage"},"thumbnailUrl":"https:\/\/prosolia.com\/app\/uploads\/2025\/12\/PV-Plant-3.png","datePublished":"2025-12-11T18:05:22+00:00","dateModified":"2026-02-14T19:08:16+00:00","breadcrumb":{"@id":"https:\/\/prosolia.com\/pt\/aviso-legal\/#breadcrumb"},"inLanguage":"pt-CT","potentialAction":[{"@type":"ReadAction","target":["https:\/\/prosolia.com\/pt\/aviso-legal\/"]}]},{"@type":"ImageObject","inLanguage":"pt-CT","@id":"https:\/\/prosolia.com\/pt\/aviso-legal\/#primaryimage","url":"https:\/\/prosolia.com\/app\/uploads\/2025\/12\/PV-Plant-3.png","contentUrl":"https:\/\/prosolia.com\/app\/uploads\/2025\/12\/PV-Plant-3.png"},{"@type":"BreadcrumbList","@id":"https:\/\/prosolia.com\/pt\/aviso-legal\/#breadcrumb","itemListElement":[{"@type":"ListItem","position":1,"name":"Home","item":"https:\/\/prosolia.com\/pt\/"},{"@type":"ListItem","position":2,"name":"Aviso legal"}]},{"@type":"WebSite","@id":"http:\/\/prosolia.com\/pt\/#website","url":"http:\/\/prosolia.com\/pt\/","name":"Prosolia Energy","description":"Prosolia Energy \u00e9 uma empresa l\u00edder em energias renov\u00e1veis, especializada em solu\u00e7\u00f5es integradas para a descarboniza\u00e7\u00e3o incluindo projetos solares, e\u00f3licos e de armazenamento de energia.","publisher":{"@id":"http:\/\/prosolia.com\/pt\/#organization"},"potentialAction":[{"@type":"SearchAction","target":{"@type":"EntryPoint","urlTemplate":"http:\/\/prosolia.com\/pt\/?s={search_term_string}"},"query-input":{"@type":"PropertyValueSpecification","valueRequired":true,"valueName":"search_term_string"}}],"inLanguage":"pt-CT"},{"@type":"Organization","@id":"http:\/\/prosolia.com\/pt\/#organization","name":"Prosolia Energy","url":"http:\/\/prosolia.com\/pt\/","logo":{"@type":"ImageObject","inLanguage":"pt-CT","@id":"http:\/\/prosolia.com\/pt\/#\/schema\/logo\/image\/","url":"https:\/\/prosolia.com\/app\/uploads\/2026\/03\/brand-logo-primary.png","contentUrl":"https:\/\/prosolia.com\/app\/uploads\/2026\/03\/brand-logo-primary.png","width":600,"height":600,"caption":"Prosolia Energy"},"image":{"@id":"http:\/\/prosolia.com\/pt\/#\/schema\/logo\/image\/"},"sameAs":["https:\/\/x.com\/prosoliae","https:\/\/www.instagram.com\/prosolia_energy\/","https:\/\/es.linkedin.com\/company\/prosolia-energy-group","https:\/\/www.youtube.com\/channel\/UCg-iDtdvSYu0xBqkhSs6aRw"]}]}},"_links":{"self":[{"href":"https:\/\/prosolia.com\/pt\/wp-json\/wp\/v2\/pages\/8055","targetHints":{"allow":["GET"]}}],"collection":[{"href":"https:\/\/prosolia.com\/pt\/wp-json\/wp\/v2\/pages"}],"about":[{"href":"https:\/\/prosolia.com\/pt\/wp-json\/wp\/v2\/types\/page"}],"author":[{"embeddable":true,"href":"https:\/\/prosolia.com\/pt\/wp-json\/wp\/v2\/users\/1"}],"replies":[{"embeddable":true,"href":"https:\/\/prosolia.com\/pt\/wp-json\/wp\/v2\/comments?post=8055"}],"version-history":[{"count":2,"href":"https:\/\/prosolia.com\/pt\/wp-json\/wp\/v2\/pages\/8055\/revisions"}],"predecessor-version":[{"id":12410,"href":"https:\/\/prosolia.com\/pt\/wp-json\/wp\/v2\/pages\/8055\/revisions\/12410"}],"wp:attachment":[{"href":"https:\/\/prosolia.com\/pt\/wp-json\/wp\/v2\/media?parent=8055"}],"curies":[{"name":"wp","href":"https:\/\/api.w.org\/{rel}","templated":true}]}}