{"id":8074,"date":"2025-02-10T09:54:34","date_gmt":"2025-02-10T09:54:34","guid":{"rendered":"https:\/\/prosolia.com\/politica-privacidad\/"},"modified":"2026-03-02T19:07:03","modified_gmt":"2026-03-02T19:07:03","slug":"politica-de-privacidade","status":"publish","type":"page","link":"https:\/\/prosolia.com\/pt\/politica-de-privacidade\/","title":{"rendered":"Pol\u00edtica de privacidade"},"content":{"rendered":"\n<div class=\"wp-block-cover\" style=\"min-height:100vh;aspect-ratio:unset;\"><img loading=\"lazy\" decoding=\"async\" width=\"1200\" height=\"1200\" class=\"wp-block-cover__image-background wp-image-5932 size-full\" alt=\"\" src=\"https:\/\/prosolia.com\/app\/uploads\/2025\/12\/PV-Plant-3.png\" data-object-fit=\"cover\" srcset=\"https:\/\/prosolia.com\/app\/uploads\/2025\/12\/PV-Plant-3.png 1200w, https:\/\/prosolia.com\/app\/uploads\/2025\/12\/PV-Plant-3-300x300.png 300w, https:\/\/prosolia.com\/app\/uploads\/2025\/12\/PV-Plant-3-1024x1024.png 1024w, https:\/\/prosolia.com\/app\/uploads\/2025\/12\/PV-Plant-3-150x150.png 150w, https:\/\/prosolia.com\/app\/uploads\/2025\/12\/PV-Plant-3-768x768.png 768w, https:\/\/prosolia.com\/app\/uploads\/2025\/12\/PV-Plant-3-1080x1080.png 1080w, https:\/\/prosolia.com\/app\/uploads\/2025\/12\/PV-Plant-3-360x360.png 360w, https:\/\/prosolia.com\/app\/uploads\/2025\/12\/PV-Plant-3-648x648.png 648w, https:\/\/prosolia.com\/app\/uploads\/2025\/12\/PV-Plant-3-340x340.png 340w, https:\/\/prosolia.com\/app\/uploads\/2025\/12\/PV-Plant-3-610x610.png 610w\" sizes=\"auto, (max-width: 1200px) 100vw, 1200px\" \/><span aria-hidden=\"true\" class=\"wp-block-cover__background has-secondary-background-color has-background-dim-30 has-background-dim\"><\/span><div class=\"wp-block-cover__inner-container is-layout-constrained wp-block-cover-is-layout-constrained\">\n<div class=\"wp-block-group is-layout-constrained wp-container-core-group-is-layout-a31aa551 wp-block-group-is-layout-constrained\">\n<h2 class=\"wp-block-heading has-text-align-center has-accent-500-color has-text-color has-link-color has-heading-md-font-size wp-elements-233293c37431e8422accc5586b0d8d15\" style=\"text-transform:uppercase\">AVISO legal<\/h2>\n\n\n\n<h1 class=\"wp-block-heading has-text-align-center has-primary-color has-text-color has-link-color has-heading-3-xl-font-size wp-elements-ac869914f67f9f576643c059cee324d1\"><strong>Pol\u00edtica de privacidade<\/strong><\/h1>\n<\/div>\n\n\n\n<div class=\"wp-block-group flex items-center is-layout-constrained wp-block-group-is-layout-constrained\"><a href=\"#intro\" class=\"anchor-hero-arrow-block inline-flex items-center justify-center\" >\n            <img decoding=\"async\" src=\"https:\/\/prosolia.com\/app\/uploads\/2025\/11\/ico-scroll-down-arrow.svg\" class=\"anchor-icon\" alt=\"\" \/>    <\/a>\n<\/div>\n<\/div><\/div>\n\n\n\n<div id=\"intro\" class=\"wp-block-group is-layout-constrained wp-container-core-group-is-layout-59cc4761 wp-block-group-is-layout-constrained\" style=\"padding-top:var(--wp--preset--spacing--5-xl);padding-bottom:var(--wp--preset--spacing--5-xl)\">\n<p>O objetivo desta pol\u00edtica \u00e9 informar os titulares de dados sobre como esta organiza\u00e7\u00e3o processa dados pessoais atrav\u00e9s do site e sobre os dados pessoais afetados, em conformidade com o Regulamento (UE) 2016\/679 do Parlamento Europeu e do Conselho de 27 de abril de 2016.<\/p>\n\n\n\n<h2 class=\"wp-block-heading\">1. IDENTIDADE E DADOS DE CONTACTO DO RESPONS\u00c1VEL PELO TRATAMENTO<\/h2>\n\n\n\n<p>PROSOLIA INTERNACIONAL SL, com sede em C\/ VIENTO N\u00ba 14 (03006 ALICANTE), ALICANTE, titular do N\u00famero de Identifica\u00e7\u00e3o Fiscal (NIF) B97961452, telefone de contacto +34 965 296 650 e email <a>protecciondedatos@prosolia.com<\/a>.<\/p>\n\n\n\n<p>Pode verificar a identidade e os dados de contacto das empresas do GRUPO PROSOLIA ENERGY que atuam como Co-respons\u00e1veis pelo tratamento de dados, solicitando informa\u00e7\u00f5es por escrito para o endere\u00e7o de email acima indicado.<\/p>\n\n\n\n<h2 class=\"wp-block-heading\">2. FINALIDADES PARA AS QUAIS OS SEUS DADOS PESSOAIS SER\u00c3O PROCESSADOS<\/h2>\n\n\n\n<h3 class=\"wp-block-heading\">UTILIZADORES\/NAVEGADORES DO SITE DO RESPONS\u00c1VEL PELO TRATAMENTO<\/h3>\n\n\n\n<p>Processaremos os dados pessoais que inserir nos nossos formul\u00e1rios web para:<\/p>\n\n\n\n<ul class=\"wp-block-list\">\n<li>Responder a pedidos, reclama\u00e7\u00f5es e incidentes submetidos atrav\u00e9s dos canais de contacto dispon\u00edveis no site.<\/li>\n\n\n\n<li>Compreender o comportamento das pessoas que navegam no site para detetar eventuais ataques inform\u00e1ticos ao nosso site.<\/li>\n\n\n\n<li>Cumprir as obriga\u00e7\u00f5es legais diretas que regem a nossa atividade.<\/li>\n\n\n\n<li>Proteger e exercer os nossos direitos ou responder a reclama\u00e7\u00f5es de qualquer tipo.<\/li>\n\n\n\n<li>Se aplic\u00e1vel, enviar mensagens de marketing relacionadas com os bens ou servi\u00e7os que fazem parte da nossa atividade e not\u00edcias ou boletins relacionados com o nosso setor. A sua recusa em nos autorizar tornar\u00e1 imposs\u00edvel enviar-lhe esta informa\u00e7\u00e3o.<\/li>\n\n\n\n<li>Gerir e enviar-lhe o or\u00e7amento solicitado.<\/li>\n\n\n\n<li>Marcar e agendar uma reuni\u00e3o solicitada. A sua recusa em nos autorizar tornar\u00e1 imposs\u00edvel agendar a sua reuni\u00e3o.<\/li>\n<\/ul>\n\n\n\n<h3 class=\"wp-block-heading\">CANDIDATOS A OFERTAS DE EMPREGO OU REQUISITANTES DE EMPREGO<\/h3>\n\n\n\n<p>Processaremos os dados pessoais que inserir nos nossos formul\u00e1rios web para:<\/p>\n\n\n\n<ul class=\"wp-block-list\">\n<li>Gerir a sua candidatura no processo de recrutamento e mant\u00ea-lo informado.<\/li>\n\n\n\n<li>Compreender o comportamento da pessoa que navega no site para detetar eventuais ataques inform\u00e1ticos.<\/li>\n\n\n\n<li>Proteger e exercer os nossos direitos ou responder a reclama\u00e7\u00f5es de qualquer tipo.<\/li>\n\n\n\n<li>Enviar-lhe mensagens relativas a novas ofertas de emprego e adapt\u00e1-las ao seu perfil, desde que nos tenha previamente autorizado a enviar essas informa\u00e7\u00f5es.<\/li>\n\n\n\n<li>Transferir os seus dados para entidades pertencentes ao Grupo Prosolia Energy (Prosolia Internacional S.L., Prosolia Espa\u00f1a SLU, Prosolia France SARL e Prosolia Portugal LDA).<\/li>\n<\/ul>\n\n\n\n<h2 class=\"wp-block-heading\">3. BASE LEGAL DO TRATAMENTO<\/h2>\n\n\n\n<h3 class=\"wp-block-heading\">UTILIZADORES\/NAVEGADORES DO SITE DO RESPONS\u00c1VEL PELO TRATAMENTO<\/h3>\n\n\n\n<p>A base para o processamento das suas informa\u00e7\u00f5es \u00e9 o consentimento que deu para processarmos os seus dados para as finalidades indicadas. A recusa em fornecer os seus dados pessoais tornar\u00e1 imposs\u00edvel process\u00e1-los para as finalidades acima indicadas.<\/p>\n\n\n\n<p>Para cumprir as nossas obriga\u00e7\u00f5es legais. Neste caso, os titulares n\u00e3o podem recusar o tratamento dos seus dados pessoais.<\/p>\n\n\n\n<p>No nosso interesse leg\u00edtimo em proteger a nossa imagem, neg\u00f3cio e trajet\u00f3ria, prevenindo ataques ao nosso site. Neste caso, os titulares n\u00e3o podem recusar o tratamento dos dados pessoais, embora possam exercer os direitos reconhecidos na se\u00e7\u00e3o \u201cDireitos\u201d desta pol\u00edtica.<\/p>\n\n\n\n<h3 class=\"wp-block-heading\">CANDIDATOS A VAGAS E REQUISITANTES DE EMPREGO<\/h3>\n\n\n\n<p>A base para o processamento das suas informa\u00e7\u00f5es \u00e9 o consentimento que deu para processarmos os seus dados para as finalidades indicadas. A recusa em fornecer os seus dados pessoais tornar\u00e1 imposs\u00edvel process\u00e1-los para as finalidades acima indicadas.<\/p>\n\n\n\n<p>Para cumprir as nossas obriga\u00e7\u00f5es legais. Neste caso, os titulares n\u00e3o podem recusar o tratamento dos seus dados pessoais.<\/p>\n\n\n\n<p>No nosso interesse leg\u00edtimo em proteger a nossa imagem, neg\u00f3cio e trajet\u00f3ria, prevenindo ataques ao nosso site. Neste caso, os titulares n\u00e3o podem recusar o tratamento dos dados pessoais, embora possam exercer os direitos reconhecidos na se\u00e7\u00e3o \u201cDireitos\u201d desta pol\u00edtica.<\/p>\n\n\n\n<h2 class=\"wp-block-heading\">4. PRAZO DE CONSERVA\u00c7\u00c3O DOS DADOS<\/h2>\n\n\n\n<p>Os dados pessoais fornecidos ser\u00e3o mantidos pelo tempo necess\u00e1rio para cumprir as finalidades para as quais foram inicialmente recolhidos.<\/p>\n\n\n\n<p>Uma vez que os dados n\u00e3o sejam mais necess\u00e1rios para o processamento em quest\u00e3o, ser\u00e3o devidamente bloqueados e, quando apropriado, disponibilizados \u00e0s administra\u00e7\u00f5es e \u00f3rg\u00e3os p\u00fablicos competentes, tribunais e ao Minist\u00e9rio P\u00fablico durante o per\u00edodo de prescri\u00e7\u00e3o das a\u00e7\u00f5es que possam decorrer da rela\u00e7\u00e3o com o cliente e pelos per\u00edodos de armazenamento previstos por lei.<\/p>\n\n\n\n<p>Caso nos tenha fornecido o seu curr\u00edculo, manteremos os seus dados por um per\u00edodo m\u00e1ximo de um ano a partir da sua rece\u00e7\u00e3o. Ap\u00f3s este per\u00edodo, os dados ser\u00e3o eliminados, salvo se tiver atualizado os seus dados ou nos tiver autorizado a mant\u00ea-los por um per\u00edodo superior ao indicado. Para efeitos adequados, informa-se que pode revogar o seu consentimento a qualquer momento.<\/p>\n\n\n\n<h2 class=\"wp-block-heading\">5. DECIS\u00d5ES AUTOMATIZADAS E PERFILAGEM<\/h2>\n\n\n\n<p>O site n\u00e3o toma decis\u00f5es automatizadas nem realiza perfilagem.<\/p>\n\n\n\n<h2 class=\"wp-block-heading\">6. DESTINAT\u00c1RIOS<\/h2>\n\n\n\n<p>Durante o processamento dos seus dados pessoais, a organiza\u00e7\u00e3o poder\u00e1 transferir os seus dados para os seguintes destinat\u00e1rios:<\/p>\n\n\n\n<ul class=\"wp-block-list\">\n<li>Tribunais<\/li>\n\n\n\n<li>For\u00e7as e Corpos de Seguran\u00e7a do Estado<\/li>\n\n\n\n<li>Outras autoridades ou \u00f3rg\u00e3os p\u00fablicos competentes quando o respons\u00e1vel tiver obriga\u00e7\u00e3o legal de fornecer dados pessoais<\/li>\n<\/ul>\n\n\n\n<h2 class=\"wp-block-heading\">7. TRANSFER\u00caNCIAS INTERNACIONAIS DE DADOS<\/h2>\n\n\n\n<p>A organiza\u00e7\u00e3o n\u00e3o realiza transfer\u00eancias internacionais de dados.<\/p>\n\n\n\n<h2 class=\"wp-block-heading\">8. DIREITOS<\/h2>\n\n\n\n<p>Os titulares podem solicitar mais informa\u00e7\u00f5es sobre o processamento dos seus dados pessoais e exercer, a qualquer momento e gratuitamente, os direitos de acesso, retifica\u00e7\u00e3o e elimina\u00e7\u00e3o, solicitar a limita\u00e7\u00e3o do processamento, opor-se ao mesmo, solicitar a portabilidade dos dados (quando tecnicamente poss\u00edvel) ou retirar qualquer consentimento dado e, quando aplic\u00e1vel, n\u00e3o ser objeto de decis\u00f5es baseadas exclusivamente em processamento automatizado, incluindo perfilagem.<\/p>\n\n\n\n<p>Pode exercer estes direitos utilizando os formul\u00e1rios disponibilizados pela organiza\u00e7\u00e3o ou enviando uma carta para o endere\u00e7o postal ou email indicado no cabe\u00e7alho. Para todos os efeitos, informamos que poderemos solicitar o seu documento de identifica\u00e7\u00e3o ou outro documento equivalente para comprovar a sua identidade, desde que n\u00e3o seja poss\u00edvel por outros meios menos intrusivos.<\/p>\n\n\n\n<p>Caso considere que os seus direitos em rela\u00e7\u00e3o \u00e0 prote\u00e7\u00e3o de dados pessoais foram violados, especialmente quando n\u00e3o conseguiu exercer os seus direitos, poder\u00e1 apresentar reclama\u00e7\u00e3o \u00e0 Autoridade de Controlo competente (Ag\u00eancia Espanhola de Prote\u00e7\u00e3o de Dados), atrav\u00e9s do seu site <a href=\"http:\/\/www.aepd.es\">www.aepd.es<\/a>.<\/p>\n\n\n\n<p>Em cumprimento do disposto no Artigo 21 da Lei 34\/2002 sobre Servi\u00e7os da Sociedade da Informa\u00e7\u00e3o e Com\u00e9rcio Eletr\u00f3nico, se n\u00e3o desejar receber informa\u00e7\u00f5es sobre os nossos servi\u00e7os, poder\u00e1 cancelar a subscri\u00e7\u00e3o enviando um email para <a>protecciondedatos@prosolia.com<\/a>, colocando \u201cUNSUBSCRIBE\u201d no assunto.<\/p>\n\n\n\n<h2 class=\"wp-block-heading\">9. VERACIDADE DOS DADOS<\/h2>\n\n\n\n<p>O titular garante que os dados fornecidos s\u00e3o verdadeiros, precisos, completos e atualizados e compromete-se a comunicar quaisquer altera\u00e7\u00f5es atrav\u00e9s dos canais habilitados para tal e especificados na Se\u00e7\u00e3o 1 desta pol\u00edtica. O titular ser\u00e1 respons\u00e1vel por danos diretos e indiretos resultantes do incumprimento desta obriga\u00e7\u00e3o.<\/p>\n\n\n\n<p>Os utilizadores que fornecem dados de terceiros declaram que o fazem com o consentimento dos titulares e comprometem-se a inform\u00e1-los sobre o conte\u00fado desta cl\u00e1usula, exonerando a organiza\u00e7\u00e3o de qualquer responsabilidade decorrente do incumprimento desta obriga\u00e7\u00e3o.<\/p>\n\n\n\n<h2 class=\"wp-block-heading\">10. REDES SOCIAIS<\/h2>\n\n\n\n<p>Para incentiv\u00e1-lo a participar nas nossas atividades e mant\u00ea-lo atualizado sobre as nossas not\u00edcias, informa-se que a PROSOLIA INTERNACIONAL SL criou um perfil nas redes sociais.<\/p>\n\n\n\n<p>Todos os utilizadores est\u00e3o convidados a juntar-se \u00e0s nossas redes sociais ou grupos. No entanto, note que, salvo quando solicitamos diretamente os seus dados (por exemplo, atrav\u00e9s de a\u00e7\u00f5es de marketing, concursos, promo\u00e7\u00f5es ou qualquer outra forma v\u00e1lida), os seus dados pertencer\u00e3o \u00e0 rede social correspondente; portanto, recomendamos que leia cuidadosamente os seus termos de uso e pol\u00edticas de privacidade e configure as suas prefer\u00eancias quanto ao processamento dos seus dados.<\/p>\n\n\n\n<h2 class=\"wp-block-heading\">11. ALTERA\u00c7\u00d5ES E ATUALIZA\u00c7\u00d5ES<\/h2>\n\n\n\n<p>Esta pol\u00edtica de privacidade poder\u00e1 ser modificada\/atualizada para cumprir exig\u00eancias legais, adaptar-se a instru\u00e7\u00f5es emitidas pela Ag\u00eancia Espanhola de Prote\u00e7\u00e3o de Dados ou em consequ\u00eancia de altera\u00e7\u00f5es no nosso site web.<\/p>\n\n\n\n<p>Portanto, recomendamos que os utilizadores leiam regularmente a Pol\u00edtica de Privacidade.<\/p>\n\n\n\n<p>Caso tenha d\u00favidas sobre esta pol\u00edtica, poder\u00e1 contactar a PROSOLIA INTERNACIONAL SL atrav\u00e9s dos formul\u00e1rios disponibilizados pela organiza\u00e7\u00e3o ou enviando uma carta para o endere\u00e7o postal ou email indicado no cabe\u00e7alho.<\/p>\n<\/div>\n","protected":false},"excerpt":{"rendered":"<p>O objetivo desta pol\u00edtica \u00e9 informar os titulares de dados sobre como esta organiza\u00e7\u00e3o processa dados pessoais atrav\u00e9s do site&#8230;<\/p>\n","protected":false},"author":1,"featured_media":0,"parent":0,"menu_order":98,"comment_status":"closed","ping_status":"closed","template":"","meta":{"_acf_changed":false,"footnotes":""},"class_list":["post-8074","page","type-page","status-publish","hentry"],"acf":[],"yoast_head":"<!-- This site is optimized with the Yoast SEO plugin v27.1.1 - https:\/\/yoast.com\/product\/yoast-seo-wordpress\/ -->\n<title>Pol\u00edtica de privacidade - Prosolia Energy<\/title>\n<meta name=\"robots\" content=\"noindex, nofollow\" \/>\n<meta property=\"og:locale\" content=\"pt_PT\" \/>\n<meta property=\"og:type\" content=\"article\" \/>\n<meta property=\"og:title\" content=\"Pol\u00edtica de privacidade - Prosolia Energy\" \/>\n<meta property=\"og:description\" content=\"O objetivo desta pol\u00edtica \u00e9 informar os titulares de dados sobre como esta organiza\u00e7\u00e3o processa dados pessoais atrav\u00e9s do site...\" \/>\n<meta property=\"og:url\" content=\"https:\/\/prosolia.com\/pt\/politica-de-privacidade\/\" \/>\n<meta property=\"og:site_name\" content=\"Prosolia Energy\" \/>\n<meta property=\"article:modified_time\" content=\"2026-03-02T19:07:03+00:00\" \/>\n<meta property=\"og:image\" content=\"https:\/\/prosolia.com\/app\/uploads\/2025\/12\/PV-Plant-3.png\" \/>\n\t<meta property=\"og:image:width\" content=\"1200\" \/>\n\t<meta property=\"og:image:height\" content=\"1200\" \/>\n\t<meta property=\"og:image:type\" content=\"image\/png\" \/>\n<meta name=\"twitter:card\" content=\"summary_large_image\" \/>\n<meta name=\"twitter:site\" content=\"@prosoliae\" \/>\n<meta name=\"twitter:label1\" content=\"Est. reading time\" \/>\n\t<meta name=\"twitter:data1\" content=\"6 minutes\" \/>\n<script type=\"application\/ld+json\" class=\"yoast-schema-graph\">{\"@context\":\"https:\/\/schema.org\",\"@graph\":[{\"@type\":\"WebPage\",\"@id\":\"https:\/\/prosolia.com\/pt\/politica-de-privacidade\/\",\"url\":\"https:\/\/prosolia.com\/pt\/politica-de-privacidade\/\",\"name\":\"Pol\u00edtica de privacidade - Prosolia Energy\",\"isPartOf\":{\"@id\":\"http:\/\/prosolia.com\/pt\/#website\"},\"primaryImageOfPage\":{\"@id\":\"https:\/\/prosolia.com\/pt\/politica-de-privacidade\/#primaryimage\"},\"image\":{\"@id\":\"https:\/\/prosolia.com\/pt\/politica-de-privacidade\/#primaryimage\"},\"thumbnailUrl\":\"https:\/\/prosolia.com\/app\/uploads\/2025\/12\/PV-Plant-3.png\",\"datePublished\":\"2025-02-10T09:54:34+00:00\",\"dateModified\":\"2026-03-02T19:07:03+00:00\",\"breadcrumb\":{\"@id\":\"https:\/\/prosolia.com\/pt\/politica-de-privacidade\/#breadcrumb\"},\"inLanguage\":\"pt-CT\",\"potentialAction\":[{\"@type\":\"ReadAction\",\"target\":[\"https:\/\/prosolia.com\/pt\/politica-de-privacidade\/\"]}]},{\"@type\":\"ImageObject\",\"inLanguage\":\"pt-CT\",\"@id\":\"https:\/\/prosolia.com\/pt\/politica-de-privacidade\/#primaryimage\",\"url\":\"https:\/\/prosolia.com\/app\/uploads\/2025\/12\/PV-Plant-3.png\",\"contentUrl\":\"https:\/\/prosolia.com\/app\/uploads\/2025\/12\/PV-Plant-3.png\"},{\"@type\":\"BreadcrumbList\",\"@id\":\"https:\/\/prosolia.com\/pt\/politica-de-privacidade\/#breadcrumb\",\"itemListElement\":[{\"@type\":\"ListItem\",\"position\":1,\"name\":\"Home\",\"item\":\"https:\/\/prosolia.com\/pt\/\"},{\"@type\":\"ListItem\",\"position\":2,\"name\":\"Pol\u00edtica de privacidade\"}]},{\"@type\":\"WebSite\",\"@id\":\"http:\/\/prosolia.com\/pt\/#website\",\"url\":\"http:\/\/prosolia.com\/pt\/\",\"name\":\"Prosolia Energy\",\"description\":\"Prosolia Energy \u00e9 uma empresa l\u00edder em energias renov\u00e1veis, especializada em solu\u00e7\u00f5es integradas para a descarboniza\u00e7\u00e3o incluindo projetos solares, e\u00f3licos e de armazenamento de energia.\",\"publisher\":{\"@id\":\"http:\/\/prosolia.com\/pt\/#organization\"},\"potentialAction\":[{\"@type\":\"SearchAction\",\"target\":{\"@type\":\"EntryPoint\",\"urlTemplate\":\"http:\/\/prosolia.com\/pt\/?s={search_term_string}\"},\"query-input\":{\"@type\":\"PropertyValueSpecification\",\"valueRequired\":true,\"valueName\":\"search_term_string\"}}],\"inLanguage\":\"pt-CT\"},{\"@type\":\"Organization\",\"@id\":\"http:\/\/prosolia.com\/pt\/#organization\",\"name\":\"Prosolia Energy\",\"url\":\"http:\/\/prosolia.com\/pt\/\",\"logo\":{\"@type\":\"ImageObject\",\"inLanguage\":\"pt-CT\",\"@id\":\"http:\/\/prosolia.com\/pt\/#\/schema\/logo\/image\/\",\"url\":\"https:\/\/prosolia.com\/app\/uploads\/2026\/03\/brand-logo-primary.png\",\"contentUrl\":\"https:\/\/prosolia.com\/app\/uploads\/2026\/03\/brand-logo-primary.png\",\"width\":600,\"height\":600,\"caption\":\"Prosolia Energy\"},\"image\":{\"@id\":\"http:\/\/prosolia.com\/pt\/#\/schema\/logo\/image\/\"},\"sameAs\":[\"https:\/\/x.com\/prosoliae\",\"https:\/\/www.instagram.com\/prosolia_energy\/\",\"https:\/\/es.linkedin.com\/company\/prosolia-energy-group\",\"https:\/\/www.youtube.com\/channel\/UCg-iDtdvSYu0xBqkhSs6aRw\"]}]}<\/script>\n<!-- \/ Yoast SEO plugin. -->","yoast_head_json":{"title":"Pol\u00edtica de privacidade - Prosolia Energy","robots":{"index":"noindex","follow":"nofollow"},"og_locale":"pt_PT","og_type":"article","og_title":"Pol\u00edtica de privacidade - Prosolia Energy","og_description":"O objetivo desta pol\u00edtica \u00e9 informar os titulares de dados sobre como esta organiza\u00e7\u00e3o processa dados pessoais atrav\u00e9s do site...","og_url":"https:\/\/prosolia.com\/pt\/politica-de-privacidade\/","og_site_name":"Prosolia Energy","article_modified_time":"2026-03-02T19:07:03+00:00","og_image":[{"width":1200,"height":1200,"url":"https:\/\/prosolia.com\/app\/uploads\/2025\/12\/PV-Plant-3.png","type":"image\/png"}],"twitter_card":"summary_large_image","twitter_site":"@prosoliae","twitter_misc":{"Est. reading time":"6 minutes"},"schema":{"@context":"https:\/\/schema.org","@graph":[{"@type":"WebPage","@id":"https:\/\/prosolia.com\/pt\/politica-de-privacidade\/","url":"https:\/\/prosolia.com\/pt\/politica-de-privacidade\/","name":"Pol\u00edtica de privacidade - Prosolia Energy","isPartOf":{"@id":"http:\/\/prosolia.com\/pt\/#website"},"primaryImageOfPage":{"@id":"https:\/\/prosolia.com\/pt\/politica-de-privacidade\/#primaryimage"},"image":{"@id":"https:\/\/prosolia.com\/pt\/politica-de-privacidade\/#primaryimage"},"thumbnailUrl":"https:\/\/prosolia.com\/app\/uploads\/2025\/12\/PV-Plant-3.png","datePublished":"2025-02-10T09:54:34+00:00","dateModified":"2026-03-02T19:07:03+00:00","breadcrumb":{"@id":"https:\/\/prosolia.com\/pt\/politica-de-privacidade\/#breadcrumb"},"inLanguage":"pt-CT","potentialAction":[{"@type":"ReadAction","target":["https:\/\/prosolia.com\/pt\/politica-de-privacidade\/"]}]},{"@type":"ImageObject","inLanguage":"pt-CT","@id":"https:\/\/prosolia.com\/pt\/politica-de-privacidade\/#primaryimage","url":"https:\/\/prosolia.com\/app\/uploads\/2025\/12\/PV-Plant-3.png","contentUrl":"https:\/\/prosolia.com\/app\/uploads\/2025\/12\/PV-Plant-3.png"},{"@type":"BreadcrumbList","@id":"https:\/\/prosolia.com\/pt\/politica-de-privacidade\/#breadcrumb","itemListElement":[{"@type":"ListItem","position":1,"name":"Home","item":"https:\/\/prosolia.com\/pt\/"},{"@type":"ListItem","position":2,"name":"Pol\u00edtica de privacidade"}]},{"@type":"WebSite","@id":"http:\/\/prosolia.com\/pt\/#website","url":"http:\/\/prosolia.com\/pt\/","name":"Prosolia Energy","description":"Prosolia Energy \u00e9 uma empresa l\u00edder em energias renov\u00e1veis, especializada em solu\u00e7\u00f5es integradas para a descarboniza\u00e7\u00e3o incluindo projetos solares, e\u00f3licos e de armazenamento de energia.","publisher":{"@id":"http:\/\/prosolia.com\/pt\/#organization"},"potentialAction":[{"@type":"SearchAction","target":{"@type":"EntryPoint","urlTemplate":"http:\/\/prosolia.com\/pt\/?s={search_term_string}"},"query-input":{"@type":"PropertyValueSpecification","valueRequired":true,"valueName":"search_term_string"}}],"inLanguage":"pt-CT"},{"@type":"Organization","@id":"http:\/\/prosolia.com\/pt\/#organization","name":"Prosolia Energy","url":"http:\/\/prosolia.com\/pt\/","logo":{"@type":"ImageObject","inLanguage":"pt-CT","@id":"http:\/\/prosolia.com\/pt\/#\/schema\/logo\/image\/","url":"https:\/\/prosolia.com\/app\/uploads\/2026\/03\/brand-logo-primary.png","contentUrl":"https:\/\/prosolia.com\/app\/uploads\/2026\/03\/brand-logo-primary.png","width":600,"height":600,"caption":"Prosolia Energy"},"image":{"@id":"http:\/\/prosolia.com\/pt\/#\/schema\/logo\/image\/"},"sameAs":["https:\/\/x.com\/prosoliae","https:\/\/www.instagram.com\/prosolia_energy\/","https:\/\/es.linkedin.com\/company\/prosolia-energy-group","https:\/\/www.youtube.com\/channel\/UCg-iDtdvSYu0xBqkhSs6aRw"]}]}},"_links":{"self":[{"href":"https:\/\/prosolia.com\/pt\/wp-json\/wp\/v2\/pages\/8074","targetHints":{"allow":["GET"]}}],"collection":[{"href":"https:\/\/prosolia.com\/pt\/wp-json\/wp\/v2\/pages"}],"about":[{"href":"https:\/\/prosolia.com\/pt\/wp-json\/wp\/v2\/types\/page"}],"author":[{"embeddable":true,"href":"https:\/\/prosolia.com\/pt\/wp-json\/wp\/v2\/users\/1"}],"replies":[{"embeddable":true,"href":"https:\/\/prosolia.com\/pt\/wp-json\/wp\/v2\/comments?post=8074"}],"version-history":[{"count":4,"href":"https:\/\/prosolia.com\/pt\/wp-json\/wp\/v2\/pages\/8074\/revisions"}],"predecessor-version":[{"id":12406,"href":"https:\/\/prosolia.com\/pt\/wp-json\/wp\/v2\/pages\/8074\/revisions\/12406"}],"wp:attachment":[{"href":"https:\/\/prosolia.com\/pt\/wp-json\/wp\/v2\/media?parent=8074"}],"curies":[{"name":"wp","href":"https:\/\/api.w.org\/{rel}","templated":true}]}}